{"id":95,"date":"2018-12-20T15:33:49","date_gmt":"2018-12-20T14:33:49","guid":{"rendered":"https:\/\/www.devz2.com\/bafa-bafd\/?page_id=95"},"modified":"2019-04-30T17:49:29","modified_gmt":"2019-04-30T15:49:29","slug":"animer-en-acm","status":"publish","type":"page","link":"https:\/\/www.bafa-bafd.org\/bafa-bafd\/qui-sommes-nous-2\/animer-en-acm\/","title":{"rendered":"Animer en ACM"},"content":{"rendered":"<blockquote><p>L\u00e9o Lagrange n\u2019est pas qu\u2019organisme de formation BAFA\/BAFD. Nous organisons \u00e9galement et encadrons des accueil collectifs de mineurs (ACM) pour les enfants et les jeunes de 3 \u00e0 17 ans. Ces ACM permettent aux enfants de s\u2019y amuser, d\u2019y vivre leur temps de loisirs, mais pas que ! Les ACM ont une mission \u00e9ducative, compl\u00e9mentaire \u00e0 celles de la famille et de l\u2019\u00e9cole.<\/p><\/blockquote>\n<h2>La mission \u00e9ducative des Accueils collectifs de mineurs (ACM)<\/h2>\n<h3>Nos objectifs pour les enfants que nous accueillons :<\/h3>\n<ul>\n<li>les accueils collectifs de mineurs constituent un contexte id\u00e9al pour favoriser la vie de groupe dans une d\u00e9marche de socialisation des enfants et des jeunes ;<\/li>\n<li>Notre objectif est d\u2019y encourager la mixit\u00e9 sociale, culturelle et g\u00e9ographique ;<\/li>\n<li>Les accueils collectifs de mineurs permettent aux enfants de grandir !<\/li>\n<li>Chaque ann\u00e9e, un grand nombre d\u2019enfants n\u2019a pas la chance de partir en vacances.<br \/>\nNotre objectif est de privil\u00e9gier l\u2019acc\u00e8s aux vacances du plus grand nombre et offrir la possibilit\u00e9 de s\u2019\u00e9manciper sur le plan individuel et collectif, en permettant \u00e0 chaque enfant de se valoriser au sein du groupe ;<\/li>\n<\/ul>\n<p>Comment ? En leur proposant des activit\u00e9s \u00e9ducatives et culturelles dans lesquelles enfants et jeunes sont acteurs de leurs loisirs : d\u00e9couvrir en jouant, apprendre \u00e0 vivre ensemble, dans la richesse de nos diff\u00e9rences&#8230;<br \/>\nAinsi,<\/p>\n<ul>\n<li>Chaque enfant trouve sa place et s\u2019\u00e9panouit<\/li>\n<li>Chaque enfant est accompagn\u00e9 dans la d\u00e9couverte et la connaissance du monde gr\u00e2ce \u00e0 la prise d&rsquo;autonomie et de responsabilit\u00e9s<\/li>\n<li>Chaque enfant, chaque jeune est encourag\u00e9 \u00e0 s\u2019impliquer dans la vie de la Cit\u00e9<\/li>\n<li>R\u00e9pondre aux besoins et attentes des publics en utilisant les comp\u00e9tences de tous (synergie entre familles, partenaires institutionnels et associatifs, \u00e9lus,&#8230;).<\/li>\n<\/ul>\n<p><strong>Ni professeur, ni parent, l\u2019animateur est cependant un r\u00e9f\u00e9rent \u00e9ducatif \u00e0 part enti\u00e8re<\/strong> : le principe de la co\u00e9ducation guide ses actions qui s\u2019inscrivent en compl\u00e9ment de ce que vivent les enfants et les jeunes dans leur environnement, en associant la famille et l\u2019\u00e9cole.<\/p>\n<hr>\n<h2>Les interdictions d\u2019exercer<\/h2>\n<p><strong>Tout le monde peut-il exercer les missions d\u2019un animateur en ACM ? <\/strong><br \/>\nDans l\u2019int\u00e9r\u00eat du public mineur accueilli en ACM, et pour garantir sa s\u00e9curit\u00e9, la r\u00e9glementation pr\u00e9voit des cas sp\u00e9cifiques pour lesquels il n\u2019est pas possible de mener les missions d\u2019un animateur en ACM.<br \/>\nIl existe en fait deux sortes d\u2019 \u201cinterdictions d\u2019exercer\u201d, qui s\u2019appliquent d\u00e8s la seconde \u00e9tape du stage pratique puisque celle-ci se d\u00e9roule en ACM, avec les enfants et jeunes, en pleine responsabilit\u00e9.<\/p>\n<ul>\n<li>L\u2019\u00ab incapacit\u00e9 p\u00e9nale \u00bb, qui d\u00e9coule d\u2019une condamnations p\u00e9nale.<\/li>\n<li>La seconde est administrative, on la nomme \u201cinterdiction administrative d\u2019exercer\u201d.<\/li>\n<\/ul>\n<div class=\"encadre\">\n<h3 class=\"h3home\">En savoir plus<\/h3>\n<hr>\n<p>Consulte la fiche d\u00e9taill\u00e9e r\u00e9alis\u00e9e par David Leseigneur, sur son site : <a href=\"http:\/\/jurisanimation.com\" target=\"_blank\" rel=\"noopener noreferrer\">jurisanimation.com <\/a><\/p>\n<div><\/div>\n<\/div>\n","protected":false},"excerpt":{"rendered":"<p>L\u00e9o Lagrange n\u2019est pas qu\u2019organisme de formation BAFA\/BAFD. Nous organisons \u00e9galement et encadrons des accueil collectifs de mineurs (ACM) pour les enfants et les jeunes de 3 \u00e0 17 ans. Ces ACM permettent aux enfants de s\u2019y amuser, d\u2019y vivre leur temps de loisirs, mais pas que ! Les ACM ont une mission \u00e9ducative, compl\u00e9mentaire [&hellip;]<\/p>\n","protected":false},"author":1,"featured_media":0,"parent":364,"menu_order":13,"comment_status":"closed","ping_status":"closed","template":"gabarit.php","meta":{"footnotes":""},"class_list":["post-95","page","type-page","status-publish","hentry"],"yoast_head":"<!-- This site is optimized with the Yoast SEO plugin v27.3 - https:\/\/yoast.com\/product\/yoast-seo-wordpress\/ -->\n<title>Animer en accueils collectifs de mineurs (ACM)<\/title>\n<meta name=\"description\" content=\"La F\u00e9d\u00e9ration L\u00e9o Lagrange, organisme de formation BAFA BAFD, organise et encadre des accueils collectifs de mineurs (ACM) pour les 3-17 ans. Les ACM ont une mission \u00e9ducative, compl\u00e9mentaire \u00e0 celles de la famille et de l\u2019\u00e9cole.\" \/>\n<meta name=\"robots\" content=\"index, follow, max-snippet:-1, max-image-preview:large, max-video-preview:-1\" \/>\n<link rel=\"canonical\" href=\"https:\/\/www.bafa-bafd.org\/bafa-bafd\/qui-sommes-nous-2\/animer-en-acm\/\" \/>\n<meta property=\"og:locale\" content=\"fr_FR\" \/>\n<meta property=\"og:type\" content=\"article\" \/>\n<meta property=\"og:title\" content=\"Animer en accueils collectifs de mineurs (ACM)\" \/>\n<meta property=\"og:description\" content=\"La F\u00e9d\u00e9ration L\u00e9o Lagrange, organisme de formation BAFA BAFD, organise et encadre des accueils collectifs de mineurs (ACM) pour les 3-17 ans. Les ACM ont une mission \u00e9ducative, compl\u00e9mentaire \u00e0 celles de la famille et de l\u2019\u00e9cole.\" \/>\n<meta property=\"og:url\" content=\"https:\/\/www.bafa-bafd.org\/bafa-bafd\/qui-sommes-nous-2\/animer-en-acm\/\" \/>\n<meta property=\"og:site_name\" content=\"BAFA BAFD\" \/>\n<meta property=\"article:publisher\" content=\"https:\/\/www.facebook.com\/leobafanimation\/\" \/>\n<meta property=\"article:modified_time\" content=\"2019-04-30T15:49:29+00:00\" \/>\n<meta name=\"twitter:card\" content=\"summary_large_image\" \/>\n<meta name=\"twitter:label1\" content=\"Dur\u00e9e de lecture estim\u00e9e\" \/>\n\t<meta name=\"twitter:data1\" content=\"2 minutes\" \/>\n<script type=\"application\/ld+json\" class=\"yoast-schema-graph\">{\"@context\":\"https:\\\/\\\/schema.org\",\"@graph\":[{\"@type\":\"WebPage\",\"@id\":\"https:\\\/\\\/www.bafa-bafd.org\\\/bafa-bafd\\\/qui-sommes-nous-2\\\/animer-en-acm\\\/\",\"url\":\"https:\\\/\\\/www.bafa-bafd.org\\\/bafa-bafd\\\/qui-sommes-nous-2\\\/animer-en-acm\\\/\",\"name\":\"Animer en accueils collectifs de mineurs (ACM)\",\"isPartOf\":{\"@id\":\"https:\\\/\\\/www.bafa-bafd.org\\\/bafa-bafd\\\/#website\"},\"datePublished\":\"2018-12-20T14:33:49+00:00\",\"dateModified\":\"2019-04-30T15:49:29+00:00\",\"description\":\"La F\u00e9d\u00e9ration L\u00e9o Lagrange, organisme de formation BAFA BAFD, organise et encadre des accueils collectifs de mineurs (ACM) pour les 3-17 ans. Les ACM ont une mission \u00e9ducative, compl\u00e9mentaire \u00e0 celles de la famille et de l\u2019\u00e9cole.\",\"breadcrumb\":{\"@id\":\"https:\\\/\\\/www.bafa-bafd.org\\\/bafa-bafd\\\/qui-sommes-nous-2\\\/animer-en-acm\\\/#breadcrumb\"},\"inLanguage\":\"fr-FR\",\"potentialAction\":[{\"@type\":\"ReadAction\",\"target\":[\"https:\\\/\\\/www.bafa-bafd.org\\\/bafa-bafd\\\/qui-sommes-nous-2\\\/animer-en-acm\\\/\"]}]},{\"@type\":\"BreadcrumbList\",\"@id\":\"https:\\\/\\\/www.bafa-bafd.org\\\/bafa-bafd\\\/qui-sommes-nous-2\\\/animer-en-acm\\\/#breadcrumb\",\"itemListElement\":[{\"@type\":\"ListItem\",\"position\":1,\"name\":\"Accueil\",\"item\":\"\\\/\"},{\"@type\":\"ListItem\",\"position\":2,\"name\":\"QUI SOMMES NOUS ?\",\"item\":\"https:\\\/\\\/www.bafa-bafd.org\\\/bafa-bafd\\\/qui-sommes-nous-2\\\/\"},{\"@type\":\"ListItem\",\"position\":3,\"name\":\"Animer en ACM\"}]},{\"@type\":\"WebSite\",\"@id\":\"https:\\\/\\\/www.bafa-bafd.org\\\/bafa-bafd\\\/#website\",\"url\":\"https:\\\/\\\/www.bafa-bafd.org\\\/bafa-bafd\\\/\",\"name\":\"BAFA BAFD\",\"description\":\"Formations Bafa Bafd Lao Lagrange\",\"publisher\":{\"@id\":\"https:\\\/\\\/www.bafa-bafd.org\\\/bafa-bafd\\\/#organization\"},\"potentialAction\":[{\"@type\":\"SearchAction\",\"target\":{\"@type\":\"EntryPoint\",\"urlTemplate\":\"https:\\\/\\\/www.bafa-bafd.org\\\/bafa-bafd\\\/?s={search_term_string}\"},\"query-input\":{\"@type\":\"PropertyValueSpecification\",\"valueRequired\":true,\"valueName\":\"search_term_string\"}}],\"inLanguage\":\"fr-FR\"},{\"@type\":\"Organization\",\"@id\":\"https:\\\/\\\/www.bafa-bafd.org\\\/bafa-bafd\\\/#organization\",\"name\":\"L\u00e9o Lagrange\",\"url\":\"https:\\\/\\\/www.bafa-bafd.org\\\/bafa-bafd\\\/\",\"logo\":{\"@type\":\"ImageObject\",\"inLanguage\":\"fr-FR\",\"@id\":\"https:\\\/\\\/www.bafa-bafd.org\\\/bafa-bafd\\\/#\\\/schema\\\/logo\\\/image\\\/\",\"url\":\"https:\\\/\\\/www.bafa-bafd.org\\\/bafa-bafd\\\/wp-content\\\/uploads\\\/2023\\\/03\\\/logo-leo-lagrange.png\",\"contentUrl\":\"https:\\\/\\\/www.bafa-bafd.org\\\/bafa-bafd\\\/wp-content\\\/uploads\\\/2023\\\/03\\\/logo-leo-lagrange.png\",\"width\":166,\"height\":133,\"caption\":\"L\u00e9o Lagrange\"},\"image\":{\"@id\":\"https:\\\/\\\/www.bafa-bafd.org\\\/bafa-bafd\\\/#\\\/schema\\\/logo\\\/image\\\/\"},\"sameAs\":[\"https:\\\/\\\/www.facebook.com\\\/leobafanimation\\\/\"]}]}<\/script>\n<!-- \/ Yoast SEO plugin. -->","yoast_head_json":{"title":"Animer en accueils collectifs de mineurs (ACM)","description":"La F\u00e9d\u00e9ration L\u00e9o Lagrange, organisme de formation BAFA BAFD, organise et encadre des accueils collectifs de mineurs (ACM) pour les 3-17 ans. Les ACM ont une mission \u00e9ducative, compl\u00e9mentaire \u00e0 celles de la famille et de l\u2019\u00e9cole.","robots":{"index":"index","follow":"follow","max-snippet":"max-snippet:-1","max-image-preview":"max-image-preview:large","max-video-preview":"max-video-preview:-1"},"canonical":"https:\/\/www.bafa-bafd.org\/bafa-bafd\/qui-sommes-nous-2\/animer-en-acm\/","og_locale":"fr_FR","og_type":"article","og_title":"Animer en accueils collectifs de mineurs (ACM)","og_description":"La F\u00e9d\u00e9ration L\u00e9o Lagrange, organisme de formation BAFA BAFD, organise et encadre des accueils collectifs de mineurs (ACM) pour les 3-17 ans. Les ACM ont une mission \u00e9ducative, compl\u00e9mentaire \u00e0 celles de la famille et de l\u2019\u00e9cole.","og_url":"https:\/\/www.bafa-bafd.org\/bafa-bafd\/qui-sommes-nous-2\/animer-en-acm\/","og_site_name":"BAFA BAFD","article_publisher":"https:\/\/www.facebook.com\/leobafanimation\/","article_modified_time":"2019-04-30T15:49:29+00:00","twitter_card":"summary_large_image","twitter_misc":{"Dur\u00e9e de lecture estim\u00e9e":"2 minutes"},"schema":{"@context":"https:\/\/schema.org","@graph":[{"@type":"WebPage","@id":"https:\/\/www.bafa-bafd.org\/bafa-bafd\/qui-sommes-nous-2\/animer-en-acm\/","url":"https:\/\/www.bafa-bafd.org\/bafa-bafd\/qui-sommes-nous-2\/animer-en-acm\/","name":"Animer en accueils collectifs de mineurs (ACM)","isPartOf":{"@id":"https:\/\/www.bafa-bafd.org\/bafa-bafd\/#website"},"datePublished":"2018-12-20T14:33:49+00:00","dateModified":"2019-04-30T15:49:29+00:00","description":"La F\u00e9d\u00e9ration L\u00e9o Lagrange, organisme de formation BAFA BAFD, organise et encadre des accueils collectifs de mineurs (ACM) pour les 3-17 ans. Les ACM ont une mission \u00e9ducative, compl\u00e9mentaire \u00e0 celles de la famille et de l\u2019\u00e9cole.","breadcrumb":{"@id":"https:\/\/www.bafa-bafd.org\/bafa-bafd\/qui-sommes-nous-2\/animer-en-acm\/#breadcrumb"},"inLanguage":"fr-FR","potentialAction":[{"@type":"ReadAction","target":["https:\/\/www.bafa-bafd.org\/bafa-bafd\/qui-sommes-nous-2\/animer-en-acm\/"]}]},{"@type":"BreadcrumbList","@id":"https:\/\/www.bafa-bafd.org\/bafa-bafd\/qui-sommes-nous-2\/animer-en-acm\/#breadcrumb","itemListElement":[{"@type":"ListItem","position":1,"name":"Accueil","item":"\/"},{"@type":"ListItem","position":2,"name":"QUI SOMMES NOUS ?","item":"https:\/\/www.bafa-bafd.org\/bafa-bafd\/qui-sommes-nous-2\/"},{"@type":"ListItem","position":3,"name":"Animer en ACM"}]},{"@type":"WebSite","@id":"https:\/\/www.bafa-bafd.org\/bafa-bafd\/#website","url":"https:\/\/www.bafa-bafd.org\/bafa-bafd\/","name":"BAFA BAFD","description":"Formations Bafa Bafd Lao Lagrange","publisher":{"@id":"https:\/\/www.bafa-bafd.org\/bafa-bafd\/#organization"},"potentialAction":[{"@type":"SearchAction","target":{"@type":"EntryPoint","urlTemplate":"https:\/\/www.bafa-bafd.org\/bafa-bafd\/?s={search_term_string}"},"query-input":{"@type":"PropertyValueSpecification","valueRequired":true,"valueName":"search_term_string"}}],"inLanguage":"fr-FR"},{"@type":"Organization","@id":"https:\/\/www.bafa-bafd.org\/bafa-bafd\/#organization","name":"L\u00e9o Lagrange","url":"https:\/\/www.bafa-bafd.org\/bafa-bafd\/","logo":{"@type":"ImageObject","inLanguage":"fr-FR","@id":"https:\/\/www.bafa-bafd.org\/bafa-bafd\/#\/schema\/logo\/image\/","url":"https:\/\/www.bafa-bafd.org\/bafa-bafd\/wp-content\/uploads\/2023\/03\/logo-leo-lagrange.png","contentUrl":"https:\/\/www.bafa-bafd.org\/bafa-bafd\/wp-content\/uploads\/2023\/03\/logo-leo-lagrange.png","width":166,"height":133,"caption":"L\u00e9o Lagrange"},"image":{"@id":"https:\/\/www.bafa-bafd.org\/bafa-bafd\/#\/schema\/logo\/image\/"},"sameAs":["https:\/\/www.facebook.com\/leobafanimation\/"]}]}},"_links":{"self":[{"href":"https:\/\/www.bafa-bafd.org\/bafa-bafd\/wp-json\/wp\/v2\/pages\/95","targetHints":{"allow":["GET"]}}],"collection":[{"href":"https:\/\/www.bafa-bafd.org\/bafa-bafd\/wp-json\/wp\/v2\/pages"}],"about":[{"href":"https:\/\/www.bafa-bafd.org\/bafa-bafd\/wp-json\/wp\/v2\/types\/page"}],"author":[{"embeddable":true,"href":"https:\/\/www.bafa-bafd.org\/bafa-bafd\/wp-json\/wp\/v2\/users\/1"}],"replies":[{"embeddable":true,"href":"https:\/\/www.bafa-bafd.org\/bafa-bafd\/wp-json\/wp\/v2\/comments?post=95"}],"version-history":[{"count":10,"href":"https:\/\/www.bafa-bafd.org\/bafa-bafd\/wp-json\/wp\/v2\/pages\/95\/revisions"}],"predecessor-version":[{"id":371,"href":"https:\/\/www.bafa-bafd.org\/bafa-bafd\/wp-json\/wp\/v2\/pages\/95\/revisions\/371"}],"up":[{"embeddable":true,"href":"https:\/\/www.bafa-bafd.org\/bafa-bafd\/wp-json\/wp\/v2\/pages\/364"}],"wp:attachment":[{"href":"https:\/\/www.bafa-bafd.org\/bafa-bafd\/wp-json\/wp\/v2\/media?parent=95"}],"curies":[{"name":"wp","href":"https:\/\/api.w.org\/{rel}","templated":true}]}}