{"id":73,"date":"2018-12-20T12:00:41","date_gmt":"2018-12-20T11:00:41","guid":{"rendered":"https:\/\/www.devz2.com\/bafa-bafd\/?page_id=73"},"modified":"2025-03-27T15:40:49","modified_gmt":"2025-03-27T14:40:49","slug":"trouver-un-stage-emploi","status":"publish","type":"page","link":"https:\/\/www.bafa-bafd.org\/bafa-bafd\/infos-pratiques\/trouver-un-stage-emploi\/","title":{"rendered":"Trouver un stage\/emploi"},"content":{"rendered":"\r\n<blockquote>\r\n<p>La F\u00e9d\u00e9ration L\u00e9o Lagrange forme au BAFA et au BAFD mais c\u2019est aussi et surtout une grande association d\u2019\u00e9ducation populaire reconnue d\u2019utilit\u00e9 publique dont le m\u00e9tier est l\u2019animation.<\/p>\r\n<\/blockquote>\r\n<p>Avec 300 sites d\u2019activit\u00e9s dans toute la France, 40 000 enfants accueillis quotidiennement et pr\u00e8s de 7000 salari\u00e9.e.s, nous sommes en mesure d\u2019accompagner ta recherche de stage et d\u2019emploi !<br><strong>Tu recherches un stage pratique ou un poste dans l\u2019animation volontaire et occasionnelle ? Tu souhaites d\u00e9poser une candidature spontan\u00e9e ?<\/strong><br>L\u2019espace <a href=\"http:\/\/leolagrange-recrutement.org\/leojob\/\" target=\"_blank\" rel=\"noopener noreferrer\">L\u00e9o Job animation<\/a> te donne acc\u00e8s aux stages pratiques et aux postes d\u2019animateurs volontaires, en contrat d\u2019engagement \u00e9ducatif (CEE), propos\u00e9s par les structures d\u2019accueils L\u00e9o Lagrange (accueils de loisirs, accueils jeunes, p\u00e9riscolaire\u2026) et ce, dans toute la France !<\/p>\r\n<p>Nous recherchons \u00e9galement toute l\u2019ann\u00e9e des formateurs BAFA\/BAFD, n\u2019h\u00e9site pas \u00e0 d\u00e9poser ta candidature spontan\u00e9e !<\/p>\r\n<p><strong>Tu es \u00e0 la recherche d\u2019un poste permanent ? L\u00e9o Lagrange recrute des animateurs et directeurs toute l\u2019ann\u00e9e<\/strong> pour ses structures <strong>enfance<\/strong> (p\u00e9riscolaire, ALSH, &#8230;), ses structures et programmes <strong>jeunesse<\/strong> (cellules d\u2019appui aux projets, p\u00e9pini\u00e8res d\u2019initiatives, lutte contre les discriminations, formations BAFA-BAFD, volontariat europ\u00e9en, chantiers internationaux&#8230;) et ses structures recevant <strong>adultes et familles<\/strong> (centres sociaux, maisons de quartier, pour tous, centres socioculturels&#8230;).<\/p>\r\n<div class=\"encadre\">\r\n<h3 class=\"h3home\">A bient\u00f4t sur<\/h3> <a href=\"https:\/\/www.leolagrange-recrute.fr\/\" target=\"_blank\" rel=\"noopener noreferrer\">www.leolagrange-recrute.fr\/<\/a> !\r\n<\/div>\r\n","protected":false},"excerpt":{"rendered":"<p>La F\u00e9d\u00e9ration L\u00e9o Lagrange forme au BAFA et au BAFD mais c\u2019est aussi et surtout une grande association d\u2019\u00e9ducation populaire reconnue d\u2019utilit\u00e9 publique dont le m\u00e9tier est l\u2019animation. Avec 300 sites d\u2019activit\u00e9s dans toute la France, 40 000 enfants accueillis quotidiennement et pr\u00e8s de 7000 salari\u00e9.e.s, nous sommes en mesure d\u2019accompagner ta recherche de stage [&hellip;]<\/p>\n","protected":false},"author":1,"featured_media":0,"parent":382,"menu_order":50,"comment_status":"closed","ping_status":"closed","template":"gabarit.php","meta":{"footnotes":""},"class_list":["post-73","page","type-page","status-publish","hentry"],"yoast_head":"<!-- This site is optimized with the Yoast SEO plugin v27.5 - https:\/\/yoast.com\/product\/yoast-seo-wordpress\/ -->\n<title>Stage Emploi BAFA BAFD<\/title>\n<meta name=\"description\" content=\"Avec ta formation BAFA BAFD, trouve un stage ou un emploi avec L\u00e9o Lagrange : stage pratique ou poste dans l\u2019animation volontaire et occasionnelle, animateur et directeurs de structures enfance\" \/>\n<meta name=\"robots\" content=\"index, follow, max-snippet:-1, max-image-preview:large, max-video-preview:-1\" \/>\n<link rel=\"canonical\" href=\"https:\/\/www.bafa-bafd.org\/bafa-bafd\/infos-pratiques\/trouver-un-stage-emploi\/\" \/>\n<meta property=\"og:locale\" content=\"fr_FR\" \/>\n<meta property=\"og:type\" content=\"article\" \/>\n<meta property=\"og:title\" content=\"Stage Emploi BAFA BAFD\" \/>\n<meta property=\"og:description\" content=\"Avec ta formation BAFA BAFD, trouve un stage ou un emploi avec L\u00e9o Lagrange : stage pratique ou poste dans l\u2019animation volontaire et occasionnelle, animateur et directeurs de structures enfance\" \/>\n<meta property=\"og:url\" content=\"https:\/\/www.bafa-bafd.org\/bafa-bafd\/infos-pratiques\/trouver-un-stage-emploi\/\" \/>\n<meta property=\"og:site_name\" content=\"BAFA BAFD\" \/>\n<meta property=\"article:publisher\" content=\"https:\/\/www.facebook.com\/leobafanimation\/\" \/>\n<meta property=\"article:modified_time\" content=\"2025-03-27T14:40:49+00:00\" \/>\n<meta name=\"twitter:card\" content=\"summary_large_image\" \/>\n<meta name=\"twitter:label1\" content=\"Dur\u00e9e de lecture estim\u00e9e\" \/>\n\t<meta name=\"twitter:data1\" content=\"1 minute\" \/>\n<script type=\"application\/ld+json\" class=\"yoast-schema-graph\">{\"@context\":\"https:\\\/\\\/schema.org\",\"@graph\":[{\"@type\":\"WebPage\",\"@id\":\"https:\\\/\\\/www.bafa-bafd.org\\\/bafa-bafd\\\/infos-pratiques\\\/trouver-un-stage-emploi\\\/\",\"url\":\"https:\\\/\\\/www.bafa-bafd.org\\\/bafa-bafd\\\/infos-pratiques\\\/trouver-un-stage-emploi\\\/\",\"name\":\"Stage Emploi BAFA BAFD\",\"isPartOf\":{\"@id\":\"https:\\\/\\\/www.bafa-bafd.org\\\/bafa-bafd\\\/#website\"},\"datePublished\":\"2018-12-20T11:00:41+00:00\",\"dateModified\":\"2025-03-27T14:40:49+00:00\",\"description\":\"Avec ta formation BAFA BAFD, trouve un stage ou un emploi avec L\u00e9o Lagrange : stage pratique ou poste dans l\u2019animation volontaire et occasionnelle, animateur et directeurs de structures enfance\",\"breadcrumb\":{\"@id\":\"https:\\\/\\\/www.bafa-bafd.org\\\/bafa-bafd\\\/infos-pratiques\\\/trouver-un-stage-emploi\\\/#breadcrumb\"},\"inLanguage\":\"fr-FR\",\"potentialAction\":[{\"@type\":\"ReadAction\",\"target\":[\"https:\\\/\\\/www.bafa-bafd.org\\\/bafa-bafd\\\/infos-pratiques\\\/trouver-un-stage-emploi\\\/\"]}]},{\"@type\":\"BreadcrumbList\",\"@id\":\"https:\\\/\\\/www.bafa-bafd.org\\\/bafa-bafd\\\/infos-pratiques\\\/trouver-un-stage-emploi\\\/#breadcrumb\",\"itemListElement\":[{\"@type\":\"ListItem\",\"position\":1,\"name\":\"Accueil\",\"item\":\"\\\/\"},{\"@type\":\"ListItem\",\"position\":2,\"name\":\"INFOS PRATIQUES\",\"item\":\"https:\\\/\\\/www.bafa-bafd.org\\\/bafa-bafd\\\/infos-pratiques\\\/\"},{\"@type\":\"ListItem\",\"position\":3,\"name\":\"Trouver un stage\\\/emploi\"}]},{\"@type\":\"WebSite\",\"@id\":\"https:\\\/\\\/www.bafa-bafd.org\\\/bafa-bafd\\\/#website\",\"url\":\"https:\\\/\\\/www.bafa-bafd.org\\\/bafa-bafd\\\/\",\"name\":\"BAFA BAFD\",\"description\":\"Formations Bafa Bafd Lao Lagrange\",\"publisher\":{\"@id\":\"https:\\\/\\\/www.bafa-bafd.org\\\/bafa-bafd\\\/#organization\"},\"potentialAction\":[{\"@type\":\"SearchAction\",\"target\":{\"@type\":\"EntryPoint\",\"urlTemplate\":\"https:\\\/\\\/www.bafa-bafd.org\\\/bafa-bafd\\\/?s={search_term_string}\"},\"query-input\":{\"@type\":\"PropertyValueSpecification\",\"valueRequired\":true,\"valueName\":\"search_term_string\"}}],\"inLanguage\":\"fr-FR\"},{\"@type\":\"Organization\",\"@id\":\"https:\\\/\\\/www.bafa-bafd.org\\\/bafa-bafd\\\/#organization\",\"name\":\"L\u00e9o Lagrange\",\"url\":\"https:\\\/\\\/www.bafa-bafd.org\\\/bafa-bafd\\\/\",\"logo\":{\"@type\":\"ImageObject\",\"inLanguage\":\"fr-FR\",\"@id\":\"https:\\\/\\\/www.bafa-bafd.org\\\/bafa-bafd\\\/#\\\/schema\\\/logo\\\/image\\\/\",\"url\":\"https:\\\/\\\/www.bafa-bafd.org\\\/bafa-bafd\\\/wp-content\\\/uploads\\\/2023\\\/03\\\/logo-leo-lagrange.png\",\"contentUrl\":\"https:\\\/\\\/www.bafa-bafd.org\\\/bafa-bafd\\\/wp-content\\\/uploads\\\/2023\\\/03\\\/logo-leo-lagrange.png\",\"width\":166,\"height\":133,\"caption\":\"L\u00e9o Lagrange\"},\"image\":{\"@id\":\"https:\\\/\\\/www.bafa-bafd.org\\\/bafa-bafd\\\/#\\\/schema\\\/logo\\\/image\\\/\"},\"sameAs\":[\"https:\\\/\\\/www.facebook.com\\\/leobafanimation\\\/\"]}]}<\/script>\n<!-- \/ Yoast SEO plugin. -->","yoast_head_json":{"title":"Stage Emploi BAFA BAFD","description":"Avec ta formation BAFA BAFD, trouve un stage ou un emploi avec L\u00e9o Lagrange : stage pratique ou poste dans l\u2019animation volontaire et occasionnelle, animateur et directeurs de structures enfance","robots":{"index":"index","follow":"follow","max-snippet":"max-snippet:-1","max-image-preview":"max-image-preview:large","max-video-preview":"max-video-preview:-1"},"canonical":"https:\/\/www.bafa-bafd.org\/bafa-bafd\/infos-pratiques\/trouver-un-stage-emploi\/","og_locale":"fr_FR","og_type":"article","og_title":"Stage Emploi BAFA BAFD","og_description":"Avec ta formation BAFA BAFD, trouve un stage ou un emploi avec L\u00e9o Lagrange : stage pratique ou poste dans l\u2019animation volontaire et occasionnelle, animateur et directeurs de structures enfance","og_url":"https:\/\/www.bafa-bafd.org\/bafa-bafd\/infos-pratiques\/trouver-un-stage-emploi\/","og_site_name":"BAFA BAFD","article_publisher":"https:\/\/www.facebook.com\/leobafanimation\/","article_modified_time":"2025-03-27T14:40:49+00:00","twitter_card":"summary_large_image","twitter_misc":{"Dur\u00e9e de lecture estim\u00e9e":"1 minute"},"schema":{"@context":"https:\/\/schema.org","@graph":[{"@type":"WebPage","@id":"https:\/\/www.bafa-bafd.org\/bafa-bafd\/infos-pratiques\/trouver-un-stage-emploi\/","url":"https:\/\/www.bafa-bafd.org\/bafa-bafd\/infos-pratiques\/trouver-un-stage-emploi\/","name":"Stage Emploi BAFA BAFD","isPartOf":{"@id":"https:\/\/www.bafa-bafd.org\/bafa-bafd\/#website"},"datePublished":"2018-12-20T11:00:41+00:00","dateModified":"2025-03-27T14:40:49+00:00","description":"Avec ta formation BAFA BAFD, trouve un stage ou un emploi avec L\u00e9o Lagrange : stage pratique ou poste dans l\u2019animation volontaire et occasionnelle, animateur et directeurs de structures enfance","breadcrumb":{"@id":"https:\/\/www.bafa-bafd.org\/bafa-bafd\/infos-pratiques\/trouver-un-stage-emploi\/#breadcrumb"},"inLanguage":"fr-FR","potentialAction":[{"@type":"ReadAction","target":["https:\/\/www.bafa-bafd.org\/bafa-bafd\/infos-pratiques\/trouver-un-stage-emploi\/"]}]},{"@type":"BreadcrumbList","@id":"https:\/\/www.bafa-bafd.org\/bafa-bafd\/infos-pratiques\/trouver-un-stage-emploi\/#breadcrumb","itemListElement":[{"@type":"ListItem","position":1,"name":"Accueil","item":"\/"},{"@type":"ListItem","position":2,"name":"INFOS PRATIQUES","item":"https:\/\/www.bafa-bafd.org\/bafa-bafd\/infos-pratiques\/"},{"@type":"ListItem","position":3,"name":"Trouver un stage\/emploi"}]},{"@type":"WebSite","@id":"https:\/\/www.bafa-bafd.org\/bafa-bafd\/#website","url":"https:\/\/www.bafa-bafd.org\/bafa-bafd\/","name":"BAFA BAFD","description":"Formations Bafa Bafd Lao Lagrange","publisher":{"@id":"https:\/\/www.bafa-bafd.org\/bafa-bafd\/#organization"},"potentialAction":[{"@type":"SearchAction","target":{"@type":"EntryPoint","urlTemplate":"https:\/\/www.bafa-bafd.org\/bafa-bafd\/?s={search_term_string}"},"query-input":{"@type":"PropertyValueSpecification","valueRequired":true,"valueName":"search_term_string"}}],"inLanguage":"fr-FR"},{"@type":"Organization","@id":"https:\/\/www.bafa-bafd.org\/bafa-bafd\/#organization","name":"L\u00e9o Lagrange","url":"https:\/\/www.bafa-bafd.org\/bafa-bafd\/","logo":{"@type":"ImageObject","inLanguage":"fr-FR","@id":"https:\/\/www.bafa-bafd.org\/bafa-bafd\/#\/schema\/logo\/image\/","url":"https:\/\/www.bafa-bafd.org\/bafa-bafd\/wp-content\/uploads\/2023\/03\/logo-leo-lagrange.png","contentUrl":"https:\/\/www.bafa-bafd.org\/bafa-bafd\/wp-content\/uploads\/2023\/03\/logo-leo-lagrange.png","width":166,"height":133,"caption":"L\u00e9o Lagrange"},"image":{"@id":"https:\/\/www.bafa-bafd.org\/bafa-bafd\/#\/schema\/logo\/image\/"},"sameAs":["https:\/\/www.facebook.com\/leobafanimation\/"]}]}},"_links":{"self":[{"href":"https:\/\/www.bafa-bafd.org\/bafa-bafd\/wp-json\/wp\/v2\/pages\/73","targetHints":{"allow":["GET"]}}],"collection":[{"href":"https:\/\/www.bafa-bafd.org\/bafa-bafd\/wp-json\/wp\/v2\/pages"}],"about":[{"href":"https:\/\/www.bafa-bafd.org\/bafa-bafd\/wp-json\/wp\/v2\/types\/page"}],"author":[{"embeddable":true,"href":"https:\/\/www.bafa-bafd.org\/bafa-bafd\/wp-json\/wp\/v2\/users\/1"}],"replies":[{"embeddable":true,"href":"https:\/\/www.bafa-bafd.org\/bafa-bafd\/wp-json\/wp\/v2\/comments?post=73"}],"version-history":[{"count":8,"href":"https:\/\/www.bafa-bafd.org\/bafa-bafd\/wp-json\/wp\/v2\/pages\/73\/revisions"}],"predecessor-version":[{"id":717,"href":"https:\/\/www.bafa-bafd.org\/bafa-bafd\/wp-json\/wp\/v2\/pages\/73\/revisions\/717"}],"up":[{"embeddable":true,"href":"https:\/\/www.bafa-bafd.org\/bafa-bafd\/wp-json\/wp\/v2\/pages\/382"}],"wp:attachment":[{"href":"https:\/\/www.bafa-bafd.org\/bafa-bafd\/wp-json\/wp\/v2\/media?parent=73"}],"curies":[{"name":"wp","href":"https:\/\/api.w.org\/{rel}","templated":true}]}}