{"id":70,"date":"2018-12-20T11:57:48","date_gmt":"2018-12-20T10:57:48","guid":{"rendered":"https:\/\/www.devz2.com\/bafa-bafd\/?page_id=70"},"modified":"2019-03-27T07:46:48","modified_gmt":"2019-03-27T06:46:48","slug":"loffre-pack-bafa-bafd","status":"publish","type":"page","link":"https:\/\/www.bafa-bafd.org\/bafa-bafd\/infos-pratiques\/loffre-pack-bafa-bafd\/","title":{"rendered":"L\u2019offre pack BAFA-BAFD"},"content":{"rendered":"<blockquote><p><strong>T<\/strong>u as d\u00e9j\u00e0 pass\u00e9 ta formation g\u00e9n\u00e9rale BAFA ou BAFD avec L\u00e9o Lagrange ?<br \/>\nPoursuis ta formation avec nous et b\u00e9n\u00e9ficie de 35 \u20ac de r\u00e9duction sur ton appro BAFA ou le perfectionnement BAFD !<\/p><\/blockquote>\n<hr>\n<h2>PACK BAFA<\/h2>\n<p>Tu as pass\u00e9 ta formation BAFA \u00e9tape 1 avec nous ?<br \/>\nSi tu choisis de terminer ton cursus au sein de notre organisme, alors, b\u00e9n\u00e9ficie d\u2019une r\u00e9duction de 35\u20ac sur ton approfondissement. Au moment de ton inscription en approfondissement, coche simplement la case \u00ab Pack BAFA \u00bb sur ta fiche d\u2019inscription !<\/p>\n<hr>\n<h2>PACK BAFD<\/h2>\n<p>Tu t\u2019es form\u00e9.e au BAFD avec L\u00e9o lagrange pour la formation g\u00e9n\u00e9rale BAFD ? Pour ta session de perfectionnement avec nous, profite d\u2019une r\u00e9duction de 35\u20ac.<br \/>\nAu moment de ton inscription en perfectionnement, coche simplement la case \u00ab Pack BAFD \u00bb sur ta fiche d\u2019inscription !<br \/>\nPetit BONUS : tu as pass\u00e9 ton BAFA approfondissement chez nous et tu entames ton BAFD \u00e0 L\u00e9o Lagrange ? &#8211; 35 euros sur le prix de ton BAFD \u00e9tape 1 !<\/p>\n","protected":false},"excerpt":{"rendered":"<p>Tu as d\u00e9j\u00e0 pass\u00e9 ta formation g\u00e9n\u00e9rale BAFA ou BAFD avec L\u00e9o Lagrange ? Poursuis ta formation avec nous et b\u00e9n\u00e9ficie de 35 \u20ac de r\u00e9duction sur ton appro BAFA ou le perfectionnement BAFD ! PACK BAFA Tu as pass\u00e9 ta formation BAFA \u00e9tape 1 avec nous ? Si tu choisis de terminer ton cursus [&hellip;]<\/p>\n","protected":false},"author":1,"featured_media":0,"parent":382,"menu_order":50,"comment_status":"closed","ping_status":"closed","template":"gabarit.php","meta":{"footnotes":""},"class_list":["post-70","page","type-page","status-publish","hentry"],"yoast_head":"<!-- This site is optimized with the Yoast SEO plugin v27.4 - https:\/\/yoast.com\/product\/yoast-seo-wordpress\/ -->\n<title>Pack BAFA BAFD<\/title>\n<meta name=\"description\" content=\"Gr\u00e2ce au Pack BAFA BAFD L\u00e9o Lagrange, b\u00e9n\u00e9ficie d&#039;une remise \u00e0 partir de la 2\u00e8me formation BAFA BAFD L\u00e9o Lagrange\" \/>\n<meta name=\"robots\" content=\"index, follow, max-snippet:-1, max-image-preview:large, max-video-preview:-1\" \/>\n<link rel=\"canonical\" href=\"https:\/\/www.bafa-bafd.org\/bafa-bafd\/infos-pratiques\/loffre-pack-bafa-bafd\/\" \/>\n<meta property=\"og:locale\" content=\"fr_FR\" \/>\n<meta property=\"og:type\" content=\"article\" \/>\n<meta property=\"og:title\" content=\"Pack BAFA BAFD\" \/>\n<meta property=\"og:description\" content=\"Gr\u00e2ce au Pack BAFA BAFD L\u00e9o Lagrange, b\u00e9n\u00e9ficie d&#039;une remise \u00e0 partir de la 2\u00e8me formation BAFA BAFD L\u00e9o Lagrange\" \/>\n<meta property=\"og:url\" content=\"https:\/\/www.bafa-bafd.org\/bafa-bafd\/infos-pratiques\/loffre-pack-bafa-bafd\/\" \/>\n<meta property=\"og:site_name\" content=\"BAFA BAFD\" \/>\n<meta property=\"article:publisher\" content=\"https:\/\/www.facebook.com\/leobafanimation\/\" \/>\n<meta property=\"article:modified_time\" content=\"2019-03-27T06:46:48+00:00\" \/>\n<meta name=\"twitter:card\" content=\"summary_large_image\" \/>\n<meta name=\"twitter:label1\" content=\"Dur\u00e9e de lecture estim\u00e9e\" \/>\n\t<meta name=\"twitter:data1\" content=\"1 minute\" \/>\n<script type=\"application\/ld+json\" class=\"yoast-schema-graph\">{\"@context\":\"https:\\\/\\\/schema.org\",\"@graph\":[{\"@type\":\"WebPage\",\"@id\":\"https:\\\/\\\/www.bafa-bafd.org\\\/bafa-bafd\\\/infos-pratiques\\\/loffre-pack-bafa-bafd\\\/\",\"url\":\"https:\\\/\\\/www.bafa-bafd.org\\\/bafa-bafd\\\/infos-pratiques\\\/loffre-pack-bafa-bafd\\\/\",\"name\":\"Pack BAFA BAFD\",\"isPartOf\":{\"@id\":\"https:\\\/\\\/www.bafa-bafd.org\\\/bafa-bafd\\\/#website\"},\"datePublished\":\"2018-12-20T10:57:48+00:00\",\"dateModified\":\"2019-03-27T06:46:48+00:00\",\"description\":\"Gr\u00e2ce au Pack BAFA BAFD L\u00e9o Lagrange, b\u00e9n\u00e9ficie d'une remise \u00e0 partir de la 2\u00e8me formation BAFA BAFD L\u00e9o Lagrange\",\"breadcrumb\":{\"@id\":\"https:\\\/\\\/www.bafa-bafd.org\\\/bafa-bafd\\\/infos-pratiques\\\/loffre-pack-bafa-bafd\\\/#breadcrumb\"},\"inLanguage\":\"fr-FR\",\"potentialAction\":[{\"@type\":\"ReadAction\",\"target\":[\"https:\\\/\\\/www.bafa-bafd.org\\\/bafa-bafd\\\/infos-pratiques\\\/loffre-pack-bafa-bafd\\\/\"]}]},{\"@type\":\"BreadcrumbList\",\"@id\":\"https:\\\/\\\/www.bafa-bafd.org\\\/bafa-bafd\\\/infos-pratiques\\\/loffre-pack-bafa-bafd\\\/#breadcrumb\",\"itemListElement\":[{\"@type\":\"ListItem\",\"position\":1,\"name\":\"Accueil\",\"item\":\"\\\/\"},{\"@type\":\"ListItem\",\"position\":2,\"name\":\"INFOS PRATIQUES\",\"item\":\"https:\\\/\\\/www.bafa-bafd.org\\\/bafa-bafd\\\/infos-pratiques\\\/\"},{\"@type\":\"ListItem\",\"position\":3,\"name\":\"L\u2019offre pack BAFA-BAFD\"}]},{\"@type\":\"WebSite\",\"@id\":\"https:\\\/\\\/www.bafa-bafd.org\\\/bafa-bafd\\\/#website\",\"url\":\"https:\\\/\\\/www.bafa-bafd.org\\\/bafa-bafd\\\/\",\"name\":\"BAFA BAFD\",\"description\":\"Formations Bafa Bafd Lao Lagrange\",\"publisher\":{\"@id\":\"https:\\\/\\\/www.bafa-bafd.org\\\/bafa-bafd\\\/#organization\"},\"potentialAction\":[{\"@type\":\"SearchAction\",\"target\":{\"@type\":\"EntryPoint\",\"urlTemplate\":\"https:\\\/\\\/www.bafa-bafd.org\\\/bafa-bafd\\\/?s={search_term_string}\"},\"query-input\":{\"@type\":\"PropertyValueSpecification\",\"valueRequired\":true,\"valueName\":\"search_term_string\"}}],\"inLanguage\":\"fr-FR\"},{\"@type\":\"Organization\",\"@id\":\"https:\\\/\\\/www.bafa-bafd.org\\\/bafa-bafd\\\/#organization\",\"name\":\"L\u00e9o Lagrange\",\"url\":\"https:\\\/\\\/www.bafa-bafd.org\\\/bafa-bafd\\\/\",\"logo\":{\"@type\":\"ImageObject\",\"inLanguage\":\"fr-FR\",\"@id\":\"https:\\\/\\\/www.bafa-bafd.org\\\/bafa-bafd\\\/#\\\/schema\\\/logo\\\/image\\\/\",\"url\":\"https:\\\/\\\/www.bafa-bafd.org\\\/bafa-bafd\\\/wp-content\\\/uploads\\\/2023\\\/03\\\/logo-leo-lagrange.png\",\"contentUrl\":\"https:\\\/\\\/www.bafa-bafd.org\\\/bafa-bafd\\\/wp-content\\\/uploads\\\/2023\\\/03\\\/logo-leo-lagrange.png\",\"width\":166,\"height\":133,\"caption\":\"L\u00e9o Lagrange\"},\"image\":{\"@id\":\"https:\\\/\\\/www.bafa-bafd.org\\\/bafa-bafd\\\/#\\\/schema\\\/logo\\\/image\\\/\"},\"sameAs\":[\"https:\\\/\\\/www.facebook.com\\\/leobafanimation\\\/\"]}]}<\/script>\n<!-- \/ Yoast SEO plugin. -->","yoast_head_json":{"title":"Pack BAFA BAFD","description":"Gr\u00e2ce au Pack BAFA BAFD L\u00e9o Lagrange, b\u00e9n\u00e9ficie d'une remise \u00e0 partir de la 2\u00e8me formation BAFA BAFD L\u00e9o Lagrange","robots":{"index":"index","follow":"follow","max-snippet":"max-snippet:-1","max-image-preview":"max-image-preview:large","max-video-preview":"max-video-preview:-1"},"canonical":"https:\/\/www.bafa-bafd.org\/bafa-bafd\/infos-pratiques\/loffre-pack-bafa-bafd\/","og_locale":"fr_FR","og_type":"article","og_title":"Pack BAFA BAFD","og_description":"Gr\u00e2ce au Pack BAFA BAFD L\u00e9o Lagrange, b\u00e9n\u00e9ficie d'une remise \u00e0 partir de la 2\u00e8me formation BAFA BAFD L\u00e9o Lagrange","og_url":"https:\/\/www.bafa-bafd.org\/bafa-bafd\/infos-pratiques\/loffre-pack-bafa-bafd\/","og_site_name":"BAFA BAFD","article_publisher":"https:\/\/www.facebook.com\/leobafanimation\/","article_modified_time":"2019-03-27T06:46:48+00:00","twitter_card":"summary_large_image","twitter_misc":{"Dur\u00e9e de lecture estim\u00e9e":"1 minute"},"schema":{"@context":"https:\/\/schema.org","@graph":[{"@type":"WebPage","@id":"https:\/\/www.bafa-bafd.org\/bafa-bafd\/infos-pratiques\/loffre-pack-bafa-bafd\/","url":"https:\/\/www.bafa-bafd.org\/bafa-bafd\/infos-pratiques\/loffre-pack-bafa-bafd\/","name":"Pack BAFA BAFD","isPartOf":{"@id":"https:\/\/www.bafa-bafd.org\/bafa-bafd\/#website"},"datePublished":"2018-12-20T10:57:48+00:00","dateModified":"2019-03-27T06:46:48+00:00","description":"Gr\u00e2ce au Pack BAFA BAFD L\u00e9o Lagrange, b\u00e9n\u00e9ficie d'une remise \u00e0 partir de la 2\u00e8me formation BAFA BAFD L\u00e9o Lagrange","breadcrumb":{"@id":"https:\/\/www.bafa-bafd.org\/bafa-bafd\/infos-pratiques\/loffre-pack-bafa-bafd\/#breadcrumb"},"inLanguage":"fr-FR","potentialAction":[{"@type":"ReadAction","target":["https:\/\/www.bafa-bafd.org\/bafa-bafd\/infos-pratiques\/loffre-pack-bafa-bafd\/"]}]},{"@type":"BreadcrumbList","@id":"https:\/\/www.bafa-bafd.org\/bafa-bafd\/infos-pratiques\/loffre-pack-bafa-bafd\/#breadcrumb","itemListElement":[{"@type":"ListItem","position":1,"name":"Accueil","item":"\/"},{"@type":"ListItem","position":2,"name":"INFOS PRATIQUES","item":"https:\/\/www.bafa-bafd.org\/bafa-bafd\/infos-pratiques\/"},{"@type":"ListItem","position":3,"name":"L\u2019offre pack BAFA-BAFD"}]},{"@type":"WebSite","@id":"https:\/\/www.bafa-bafd.org\/bafa-bafd\/#website","url":"https:\/\/www.bafa-bafd.org\/bafa-bafd\/","name":"BAFA BAFD","description":"Formations Bafa Bafd Lao Lagrange","publisher":{"@id":"https:\/\/www.bafa-bafd.org\/bafa-bafd\/#organization"},"potentialAction":[{"@type":"SearchAction","target":{"@type":"EntryPoint","urlTemplate":"https:\/\/www.bafa-bafd.org\/bafa-bafd\/?s={search_term_string}"},"query-input":{"@type":"PropertyValueSpecification","valueRequired":true,"valueName":"search_term_string"}}],"inLanguage":"fr-FR"},{"@type":"Organization","@id":"https:\/\/www.bafa-bafd.org\/bafa-bafd\/#organization","name":"L\u00e9o Lagrange","url":"https:\/\/www.bafa-bafd.org\/bafa-bafd\/","logo":{"@type":"ImageObject","inLanguage":"fr-FR","@id":"https:\/\/www.bafa-bafd.org\/bafa-bafd\/#\/schema\/logo\/image\/","url":"https:\/\/www.bafa-bafd.org\/bafa-bafd\/wp-content\/uploads\/2023\/03\/logo-leo-lagrange.png","contentUrl":"https:\/\/www.bafa-bafd.org\/bafa-bafd\/wp-content\/uploads\/2023\/03\/logo-leo-lagrange.png","width":166,"height":133,"caption":"L\u00e9o Lagrange"},"image":{"@id":"https:\/\/www.bafa-bafd.org\/bafa-bafd\/#\/schema\/logo\/image\/"},"sameAs":["https:\/\/www.facebook.com\/leobafanimation\/"]}]}},"_links":{"self":[{"href":"https:\/\/www.bafa-bafd.org\/bafa-bafd\/wp-json\/wp\/v2\/pages\/70","targetHints":{"allow":["GET"]}}],"collection":[{"href":"https:\/\/www.bafa-bafd.org\/bafa-bafd\/wp-json\/wp\/v2\/pages"}],"about":[{"href":"https:\/\/www.bafa-bafd.org\/bafa-bafd\/wp-json\/wp\/v2\/types\/page"}],"author":[{"embeddable":true,"href":"https:\/\/www.bafa-bafd.org\/bafa-bafd\/wp-json\/wp\/v2\/users\/1"}],"replies":[{"embeddable":true,"href":"https:\/\/www.bafa-bafd.org\/bafa-bafd\/wp-json\/wp\/v2\/comments?post=70"}],"version-history":[{"count":3,"href":"https:\/\/www.bafa-bafd.org\/bafa-bafd\/wp-json\/wp\/v2\/pages\/70\/revisions"}],"predecessor-version":[{"id":360,"href":"https:\/\/www.bafa-bafd.org\/bafa-bafd\/wp-json\/wp\/v2\/pages\/70\/revisions\/360"}],"up":[{"embeddable":true,"href":"https:\/\/www.bafa-bafd.org\/bafa-bafd\/wp-json\/wp\/v2\/pages\/382"}],"wp:attachment":[{"href":"https:\/\/www.bafa-bafd.org\/bafa-bafd\/wp-json\/wp\/v2\/media?parent=70"}],"curies":[{"name":"wp","href":"https:\/\/api.w.org\/{rel}","templated":true}]}}