{"id":67,"date":"2018-12-20T11:54:35","date_gmt":"2018-12-20T10:54:35","guid":{"rendered":"https:\/\/www.devz2.com\/bafa-bafd\/?page_id=67"},"modified":"2023-05-17T18:07:45","modified_gmt":"2023-05-17T16:07:45","slug":"les-aides-financieres","status":"publish","type":"page","link":"https:\/\/www.bafa-bafd.org\/bafa-bafd\/infos-pratiques\/les-aides-financieres\/","title":{"rendered":"BAFA-BAFD : les aides financi\u00e8res."},"content":{"rendered":"\n<p>Le cursus de formation BAFA se d\u00e9roule en <a href=\"https:\/\/www.bafa-bafd.org\/bafa-bafd\/mon-bafa\/les-etapes\/\">3 \u00e9tapes<\/a>&nbsp;et dans un d\u00e9lai de 30 mois. Pour l\u2019entamer, il te faut avoir&nbsp;<strong>16 ans<\/strong>&nbsp;r\u00e9volus au premier jour du stage de formation g\u00e9n\u00e9rale (\u00e9tape 1). Le cursus de formation BAFD, quant \u00e0 lui, se d\u00e9roule en <a href=\"https:\/\/www.bafa-bafd.org\/bafa-bafd\/mon-bafd\/les-etapes-2\/\">6 \u00e9tapes<\/a> et dans un d\u00e9lai de 4 ans. Au premier jour de la session de formation g\u00e9n\u00e9rale du BAFD, il te faut avoir <strong>18 ans<\/strong> r\u00e9volus.<\/p>\n\n\n\n<p>Le BAFA et le BAFD co\u00fbtent tous deux entre 800 et 1100 \u20ac. Aussi cela repr\u00e9sente souvent un budget hors d\u2019atteinte pour de jeunes candidat\u00b7e\u00b7s sans revenus ou en d\u00e9but de carri\u00e8re. Tout d\u2019abord, tu dois savoir que d\u00e8s la premi\u00e8re \u00e9tape de chaque formation pass\u00e9e, tu peux pr\u00e9tendre \u00e0 un <strong>contrat de travail<\/strong> et <strong>toucher un salaire<\/strong>.<\/p>\n\n\n\n<p>Mais en compl\u00e9ment, il existe aussi des <strong>dispositifs d\u2019aides et de bourses<\/strong>&nbsp;pour aider les jeunes et leurs familles en r\u00e9duisant les co\u00fbts de formations. Ainsi, toutes et tous ont une chance de conna\u00eetre cette exp\u00e9rience de vie sans pareil ! Face aux nombreux dispositifs existants, les antennes r\u00e9gionales L\u00e9o Lagrange sont l\u00e0 pour t\u2019orienter dans ta recherche de financement.<\/p>\n\n\n\n<h2 class=\"wp-block-heading\">De nombreuses institutions sont susceptibles de t\u2019aider financi\u00e8rement&nbsp;!<\/h2>\n\n\n\n<ul class=\"wp-block-list\">\n<li>Conseils d\u00e9partementaux<\/li>\n\n\n\n<li>Conseils r\u00e9gionaux<\/li>\n\n\n\n<li>Mairies<\/li>\n\n\n\n<li>Caisses d\u2019allocations familiales d\u00e9partementales (CAF)<\/li>\n\n\n\n<li>Comit\u00e9s d\u2019entreprise<\/li>\n\n\n\n<li>Autres structures locales<\/li>\n<\/ul>\n\n\n\n<p>Pour le BAFA, la&nbsp;<strong>Caisse d\u2019Allocations Familiales<\/strong>&nbsp;te soutient financi\u00e8rement au moment de l\u2019inscription \u00e0 <strong>l\u2019approfondissement <\/strong>(\u00e9tape 3), sans condition de ressources ni d\u2019\u00e2ge. Cette aide s&rsquo;\u00e9l\u00e8ve \u00e0<strong>&nbsp;<\/strong><strong>91,47 \u20ac<\/strong> (hors session \u00e0 l\u2019\u00e9tranger)&nbsp;! Elle sera par ailleurs major\u00e9e de 15,24 \u20ac et s\u2019\u00e9l\u00e8vera donc \u00e0 un montant de <strong>1<\/strong><strong>06,71 <\/strong><strong>\u20ac<\/strong> pour les sessions \u00ab Animation de la petite enfance \u00bb.<\/p>\n\n\n\n<p>De plus, pour celles et ceux qui effectuent ou ont effectu\u00e9 une mission de <strong>service civique<\/strong> en 2022 ou 2023, l\u2019Etat propose une aide exceptionnelle de <strong>100 \u20ac<\/strong> pour le passage <strong>du BAFA ou du BAFD<\/strong> ! Les demandes devront \u00eatre d\u00e9pos\u00e9es avant le 30 novembre 2024 aupr\u00e8s de l\u2019ASP (Agence de Services et de paiement).<\/p>\n\n\n\n<p>Mais ce n\u2019est pas tout, car en compl\u00e9ment, certaines CAF peuvent attribuer des <strong>aides d\u00e9partementales<\/strong> dont les conditions et le montant diff\u00e8rent. Pour en savoir plus sur les aides auxquelles tu peux pr\u00e9tendre, rends-toi sur la page <a href=\"https:\/\/www.bafa-bafd.org\/bafa-bafd\/contacts\/\">Nous contacter<\/a>, et clique sur la r\u00e9gion qui te concerne&nbsp;!<\/p>\n\n\n\n<h2 class=\"wp-block-heading\">Comment b\u00e9n\u00e9ficier de l\u2019aide au BAFA de la CAF ?<\/h2>\n\n\n\n<p>Pour b\u00e9n\u00e9ficier de l\u2019aide financi\u00e8re au BAFA, il te suffit de remplir et d\u2019envoyer le <a href=\"https:\/\/www.service-public.fr\/particuliers\/vosdroits\/R58266\">formulaire de demande<\/a>, disponible sur le site de la CAF. Ta demande doit \u00eatre transmise \u00e0 la CAF dans un d\u00e9lai de <strong>3 mois maximum <\/strong>suivant ton inscription \u00e0 l\u2019approfondissement (\u00e9tape 3).<\/p>\n\n\n\n<h2 class=\"wp-block-heading\">Des r\u00e9ductions suppl\u00e9mentaires avec le BAFA-BAFD L\u00e9o Lagrange !<\/h2>\n\n\n\n<p>Enfin, sache que si tu as pass\u00e9 ton BAFA approfondissement avec L\u00e9o Lagrange et que tu souhaites poursuivre ta formation avec une de nos formations BAFD, tu b\u00e9n\u00e9ficies d\u2019une <strong>r\u00e9duction de 35 <\/strong><strong>\u20ac<\/strong> lors de ton inscription \u00e0 la session de formation g\u00e9n\u00e9rale (\u00e9tape 1). De plus, \u00e0 la suite de cette premi\u00e8re \u00e9tape de formation au BAFD, continuer ta formation avec L\u00e9o Lagrange te permettra de b\u00e9n\u00e9ficier d\u2019une <strong>r\u00e9duction suppl\u00e9mentaire de 35 <\/strong><strong>\u20ac<\/strong> au moment de ton inscription en session de perfectionnement (\u00e9tape 3). Il te suffit simplement de bien cocher la case <a href=\"https:\/\/www.bafa-bafd.org\/bafa-bafd\/infos-pratiques\/loffre-pack-bafa-bafd\/\">\u00ab Pack BAFD \u00bb<\/a> sur ta fiche d\u2019inscription !<\/p>\n\n\n\n<p>Pour d\u00e9couvrir toutes les formations BAFA-BAFD L\u00e9o Lagrange propos\u00e9es <strong>dans ta r\u00e9gion<\/strong>, c\u2019est par ici&nbsp;:<\/p>\n\n\n\n<ul class=\"wp-block-list\">\n<li><a href=\"https:\/\/www.bafa-bafd.org\/bafa-bafd\/mon-bafa\/catalogue-bafa\/\">Catalogue BAFA L\u00e9o Lagrange<\/a><\/li>\n\n\n\n<li><a href=\"https:\/\/www.bafa-bafd.org\/bafa-bafd\/mon-bafd\/catalogue-bafd\/\">Catalogue BAFD L\u00e9o Lagrange<\/a><\/li>\n<\/ul>\n\n\n\n<p><\/p>\n","protected":false},"excerpt":{"rendered":"<p>Le cursus de formation BAFA se d\u00e9roule en 3 \u00e9tapes&nbsp;et dans un d\u00e9lai de 30 mois. Pour l\u2019entamer, il te faut avoir&nbsp;16 ans&nbsp;r\u00e9volus au premier jour du stage de formation g\u00e9n\u00e9rale (\u00e9tape 1). Le cursus de formation BAFD, quant \u00e0 lui, se d\u00e9roule en 6 \u00e9tapes et dans un d\u00e9lai de 4 ans. Au premier [&hellip;]<\/p>\n","protected":false},"author":1,"featured_media":0,"parent":382,"menu_order":50,"comment_status":"closed","ping_status":"closed","template":"gabarit.php","meta":{"footnotes":""},"class_list":["post-67","page","type-page","status-publish","hentry"],"yoast_head":"<!-- This site is optimized with the Yoast SEO plugin v27.5 - https:\/\/yoast.com\/product\/yoast-seo-wordpress\/ -->\n<title>BAFA-BAFD : toutes les aides financi\u00e8res<\/title>\n<meta name=\"description\" content=\"Pour le BAFA, la CAF t&#039;aide jusqu&#039;\u00e0 106,71\u20ac. Et tu peux b\u00e9n\u00e9ficier de r\u00e9ductions suppl\u00e9mentaires avec la formation L\u00e9o Lagrange ! Les voici.\" \/>\n<meta name=\"robots\" content=\"index, follow, max-snippet:-1, max-image-preview:large, max-video-preview:-1\" \/>\n<link rel=\"canonical\" href=\"https:\/\/www.bafa-bafd.org\/bafa-bafd\/infos-pratiques\/les-aides-financieres\/\" \/>\n<meta property=\"og:locale\" content=\"fr_FR\" \/>\n<meta property=\"og:type\" content=\"article\" \/>\n<meta property=\"og:title\" content=\"BAFA-BAFD : toutes les aides financi\u00e8res\" \/>\n<meta property=\"og:description\" content=\"Pour le BAFA, la CAF t&#039;aide jusqu&#039;\u00e0 106,71\u20ac. Et tu peux b\u00e9n\u00e9ficier de r\u00e9ductions suppl\u00e9mentaires avec la formation L\u00e9o Lagrange ! Les voici.\" \/>\n<meta property=\"og:url\" content=\"https:\/\/www.bafa-bafd.org\/bafa-bafd\/infos-pratiques\/les-aides-financieres\/\" \/>\n<meta property=\"og:site_name\" content=\"BAFA BAFD\" \/>\n<meta property=\"article:publisher\" content=\"https:\/\/www.facebook.com\/leobafanimation\/\" \/>\n<meta property=\"article:modified_time\" content=\"2023-05-17T16:07:45+00:00\" \/>\n<meta name=\"twitter:card\" content=\"summary_large_image\" \/>\n<meta name=\"twitter:label1\" content=\"Dur\u00e9e de lecture estim\u00e9e\" \/>\n\t<meta name=\"twitter:data1\" content=\"3 minutes\" \/>\n<script type=\"application\/ld+json\" class=\"yoast-schema-graph\">{\"@context\":\"https:\\\/\\\/schema.org\",\"@graph\":[{\"@type\":\"WebPage\",\"@id\":\"https:\\\/\\\/www.bafa-bafd.org\\\/bafa-bafd\\\/infos-pratiques\\\/les-aides-financieres\\\/\",\"url\":\"https:\\\/\\\/www.bafa-bafd.org\\\/bafa-bafd\\\/infos-pratiques\\\/les-aides-financieres\\\/\",\"name\":\"BAFA-BAFD : toutes les aides financi\u00e8res\",\"isPartOf\":{\"@id\":\"https:\\\/\\\/www.bafa-bafd.org\\\/bafa-bafd\\\/#website\"},\"datePublished\":\"2018-12-20T10:54:35+00:00\",\"dateModified\":\"2023-05-17T16:07:45+00:00\",\"description\":\"Pour le BAFA, la CAF t'aide jusqu'\u00e0 106,71\u20ac. Et tu peux b\u00e9n\u00e9ficier de r\u00e9ductions suppl\u00e9mentaires avec la formation L\u00e9o Lagrange ! Les voici.\",\"breadcrumb\":{\"@id\":\"https:\\\/\\\/www.bafa-bafd.org\\\/bafa-bafd\\\/infos-pratiques\\\/les-aides-financieres\\\/#breadcrumb\"},\"inLanguage\":\"fr-FR\",\"potentialAction\":[{\"@type\":\"ReadAction\",\"target\":[\"https:\\\/\\\/www.bafa-bafd.org\\\/bafa-bafd\\\/infos-pratiques\\\/les-aides-financieres\\\/\"]}]},{\"@type\":\"BreadcrumbList\",\"@id\":\"https:\\\/\\\/www.bafa-bafd.org\\\/bafa-bafd\\\/infos-pratiques\\\/les-aides-financieres\\\/#breadcrumb\",\"itemListElement\":[{\"@type\":\"ListItem\",\"position\":1,\"name\":\"Accueil\",\"item\":\"\\\/\"},{\"@type\":\"ListItem\",\"position\":2,\"name\":\"INFOS PRATIQUES\",\"item\":\"https:\\\/\\\/www.bafa-bafd.org\\\/bafa-bafd\\\/infos-pratiques\\\/\"},{\"@type\":\"ListItem\",\"position\":3,\"name\":\"BAFA-BAFD : les aides financi\u00e8res.\"}]},{\"@type\":\"WebSite\",\"@id\":\"https:\\\/\\\/www.bafa-bafd.org\\\/bafa-bafd\\\/#website\",\"url\":\"https:\\\/\\\/www.bafa-bafd.org\\\/bafa-bafd\\\/\",\"name\":\"BAFA BAFD\",\"description\":\"Formations Bafa Bafd Lao Lagrange\",\"publisher\":{\"@id\":\"https:\\\/\\\/www.bafa-bafd.org\\\/bafa-bafd\\\/#organization\"},\"potentialAction\":[{\"@type\":\"SearchAction\",\"target\":{\"@type\":\"EntryPoint\",\"urlTemplate\":\"https:\\\/\\\/www.bafa-bafd.org\\\/bafa-bafd\\\/?s={search_term_string}\"},\"query-input\":{\"@type\":\"PropertyValueSpecification\",\"valueRequired\":true,\"valueName\":\"search_term_string\"}}],\"inLanguage\":\"fr-FR\"},{\"@type\":\"Organization\",\"@id\":\"https:\\\/\\\/www.bafa-bafd.org\\\/bafa-bafd\\\/#organization\",\"name\":\"L\u00e9o Lagrange\",\"url\":\"https:\\\/\\\/www.bafa-bafd.org\\\/bafa-bafd\\\/\",\"logo\":{\"@type\":\"ImageObject\",\"inLanguage\":\"fr-FR\",\"@id\":\"https:\\\/\\\/www.bafa-bafd.org\\\/bafa-bafd\\\/#\\\/schema\\\/logo\\\/image\\\/\",\"url\":\"https:\\\/\\\/www.bafa-bafd.org\\\/bafa-bafd\\\/wp-content\\\/uploads\\\/2023\\\/03\\\/logo-leo-lagrange.png\",\"contentUrl\":\"https:\\\/\\\/www.bafa-bafd.org\\\/bafa-bafd\\\/wp-content\\\/uploads\\\/2023\\\/03\\\/logo-leo-lagrange.png\",\"width\":166,\"height\":133,\"caption\":\"L\u00e9o Lagrange\"},\"image\":{\"@id\":\"https:\\\/\\\/www.bafa-bafd.org\\\/bafa-bafd\\\/#\\\/schema\\\/logo\\\/image\\\/\"},\"sameAs\":[\"https:\\\/\\\/www.facebook.com\\\/leobafanimation\\\/\"]}]}<\/script>\n<!-- \/ Yoast SEO plugin. -->","yoast_head_json":{"title":"BAFA-BAFD : toutes les aides financi\u00e8res","description":"Pour le BAFA, la CAF t'aide jusqu'\u00e0 106,71\u20ac. Et tu peux b\u00e9n\u00e9ficier de r\u00e9ductions suppl\u00e9mentaires avec la formation L\u00e9o Lagrange ! Les voici.","robots":{"index":"index","follow":"follow","max-snippet":"max-snippet:-1","max-image-preview":"max-image-preview:large","max-video-preview":"max-video-preview:-1"},"canonical":"https:\/\/www.bafa-bafd.org\/bafa-bafd\/infos-pratiques\/les-aides-financieres\/","og_locale":"fr_FR","og_type":"article","og_title":"BAFA-BAFD : toutes les aides financi\u00e8res","og_description":"Pour le BAFA, la CAF t'aide jusqu'\u00e0 106,71\u20ac. Et tu peux b\u00e9n\u00e9ficier de r\u00e9ductions suppl\u00e9mentaires avec la formation L\u00e9o Lagrange ! Les voici.","og_url":"https:\/\/www.bafa-bafd.org\/bafa-bafd\/infos-pratiques\/les-aides-financieres\/","og_site_name":"BAFA BAFD","article_publisher":"https:\/\/www.facebook.com\/leobafanimation\/","article_modified_time":"2023-05-17T16:07:45+00:00","twitter_card":"summary_large_image","twitter_misc":{"Dur\u00e9e de lecture estim\u00e9e":"3 minutes"},"schema":{"@context":"https:\/\/schema.org","@graph":[{"@type":"WebPage","@id":"https:\/\/www.bafa-bafd.org\/bafa-bafd\/infos-pratiques\/les-aides-financieres\/","url":"https:\/\/www.bafa-bafd.org\/bafa-bafd\/infos-pratiques\/les-aides-financieres\/","name":"BAFA-BAFD : toutes les aides financi\u00e8res","isPartOf":{"@id":"https:\/\/www.bafa-bafd.org\/bafa-bafd\/#website"},"datePublished":"2018-12-20T10:54:35+00:00","dateModified":"2023-05-17T16:07:45+00:00","description":"Pour le BAFA, la CAF t'aide jusqu'\u00e0 106,71\u20ac. Et tu peux b\u00e9n\u00e9ficier de r\u00e9ductions suppl\u00e9mentaires avec la formation L\u00e9o Lagrange ! Les voici.","breadcrumb":{"@id":"https:\/\/www.bafa-bafd.org\/bafa-bafd\/infos-pratiques\/les-aides-financieres\/#breadcrumb"},"inLanguage":"fr-FR","potentialAction":[{"@type":"ReadAction","target":["https:\/\/www.bafa-bafd.org\/bafa-bafd\/infos-pratiques\/les-aides-financieres\/"]}]},{"@type":"BreadcrumbList","@id":"https:\/\/www.bafa-bafd.org\/bafa-bafd\/infos-pratiques\/les-aides-financieres\/#breadcrumb","itemListElement":[{"@type":"ListItem","position":1,"name":"Accueil","item":"\/"},{"@type":"ListItem","position":2,"name":"INFOS PRATIQUES","item":"https:\/\/www.bafa-bafd.org\/bafa-bafd\/infos-pratiques\/"},{"@type":"ListItem","position":3,"name":"BAFA-BAFD : les aides financi\u00e8res."}]},{"@type":"WebSite","@id":"https:\/\/www.bafa-bafd.org\/bafa-bafd\/#website","url":"https:\/\/www.bafa-bafd.org\/bafa-bafd\/","name":"BAFA BAFD","description":"Formations Bafa Bafd Lao Lagrange","publisher":{"@id":"https:\/\/www.bafa-bafd.org\/bafa-bafd\/#organization"},"potentialAction":[{"@type":"SearchAction","target":{"@type":"EntryPoint","urlTemplate":"https:\/\/www.bafa-bafd.org\/bafa-bafd\/?s={search_term_string}"},"query-input":{"@type":"PropertyValueSpecification","valueRequired":true,"valueName":"search_term_string"}}],"inLanguage":"fr-FR"},{"@type":"Organization","@id":"https:\/\/www.bafa-bafd.org\/bafa-bafd\/#organization","name":"L\u00e9o Lagrange","url":"https:\/\/www.bafa-bafd.org\/bafa-bafd\/","logo":{"@type":"ImageObject","inLanguage":"fr-FR","@id":"https:\/\/www.bafa-bafd.org\/bafa-bafd\/#\/schema\/logo\/image\/","url":"https:\/\/www.bafa-bafd.org\/bafa-bafd\/wp-content\/uploads\/2023\/03\/logo-leo-lagrange.png","contentUrl":"https:\/\/www.bafa-bafd.org\/bafa-bafd\/wp-content\/uploads\/2023\/03\/logo-leo-lagrange.png","width":166,"height":133,"caption":"L\u00e9o Lagrange"},"image":{"@id":"https:\/\/www.bafa-bafd.org\/bafa-bafd\/#\/schema\/logo\/image\/"},"sameAs":["https:\/\/www.facebook.com\/leobafanimation\/"]}]}},"_links":{"self":[{"href":"https:\/\/www.bafa-bafd.org\/bafa-bafd\/wp-json\/wp\/v2\/pages\/67","targetHints":{"allow":["GET"]}}],"collection":[{"href":"https:\/\/www.bafa-bafd.org\/bafa-bafd\/wp-json\/wp\/v2\/pages"}],"about":[{"href":"https:\/\/www.bafa-bafd.org\/bafa-bafd\/wp-json\/wp\/v2\/types\/page"}],"author":[{"embeddable":true,"href":"https:\/\/www.bafa-bafd.org\/bafa-bafd\/wp-json\/wp\/v2\/users\/1"}],"replies":[{"embeddable":true,"href":"https:\/\/www.bafa-bafd.org\/bafa-bafd\/wp-json\/wp\/v2\/comments?post=67"}],"version-history":[{"count":10,"href":"https:\/\/www.bafa-bafd.org\/bafa-bafd\/wp-json\/wp\/v2\/pages\/67\/revisions"}],"predecessor-version":[{"id":590,"href":"https:\/\/www.bafa-bafd.org\/bafa-bafd\/wp-json\/wp\/v2\/pages\/67\/revisions\/590"}],"up":[{"embeddable":true,"href":"https:\/\/www.bafa-bafd.org\/bafa-bafd\/wp-json\/wp\/v2\/pages\/382"}],"wp:attachment":[{"href":"https:\/\/www.bafa-bafd.org\/bafa-bafd\/wp-json\/wp\/v2\/media?parent=67"}],"curies":[{"name":"wp","href":"https:\/\/api.w.org\/{rel}","templated":true}]}}