{"id":52,"date":"2018-11-17T11:35:10","date_gmt":"2018-11-17T10:35:10","guid":{"rendered":"http:\/\/leo\/bafa-bafd\/?page_id=52"},"modified":"2019-03-27T08:02:55","modified_gmt":"2019-03-27T07:02:55","slug":"qui-sommes-nous","status":"publish","type":"page","link":"https:\/\/www.bafa-bafd.org\/bafa-bafd\/qui-sommes-nous-2\/qui-sommes-nous\/","title":{"rendered":"La F\u00e9d\u00e9ration L\u00e9o Lagrange"},"content":{"rendered":"<blockquote>\n<p>La F\u00e9d\u00e9ration L\u00e9o Lagrange, c\u2019est une <strong>association d\u2019\u00e9ducation populaire la\u00efque et reconnue d\u2019utilit\u00e9 publique qui existe depuis 1950 ! <\/strong><\/p>\n<p>Cr\u00e9\u00e9e \u00e0 l\u2019origine pour \u00e9tendre la culture et organiser les loisirs des jeunes avec la cr\u00e9ation de clubs de loisirs, elle n\u2019a eu de cesse d\u2019\u00e9largir ses publics (petite enfance, enfance, ados, jeunes, adultes et s\u00e9niors) et ses champs d\u2019intervention (formation et insertion professionnelle).<\/p>\n<\/blockquote>\n<h2>Notre objectif ?<\/h2>\n<ul>\n<li>Favoriser l\u2019\u00e9galit\u00e9 des chances en permettant \u00e0 chacun.e d\u2019apprendre et de s\u2019\u00e9panouir gr\u00e2ce \u00e0 la relation \u00e0 l\u2019autre tout au long de la vie.<\/li>\n<li>Permettre \u00e0 chaque enfant, quel que soit son milieu social, de s\u2019ouvrir au monde et de d\u00e9couvrir des activit\u00e9s culturelles, sportives et citoyennes.<\/li>\n<\/ul>\n<p>Avec aujourd\u2019hui 7000 salari\u00e9.e.s et plus de 40 000 enfants accueillis partout en France dans son r\u00e9seau, la F\u00e9d\u00e9ration L\u00e9o Lagrange a d\u00e9velopp\u00e9 <strong>une expertise unique et reconnue dans le domaine de l\u2019animation socioculturelle: l\u2019animation, c\u2019est notre passion !<\/strong><\/p>\n<p>Pour nous, les temps d\u2019animation p\u00e9riscolaire, les accueils de loisirs et les colos sont pour les enfants et les jeunes, des espaces \u00e9ducatifs uniques qui permettent de s\u2019\u00e9panouir \u00e0 travers le loisir et la vie en groupe. Animation rime avec accession \u00e0 l&rsquo;autonomie et d\u00e9veloppement de la citoyennet\u00e9.<\/p>\n<p>C&rsquo;est cette conviction et ambition que nous souhaitons transmettre dans nos formations \u00e0 l&rsquo;animation volontaire que sont le BAFA et le BAFD !<\/p>\n<p><strong>Les animateur.rice.s<\/strong> ont un r\u00f4le tr\u00e8s important dans la soci\u00e9t\u00e9: ils.elles participent, avec les familles et les enseignants \u00e0 l\u2019\u00e9ducation des enfants et de jeunes gr\u00e2ce \u00e0 des <strong>m\u00e9thodes d\u2019apprentissages ludiques et dynamiques<\/strong> qui encouragent l\u2019\u00e9veil, le d\u00e9veloppement de l\u2019esprit critique et le go\u00fbt pour la vie ensemble.<\/p>\n<p>Nous sommes habilit\u00e9s par le minist\u00e8re de la Jeunesse pour dispenser ces formations <br><a href=\"http:\/\/www.bafa-bafd.jeunes.gouv.fr\/coms\/listeOfn.aspx\" target=\"_blank\" rel=\"noopener noreferrer\">http:\/\/www.bafa-bafd.jeunes.gouv.fr\/coms\/listeOfn.aspx<\/a><\/p>\n<div class=\"encadre\">\n<h3 class=\"h3home\">Pourquoi s\u2019appelle-t-on L\u00e9o Lagrange ?<\/h3>\n<hr>Notre association a \u00e9t\u00e9 cr\u00e9\u00e9e en 1950 pour rendre hommage \u00e0 un personnage qui a marqu\u00e9 l\u2019histoire de France: Monsieur L\u00e9o Lagrange. N\u00e9 en 1900, jeune d\u00e9put\u00e9 socialiste du Nord, pr\u00e9curseur dans la r\u00e9flexion sur le temps libre, il fut le premier sous-secr\u00e9taire d&rsquo;Etat aux sports et aux loisirs dans le gouvernement issu du Front Populaire, en 1936. Il accompagna l&rsquo;essor des cong\u00e9s pay\u00e9s, des auberges de jeunesse, des sports de masse&#8230; Seul d\u00e9put\u00e9 \u00e0 s&rsquo;engager au combat, il fut tu\u00e9 au front d\u00e8s le 9 juin 1940.<\/div>\n\n\n<p><\/p>\n","protected":false},"excerpt":{"rendered":"<p>La F\u00e9d\u00e9ration L\u00e9o Lagrange, c\u2019est une association d\u2019\u00e9ducation populaire la\u00efque et reconnue d\u2019utilit\u00e9 publique qui existe depuis 1950 ! Cr\u00e9\u00e9e \u00e0 l\u2019origine pour \u00e9tendre la culture et organiser les loisirs des jeunes avec la cr\u00e9ation de clubs de loisirs, elle n\u2019a eu de cesse d\u2019\u00e9largir ses publics (petite enfance, enfance, ados, jeunes, adultes et s\u00e9niors) [&hellip;]<\/p>\n","protected":false},"author":1,"featured_media":0,"parent":364,"menu_order":10,"comment_status":"closed","ping_status":"closed","template":"gabarit.php","meta":{"footnotes":""},"class_list":["post-52","page","type-page","status-publish","hentry"],"yoast_head":"<!-- This site is optimized with the Yoast SEO plugin v27.5 - https:\/\/yoast.com\/product\/yoast-seo-wordpress\/ -->\n<title>La F\u00e9d\u00e9ration L\u00e9o Lagrange<\/title>\n<meta name=\"description\" content=\"La F\u00e9d\u00e9ration L\u00e9o Lagrange est une association d\u2019\u00e9ducation populaire la\u00efque et reconnue d\u2019utilit\u00e9 publique depuis 1950. Organisme de formation BAFA BAFD, l\u2019animation, c\u2019est notre passion !\" \/>\n<meta name=\"robots\" content=\"index, follow, max-snippet:-1, max-image-preview:large, max-video-preview:-1\" \/>\n<link rel=\"canonical\" href=\"https:\/\/www.bafa-bafd.org\/bafa-bafd\/qui-sommes-nous-2\/qui-sommes-nous\/\" \/>\n<meta property=\"og:locale\" content=\"fr_FR\" \/>\n<meta property=\"og:type\" content=\"article\" \/>\n<meta property=\"og:title\" content=\"La F\u00e9d\u00e9ration L\u00e9o Lagrange\" \/>\n<meta property=\"og:description\" content=\"La F\u00e9d\u00e9ration L\u00e9o Lagrange est une association d\u2019\u00e9ducation populaire la\u00efque et reconnue d\u2019utilit\u00e9 publique depuis 1950. Organisme de formation BAFA BAFD, l\u2019animation, c\u2019est notre passion !\" \/>\n<meta property=\"og:url\" content=\"https:\/\/www.bafa-bafd.org\/bafa-bafd\/qui-sommes-nous-2\/qui-sommes-nous\/\" \/>\n<meta property=\"og:site_name\" content=\"BAFA BAFD\" \/>\n<meta property=\"article:publisher\" content=\"https:\/\/www.facebook.com\/leobafanimation\/\" \/>\n<meta property=\"article:modified_time\" content=\"2019-03-27T07:02:55+00:00\" \/>\n<meta name=\"twitter:card\" content=\"summary_large_image\" \/>\n<meta name=\"twitter:label1\" content=\"Dur\u00e9e de lecture estim\u00e9e\" \/>\n\t<meta name=\"twitter:data1\" content=\"2 minutes\" \/>\n<script type=\"application\/ld+json\" class=\"yoast-schema-graph\">{\"@context\":\"https:\\\/\\\/schema.org\",\"@graph\":[{\"@type\":\"WebPage\",\"@id\":\"https:\\\/\\\/www.bafa-bafd.org\\\/bafa-bafd\\\/qui-sommes-nous-2\\\/qui-sommes-nous\\\/\",\"url\":\"https:\\\/\\\/www.bafa-bafd.org\\\/bafa-bafd\\\/qui-sommes-nous-2\\\/qui-sommes-nous\\\/\",\"name\":\"La F\u00e9d\u00e9ration L\u00e9o Lagrange\",\"isPartOf\":{\"@id\":\"https:\\\/\\\/www.bafa-bafd.org\\\/bafa-bafd\\\/#website\"},\"datePublished\":\"2018-11-17T10:35:10+00:00\",\"dateModified\":\"2019-03-27T07:02:55+00:00\",\"description\":\"La F\u00e9d\u00e9ration L\u00e9o Lagrange est une association d\u2019\u00e9ducation populaire la\u00efque et reconnue d\u2019utilit\u00e9 publique depuis 1950. Organisme de formation BAFA BAFD, l\u2019animation, c\u2019est notre passion !\",\"breadcrumb\":{\"@id\":\"https:\\\/\\\/www.bafa-bafd.org\\\/bafa-bafd\\\/qui-sommes-nous-2\\\/qui-sommes-nous\\\/#breadcrumb\"},\"inLanguage\":\"fr-FR\",\"potentialAction\":[{\"@type\":\"ReadAction\",\"target\":[\"https:\\\/\\\/www.bafa-bafd.org\\\/bafa-bafd\\\/qui-sommes-nous-2\\\/qui-sommes-nous\\\/\"]}]},{\"@type\":\"BreadcrumbList\",\"@id\":\"https:\\\/\\\/www.bafa-bafd.org\\\/bafa-bafd\\\/qui-sommes-nous-2\\\/qui-sommes-nous\\\/#breadcrumb\",\"itemListElement\":[{\"@type\":\"ListItem\",\"position\":1,\"name\":\"Accueil\",\"item\":\"\\\/\"},{\"@type\":\"ListItem\",\"position\":2,\"name\":\"QUI SOMMES NOUS ?\",\"item\":\"https:\\\/\\\/www.bafa-bafd.org\\\/bafa-bafd\\\/qui-sommes-nous-2\\\/\"},{\"@type\":\"ListItem\",\"position\":3,\"name\":\"La F\u00e9d\u00e9ration L\u00e9o Lagrange\"}]},{\"@type\":\"WebSite\",\"@id\":\"https:\\\/\\\/www.bafa-bafd.org\\\/bafa-bafd\\\/#website\",\"url\":\"https:\\\/\\\/www.bafa-bafd.org\\\/bafa-bafd\\\/\",\"name\":\"BAFA BAFD\",\"description\":\"Formations Bafa Bafd Lao Lagrange\",\"publisher\":{\"@id\":\"https:\\\/\\\/www.bafa-bafd.org\\\/bafa-bafd\\\/#organization\"},\"potentialAction\":[{\"@type\":\"SearchAction\",\"target\":{\"@type\":\"EntryPoint\",\"urlTemplate\":\"https:\\\/\\\/www.bafa-bafd.org\\\/bafa-bafd\\\/?s={search_term_string}\"},\"query-input\":{\"@type\":\"PropertyValueSpecification\",\"valueRequired\":true,\"valueName\":\"search_term_string\"}}],\"inLanguage\":\"fr-FR\"},{\"@type\":\"Organization\",\"@id\":\"https:\\\/\\\/www.bafa-bafd.org\\\/bafa-bafd\\\/#organization\",\"name\":\"L\u00e9o Lagrange\",\"url\":\"https:\\\/\\\/www.bafa-bafd.org\\\/bafa-bafd\\\/\",\"logo\":{\"@type\":\"ImageObject\",\"inLanguage\":\"fr-FR\",\"@id\":\"https:\\\/\\\/www.bafa-bafd.org\\\/bafa-bafd\\\/#\\\/schema\\\/logo\\\/image\\\/\",\"url\":\"https:\\\/\\\/www.bafa-bafd.org\\\/bafa-bafd\\\/wp-content\\\/uploads\\\/2023\\\/03\\\/logo-leo-lagrange.png\",\"contentUrl\":\"https:\\\/\\\/www.bafa-bafd.org\\\/bafa-bafd\\\/wp-content\\\/uploads\\\/2023\\\/03\\\/logo-leo-lagrange.png\",\"width\":166,\"height\":133,\"caption\":\"L\u00e9o Lagrange\"},\"image\":{\"@id\":\"https:\\\/\\\/www.bafa-bafd.org\\\/bafa-bafd\\\/#\\\/schema\\\/logo\\\/image\\\/\"},\"sameAs\":[\"https:\\\/\\\/www.facebook.com\\\/leobafanimation\\\/\"]}]}<\/script>\n<!-- \/ Yoast SEO plugin. -->","yoast_head_json":{"title":"La F\u00e9d\u00e9ration L\u00e9o Lagrange","description":"La F\u00e9d\u00e9ration L\u00e9o Lagrange est une association d\u2019\u00e9ducation populaire la\u00efque et reconnue d\u2019utilit\u00e9 publique depuis 1950. Organisme de formation BAFA BAFD, l\u2019animation, c\u2019est notre passion !","robots":{"index":"index","follow":"follow","max-snippet":"max-snippet:-1","max-image-preview":"max-image-preview:large","max-video-preview":"max-video-preview:-1"},"canonical":"https:\/\/www.bafa-bafd.org\/bafa-bafd\/qui-sommes-nous-2\/qui-sommes-nous\/","og_locale":"fr_FR","og_type":"article","og_title":"La F\u00e9d\u00e9ration L\u00e9o Lagrange","og_description":"La F\u00e9d\u00e9ration L\u00e9o Lagrange est une association d\u2019\u00e9ducation populaire la\u00efque et reconnue d\u2019utilit\u00e9 publique depuis 1950. Organisme de formation BAFA BAFD, l\u2019animation, c\u2019est notre passion !","og_url":"https:\/\/www.bafa-bafd.org\/bafa-bafd\/qui-sommes-nous-2\/qui-sommes-nous\/","og_site_name":"BAFA BAFD","article_publisher":"https:\/\/www.facebook.com\/leobafanimation\/","article_modified_time":"2019-03-27T07:02:55+00:00","twitter_card":"summary_large_image","twitter_misc":{"Dur\u00e9e de lecture estim\u00e9e":"2 minutes"},"schema":{"@context":"https:\/\/schema.org","@graph":[{"@type":"WebPage","@id":"https:\/\/www.bafa-bafd.org\/bafa-bafd\/qui-sommes-nous-2\/qui-sommes-nous\/","url":"https:\/\/www.bafa-bafd.org\/bafa-bafd\/qui-sommes-nous-2\/qui-sommes-nous\/","name":"La F\u00e9d\u00e9ration L\u00e9o Lagrange","isPartOf":{"@id":"https:\/\/www.bafa-bafd.org\/bafa-bafd\/#website"},"datePublished":"2018-11-17T10:35:10+00:00","dateModified":"2019-03-27T07:02:55+00:00","description":"La F\u00e9d\u00e9ration L\u00e9o Lagrange est une association d\u2019\u00e9ducation populaire la\u00efque et reconnue d\u2019utilit\u00e9 publique depuis 1950. Organisme de formation BAFA BAFD, l\u2019animation, c\u2019est notre passion !","breadcrumb":{"@id":"https:\/\/www.bafa-bafd.org\/bafa-bafd\/qui-sommes-nous-2\/qui-sommes-nous\/#breadcrumb"},"inLanguage":"fr-FR","potentialAction":[{"@type":"ReadAction","target":["https:\/\/www.bafa-bafd.org\/bafa-bafd\/qui-sommes-nous-2\/qui-sommes-nous\/"]}]},{"@type":"BreadcrumbList","@id":"https:\/\/www.bafa-bafd.org\/bafa-bafd\/qui-sommes-nous-2\/qui-sommes-nous\/#breadcrumb","itemListElement":[{"@type":"ListItem","position":1,"name":"Accueil","item":"\/"},{"@type":"ListItem","position":2,"name":"QUI SOMMES NOUS ?","item":"https:\/\/www.bafa-bafd.org\/bafa-bafd\/qui-sommes-nous-2\/"},{"@type":"ListItem","position":3,"name":"La F\u00e9d\u00e9ration L\u00e9o Lagrange"}]},{"@type":"WebSite","@id":"https:\/\/www.bafa-bafd.org\/bafa-bafd\/#website","url":"https:\/\/www.bafa-bafd.org\/bafa-bafd\/","name":"BAFA BAFD","description":"Formations Bafa Bafd Lao Lagrange","publisher":{"@id":"https:\/\/www.bafa-bafd.org\/bafa-bafd\/#organization"},"potentialAction":[{"@type":"SearchAction","target":{"@type":"EntryPoint","urlTemplate":"https:\/\/www.bafa-bafd.org\/bafa-bafd\/?s={search_term_string}"},"query-input":{"@type":"PropertyValueSpecification","valueRequired":true,"valueName":"search_term_string"}}],"inLanguage":"fr-FR"},{"@type":"Organization","@id":"https:\/\/www.bafa-bafd.org\/bafa-bafd\/#organization","name":"L\u00e9o Lagrange","url":"https:\/\/www.bafa-bafd.org\/bafa-bafd\/","logo":{"@type":"ImageObject","inLanguage":"fr-FR","@id":"https:\/\/www.bafa-bafd.org\/bafa-bafd\/#\/schema\/logo\/image\/","url":"https:\/\/www.bafa-bafd.org\/bafa-bafd\/wp-content\/uploads\/2023\/03\/logo-leo-lagrange.png","contentUrl":"https:\/\/www.bafa-bafd.org\/bafa-bafd\/wp-content\/uploads\/2023\/03\/logo-leo-lagrange.png","width":166,"height":133,"caption":"L\u00e9o Lagrange"},"image":{"@id":"https:\/\/www.bafa-bafd.org\/bafa-bafd\/#\/schema\/logo\/image\/"},"sameAs":["https:\/\/www.facebook.com\/leobafanimation\/"]}]}},"_links":{"self":[{"href":"https:\/\/www.bafa-bafd.org\/bafa-bafd\/wp-json\/wp\/v2\/pages\/52","targetHints":{"allow":["GET"]}}],"collection":[{"href":"https:\/\/www.bafa-bafd.org\/bafa-bafd\/wp-json\/wp\/v2\/pages"}],"about":[{"href":"https:\/\/www.bafa-bafd.org\/bafa-bafd\/wp-json\/wp\/v2\/types\/page"}],"author":[{"embeddable":true,"href":"https:\/\/www.bafa-bafd.org\/bafa-bafd\/wp-json\/wp\/v2\/users\/1"}],"replies":[{"embeddable":true,"href":"https:\/\/www.bafa-bafd.org\/bafa-bafd\/wp-json\/wp\/v2\/comments?post=52"}],"version-history":[{"count":12,"href":"https:\/\/www.bafa-bafd.org\/bafa-bafd\/wp-json\/wp\/v2\/pages\/52\/revisions"}],"predecessor-version":[{"id":352,"href":"https:\/\/www.bafa-bafd.org\/bafa-bafd\/wp-json\/wp\/v2\/pages\/52\/revisions\/352"}],"up":[{"embeddable":true,"href":"https:\/\/www.bafa-bafd.org\/bafa-bafd\/wp-json\/wp\/v2\/pages\/364"}],"wp:attachment":[{"href":"https:\/\/www.bafa-bafd.org\/bafa-bafd\/wp-json\/wp\/v2\/media?parent=52"}],"curies":[{"name":"wp","href":"https:\/\/api.w.org\/{rel}","templated":true}]}}