{"id":49,"date":"2018-11-17T11:34:46","date_gmt":"2018-11-17T10:34:46","guid":{"rendered":"http:\/\/leo\/bafa-bafd\/?page_id=49"},"modified":"2021-10-21T14:56:33","modified_gmt":"2021-10-21T12:56:33","slug":"contacts","status":"publish","type":"page","link":"https:\/\/www.bafa-bafd.org\/bafa-bafd\/contacts\/","title":{"rendered":"Contacts"},"content":{"rendered":"<p class=\"titre-bleu\">Une question, une demande ?<\/p>\n<p class=\"texte-left\" style=\"padding-bottom: 40px;\">Pour toute question ou renseignement, contacte le service BAFA-BAFD L\u00e9o Lagrange de ton territoire. Pour conna\u00eetre, les coordonn\u00e9es, il suffit de cliquer sur la d\u00e9l\u00e9gation r\u00e9gionale correspondante sur la carte ci-dessous.<\/p>\n<div id=\"map\"><img decoding=\"async\" id=\"carte\" src=\"\/images\/carte0.png\" usemap=\"#image-map\" \/><\/p>\n<map name=\"image-map\">\n<area id=\"map1\" title=\"\" alt=\"\" coords=\"73,44,77,83,230,124,235,103,216,86,224,57,166,0,99,27\" shape=\"poly\" href=\"\/bafa-bafd\/contacts\/leo-lagrange-nord-ile-de-france\/\" target=\"_self\" \/>\n<area id=\"map2\" title=\"\" alt=\"\" coords=\"4,76,7,97,68,158,82,158,81,137,108,136,126,156,160,164,171,150,170,115,69,82,38,69\" shape=\"poly\" href=\"\/bafa-bafd\/contacts\/leo-lagrange-ouest\/\" target=\"_self\" \/>\n<area id=\"map3\" title=\"\" alt=\"\" coords=\"127,161,107,141,86,139,87,159,73,163,43,271,123,291,135,271,178,249,172,232,122,207\" shape=\"poly\" href=\"\/bafa-bafd\/contacts\/leo-lagrange-sud-ouest\/\" target=\"_self\" \/>\n<area id=\"map4\" title=\"\" alt=\"\" coords=\"214,237,253,212,295,265,293,329,167,300,130,292,139,272,181,251,173,218\" shape=\"poly\" href=\"\/bafa-bafd\/contacts\/leo-lagrange-mediterranee\/\" target=\"_self\" \/>\n<area id=\"map5\" title=\"\" alt=\"\" coords=\"292,77,265,203,214,229,166,215,127,203,129,161,158,167,174,149,175,113,231,123,237,102,221,80,229,53\" shape=\"poly\" href=\"\/bafa-bafd\/contacts\/leo-lagrange-centre-est\/\" target=\"_self\" \/>\n <\/map>\n<div id=\"dialog-carte\"><\/div>\n<\/div>\n","protected":false},"excerpt":{"rendered":"<p>Une question, une demande ? Pour toute question ou renseignement, contacte le service BAFA-BAFD L\u00e9o Lagrange de ton territoire. Pour conna\u00eetre, les coordonn\u00e9es, il suffit de cliquer sur la d\u00e9l\u00e9gation r\u00e9gionale correspondante sur la carte ci-dessous.<\/p>\n","protected":false},"author":1,"featured_media":0,"parent":0,"menu_order":0,"comment_status":"closed","ping_status":"closed","template":"gabarit.php","meta":{"footnotes":""},"class_list":["post-49","page","type-page","status-publish","hentry"],"yoast_head":"<!-- This site is optimized with the Yoast SEO plugin v27.6 - https:\/\/yoast.com\/product\/yoast-seo-wordpress\/ -->\n<title>Contacts BAFA BAFD L\u00e9o Lagrange<\/title>\n<meta name=\"description\" content=\"Contactez les secteurs BAFA BAFD L\u00e9o Lagrange en r\u00e9gion et d\u00e9couvrez les aides financi\u00e8res formation BAFA BAFD de votre r\u00e9gion\" \/>\n<meta name=\"robots\" content=\"index, follow, max-snippet:-1, max-image-preview:large, max-video-preview:-1\" \/>\n<link rel=\"canonical\" href=\"https:\/\/www.bafa-bafd.org\/bafa-bafd\/contacts\/\" \/>\n<meta property=\"og:locale\" content=\"fr_FR\" \/>\n<meta property=\"og:type\" content=\"article\" \/>\n<meta property=\"og:title\" content=\"Contacts BAFA BAFD L\u00e9o Lagrange\" \/>\n<meta property=\"og:description\" content=\"Contactez les secteurs BAFA BAFD L\u00e9o Lagrange en r\u00e9gion et d\u00e9couvrez les aides financi\u00e8res formation BAFA BAFD de votre r\u00e9gion\" \/>\n<meta property=\"og:url\" content=\"https:\/\/www.bafa-bafd.org\/bafa-bafd\/contacts\/\" \/>\n<meta property=\"og:site_name\" content=\"BAFA BAFD\" \/>\n<meta property=\"article:publisher\" content=\"https:\/\/www.facebook.com\/leobafanimation\/\" \/>\n<meta property=\"article:modified_time\" content=\"2021-10-21T12:56:33+00:00\" \/>\n<meta name=\"twitter:card\" content=\"summary_large_image\" \/>\n<script type=\"application\/ld+json\" class=\"yoast-schema-graph\">{\"@context\":\"https:\\\/\\\/schema.org\",\"@graph\":[{\"@type\":\"WebPage\",\"@id\":\"https:\\\/\\\/www.bafa-bafd.org\\\/bafa-bafd\\\/contacts\\\/\",\"url\":\"https:\\\/\\\/www.bafa-bafd.org\\\/bafa-bafd\\\/contacts\\\/\",\"name\":\"Contacts BAFA BAFD L\u00e9o Lagrange\",\"isPartOf\":{\"@id\":\"https:\\\/\\\/www.bafa-bafd.org\\\/bafa-bafd\\\/#website\"},\"datePublished\":\"2018-11-17T10:34:46+00:00\",\"dateModified\":\"2021-10-21T12:56:33+00:00\",\"description\":\"Contactez les secteurs BAFA BAFD L\u00e9o Lagrange en r\u00e9gion et d\u00e9couvrez les aides financi\u00e8res formation BAFA BAFD de votre r\u00e9gion\",\"breadcrumb\":{\"@id\":\"https:\\\/\\\/www.bafa-bafd.org\\\/bafa-bafd\\\/contacts\\\/#breadcrumb\"},\"inLanguage\":\"fr-FR\",\"potentialAction\":[{\"@type\":\"ReadAction\",\"target\":[\"https:\\\/\\\/www.bafa-bafd.org\\\/bafa-bafd\\\/contacts\\\/\"]}]},{\"@type\":\"BreadcrumbList\",\"@id\":\"https:\\\/\\\/www.bafa-bafd.org\\\/bafa-bafd\\\/contacts\\\/#breadcrumb\",\"itemListElement\":[{\"@type\":\"ListItem\",\"position\":1,\"name\":\"Accueil\",\"item\":\"\\\/\"},{\"@type\":\"ListItem\",\"position\":2,\"name\":\"Contacts\"}]},{\"@type\":\"WebSite\",\"@id\":\"https:\\\/\\\/www.bafa-bafd.org\\\/bafa-bafd\\\/#website\",\"url\":\"https:\\\/\\\/www.bafa-bafd.org\\\/bafa-bafd\\\/\",\"name\":\"BAFA BAFD\",\"description\":\"Formations Bafa Bafd Lao Lagrange\",\"publisher\":{\"@id\":\"https:\\\/\\\/www.bafa-bafd.org\\\/bafa-bafd\\\/#organization\"},\"potentialAction\":[{\"@type\":\"SearchAction\",\"target\":{\"@type\":\"EntryPoint\",\"urlTemplate\":\"https:\\\/\\\/www.bafa-bafd.org\\\/bafa-bafd\\\/?s={search_term_string}\"},\"query-input\":{\"@type\":\"PropertyValueSpecification\",\"valueRequired\":true,\"valueName\":\"search_term_string\"}}],\"inLanguage\":\"fr-FR\"},{\"@type\":\"Organization\",\"@id\":\"https:\\\/\\\/www.bafa-bafd.org\\\/bafa-bafd\\\/#organization\",\"name\":\"L\u00e9o Lagrange\",\"url\":\"https:\\\/\\\/www.bafa-bafd.org\\\/bafa-bafd\\\/\",\"logo\":{\"@type\":\"ImageObject\",\"inLanguage\":\"fr-FR\",\"@id\":\"https:\\\/\\\/www.bafa-bafd.org\\\/bafa-bafd\\\/#\\\/schema\\\/logo\\\/image\\\/\",\"url\":\"https:\\\/\\\/www.bafa-bafd.org\\\/bafa-bafd\\\/wp-content\\\/uploads\\\/2023\\\/03\\\/logo-leo-lagrange.png\",\"contentUrl\":\"https:\\\/\\\/www.bafa-bafd.org\\\/bafa-bafd\\\/wp-content\\\/uploads\\\/2023\\\/03\\\/logo-leo-lagrange.png\",\"width\":166,\"height\":133,\"caption\":\"L\u00e9o Lagrange\"},\"image\":{\"@id\":\"https:\\\/\\\/www.bafa-bafd.org\\\/bafa-bafd\\\/#\\\/schema\\\/logo\\\/image\\\/\"},\"sameAs\":[\"https:\\\/\\\/www.facebook.com\\\/leobafanimation\\\/\"]}]}<\/script>\n<!-- \/ Yoast SEO plugin. -->","yoast_head_json":{"title":"Contacts BAFA BAFD L\u00e9o Lagrange","description":"Contactez les secteurs BAFA BAFD L\u00e9o Lagrange en r\u00e9gion et d\u00e9couvrez les aides financi\u00e8res formation BAFA BAFD de votre r\u00e9gion","robots":{"index":"index","follow":"follow","max-snippet":"max-snippet:-1","max-image-preview":"max-image-preview:large","max-video-preview":"max-video-preview:-1"},"canonical":"https:\/\/www.bafa-bafd.org\/bafa-bafd\/contacts\/","og_locale":"fr_FR","og_type":"article","og_title":"Contacts BAFA BAFD L\u00e9o Lagrange","og_description":"Contactez les secteurs BAFA BAFD L\u00e9o Lagrange en r\u00e9gion et d\u00e9couvrez les aides financi\u00e8res formation BAFA BAFD de votre r\u00e9gion","og_url":"https:\/\/www.bafa-bafd.org\/bafa-bafd\/contacts\/","og_site_name":"BAFA BAFD","article_publisher":"https:\/\/www.facebook.com\/leobafanimation\/","article_modified_time":"2021-10-21T12:56:33+00:00","twitter_card":"summary_large_image","schema":{"@context":"https:\/\/schema.org","@graph":[{"@type":"WebPage","@id":"https:\/\/www.bafa-bafd.org\/bafa-bafd\/contacts\/","url":"https:\/\/www.bafa-bafd.org\/bafa-bafd\/contacts\/","name":"Contacts BAFA BAFD L\u00e9o Lagrange","isPartOf":{"@id":"https:\/\/www.bafa-bafd.org\/bafa-bafd\/#website"},"datePublished":"2018-11-17T10:34:46+00:00","dateModified":"2021-10-21T12:56:33+00:00","description":"Contactez les secteurs BAFA BAFD L\u00e9o Lagrange en r\u00e9gion et d\u00e9couvrez les aides financi\u00e8res formation BAFA BAFD de votre r\u00e9gion","breadcrumb":{"@id":"https:\/\/www.bafa-bafd.org\/bafa-bafd\/contacts\/#breadcrumb"},"inLanguage":"fr-FR","potentialAction":[{"@type":"ReadAction","target":["https:\/\/www.bafa-bafd.org\/bafa-bafd\/contacts\/"]}]},{"@type":"BreadcrumbList","@id":"https:\/\/www.bafa-bafd.org\/bafa-bafd\/contacts\/#breadcrumb","itemListElement":[{"@type":"ListItem","position":1,"name":"Accueil","item":"\/"},{"@type":"ListItem","position":2,"name":"Contacts"}]},{"@type":"WebSite","@id":"https:\/\/www.bafa-bafd.org\/bafa-bafd\/#website","url":"https:\/\/www.bafa-bafd.org\/bafa-bafd\/","name":"BAFA BAFD","description":"Formations Bafa Bafd Lao Lagrange","publisher":{"@id":"https:\/\/www.bafa-bafd.org\/bafa-bafd\/#organization"},"potentialAction":[{"@type":"SearchAction","target":{"@type":"EntryPoint","urlTemplate":"https:\/\/www.bafa-bafd.org\/bafa-bafd\/?s={search_term_string}"},"query-input":{"@type":"PropertyValueSpecification","valueRequired":true,"valueName":"search_term_string"}}],"inLanguage":"fr-FR"},{"@type":"Organization","@id":"https:\/\/www.bafa-bafd.org\/bafa-bafd\/#organization","name":"L\u00e9o Lagrange","url":"https:\/\/www.bafa-bafd.org\/bafa-bafd\/","logo":{"@type":"ImageObject","inLanguage":"fr-FR","@id":"https:\/\/www.bafa-bafd.org\/bafa-bafd\/#\/schema\/logo\/image\/","url":"https:\/\/www.bafa-bafd.org\/bafa-bafd\/wp-content\/uploads\/2023\/03\/logo-leo-lagrange.png","contentUrl":"https:\/\/www.bafa-bafd.org\/bafa-bafd\/wp-content\/uploads\/2023\/03\/logo-leo-lagrange.png","width":166,"height":133,"caption":"L\u00e9o Lagrange"},"image":{"@id":"https:\/\/www.bafa-bafd.org\/bafa-bafd\/#\/schema\/logo\/image\/"},"sameAs":["https:\/\/www.facebook.com\/leobafanimation\/"]}]}},"_links":{"self":[{"href":"https:\/\/www.bafa-bafd.org\/bafa-bafd\/wp-json\/wp\/v2\/pages\/49","targetHints":{"allow":["GET"]}}],"collection":[{"href":"https:\/\/www.bafa-bafd.org\/bafa-bafd\/wp-json\/wp\/v2\/pages"}],"about":[{"href":"https:\/\/www.bafa-bafd.org\/bafa-bafd\/wp-json\/wp\/v2\/types\/page"}],"author":[{"embeddable":true,"href":"https:\/\/www.bafa-bafd.org\/bafa-bafd\/wp-json\/wp\/v2\/users\/1"}],"replies":[{"embeddable":true,"href":"https:\/\/www.bafa-bafd.org\/bafa-bafd\/wp-json\/wp\/v2\/comments?post=49"}],"version-history":[{"count":20,"href":"https:\/\/www.bafa-bafd.org\/bafa-bafd\/wp-json\/wp\/v2\/pages\/49\/revisions"}],"predecessor-version":[{"id":528,"href":"https:\/\/www.bafa-bafd.org\/bafa-bafd\/wp-json\/wp\/v2\/pages\/49\/revisions\/528"}],"wp:attachment":[{"href":"https:\/\/www.bafa-bafd.org\/bafa-bafd\/wp-json\/wp\/v2\/media?parent=49"}],"curies":[{"name":"wp","href":"https:\/\/api.w.org\/{rel}","templated":true}]}}