{"id":46,"date":"2018-11-17T11:34:15","date_gmt":"2018-11-17T10:34:15","guid":{"rendered":"http:\/\/leo\/bafa-bafd\/?page_id=46"},"modified":"2026-01-29T18:53:16","modified_gmt":"2026-01-29T17:53:16","slug":"infos-pratiques-comment-s-inscrire","status":"publish","type":"page","link":"https:\/\/www.bafa-bafd.org\/bafa-bafd\/infos-pratiques\/infos-pratiques-comment-s-inscrire\/","title":{"rendered":"Comment s\u2019inscrire ?"},"content":{"rendered":"<h2>Avant toute d\u00e9marche d\u2019inscription, v\u00e9rifie respecter les pr\u00e9-requis r\u00e9glementaires:<\/h2>\n<ul type=\"disc\">\n<li><strong>Pour le BAFA :<\/strong> avoir 16 ans r\u00e9volus au premier jour de la session, avoir effectu\u00e9 l\u2019inscription pr\u00e9alable aupr\u00e8s des services du Minist\u00e8re et rendre un dossier d\u2019inscription complet,<\/li>\n<li><strong>Pour le BAFD :<\/strong> avoir 18 ans r\u00e9volus au premier jour de la session, \u00eatre titulaire du BAFA (ou \u00e9quivalence) et\/ou avoir obtenu une d\u00e9rogation d\u00e9livr\u00e9e par la DRJSCS, avoir effectu\u00e9 l\u2019inscription pr\u00e9alable aupr\u00e8s des services du Minist\u00e8re et rendre un dossier d\u2019inscription complet,<\/li>\n<\/ul>\n<hr \/>\n<h2>Comment s\u2019inscrire aux sessions de formation L\u00e9o Lagrange?<\/h2>\n<p>Notre site internet www.bafa-bafd.org t\u2019offre la possibilit\u00e9 de t\u2019inscrire et de payer en ligne.<br \/>\nAu-del\u00e0 de l\u2019inscription, gr\u00e2ce \u00e0 la cr\u00e9ation de ton compte, la constitution de ton dossier se fait \u00e9galement en ligne.<\/p>\n<ol>\n<li>Lis attentivement les <strong>conditions g\u00e9n\u00e9rales d\u2019inscription<\/strong><\/li>\n<li><strong>Cr\u00e9e ton compte<\/strong> et renseigne toutes les informations te concernant<\/li>\n<li>A partir de ton compte, <strong>inscris-toi \u00e0 la formation de ton choix<\/strong>.<strong>Un premier paiement par carte bancaire (paiement s\u00e9curis\u00e9 en ligne), te garantit une place.<\/strong><br \/>\nMais tu peux \u00e9galement payer le co\u00fbt de ton stage ou un acompte :<\/p>\n<ul type=\"disc\">\n<li><strong>en nous faisant parvenir : <\/strong><br \/>\n&#8211; un ch\u00e8que \u00e0 l\u2019ordre de L\u00e9o Lagrange<br \/>\n&#8211; des ch\u00e8ques vacances<br \/>\nA r\u00e9ception, ton inscription sera valid\u00e9e.<\/li>\n<li><strong>en nous apportant des esp\u00e8ces sur place<\/strong><\/li>\n<\/ul>\n<\/li>\n<li><strong>Compl\u00e8te<\/strong> ton inscription dans ton espace en y t\u00e9l\u00e9chargeant les pi\u00e8ces n\u00e9cessaires \u00e0 la constitution de ton dossier.<\/li>\n<li><strong>8 jours avant le d\u00e9marrage de ta formation<\/strong>, ton dossier complet et le prix de ton stage sold\u00e9, nous t\u2019envoyons ta <strong>convocation<\/strong> !<\/li>\n<\/ol>\n<div class=\"encadre\">\n<h3 class=\"h3home\">Besoin d\u2019un devis ?<\/h3>\n<hr \/>\n<p>Pas encore d\u00e9cid\u00e9 ? Besoin d\u2019un devis pour rechercher les financements de <strong>ta formation<\/strong> ? Apr\u00e8s avoir cr\u00e9\u00e9 ton compte, il te suffit de s\u00e9lectionner une formation pour <strong>t\u00e9l\u00e9charger un devis<\/strong>.<br \/>\nN\u2019oublie pas de consulter notre rubrique \u201c<strong>aides financi\u00e8res<\/strong>\u201d !<\/p>\n<\/div>\n","protected":false},"excerpt":{"rendered":"<p>Avant toute d\u00e9marche d\u2019inscription, v\u00e9rifie respecter les pr\u00e9-requis r\u00e9glementaires: Pour le BAFA : avoir 16 ans r\u00e9volus au premier jour de la session, avoir effectu\u00e9 l\u2019inscription pr\u00e9alable aupr\u00e8s des services du Minist\u00e8re et rendre un dossier d\u2019inscription complet, Pour le BAFD : avoir 18 ans r\u00e9volus au premier jour de la session, \u00eatre titulaire du [&hellip;]<\/p>\n","protected":false},"author":1,"featured_media":0,"parent":382,"menu_order":50,"comment_status":"closed","ping_status":"closed","template":"gabarit.php","meta":{"footnotes":""},"class_list":["post-46","page","type-page","status-publish","hentry"],"yoast_head":"<!-- This site is optimized with the Yoast SEO plugin v27.3 - https:\/\/yoast.com\/product\/yoast-seo-wordpress\/ -->\n<title>BAFA BAFD: Comment s&#039;inscrire?<\/title>\n<meta name=\"description\" content=\"Pour s&#039;inscrire aux formations BAFA BAFD L\u00e9o Lagrange, s\u00e9lectionne un stage BAFA BAFD et inscris-toi en ligne! Tu pourras compl\u00e9ter ton dossier d&#039;inscription BAFA BAFD dans ton espace client en payer en ligne de mani\u00e8re s\u00e9curis\u00e9e.\" \/>\n<meta name=\"robots\" content=\"index, follow, max-snippet:-1, max-image-preview:large, max-video-preview:-1\" \/>\n<link rel=\"canonical\" href=\"https:\/\/www.bafa-bafd.org\/bafa-bafd\/infos-pratiques\/infos-pratiques-comment-s-inscrire\/\" \/>\n<meta property=\"og:locale\" content=\"fr_FR\" \/>\n<meta property=\"og:type\" content=\"article\" \/>\n<meta property=\"og:title\" content=\"BAFA BAFD: Comment s&#039;inscrire?\" \/>\n<meta property=\"og:description\" content=\"Pour s&#039;inscrire aux formations BAFA BAFD L\u00e9o Lagrange, s\u00e9lectionne un stage BAFA BAFD et inscris-toi en ligne! Tu pourras compl\u00e9ter ton dossier d&#039;inscription BAFA BAFD dans ton espace client en payer en ligne de mani\u00e8re s\u00e9curis\u00e9e.\" \/>\n<meta property=\"og:url\" content=\"https:\/\/www.bafa-bafd.org\/bafa-bafd\/infos-pratiques\/infos-pratiques-comment-s-inscrire\/\" \/>\n<meta property=\"og:site_name\" content=\"BAFA BAFD\" \/>\n<meta property=\"article:publisher\" content=\"https:\/\/www.facebook.com\/leobafanimation\/\" \/>\n<meta property=\"article:modified_time\" content=\"2026-01-29T17:53:16+00:00\" \/>\n<meta name=\"twitter:card\" content=\"summary_large_image\" \/>\n<meta name=\"twitter:label1\" content=\"Dur\u00e9e de lecture estim\u00e9e\" \/>\n\t<meta name=\"twitter:data1\" content=\"2 minutes\" \/>\n<script type=\"application\/ld+json\" class=\"yoast-schema-graph\">{\"@context\":\"https:\\\/\\\/schema.org\",\"@graph\":[{\"@type\":\"WebPage\",\"@id\":\"https:\\\/\\\/www.bafa-bafd.org\\\/bafa-bafd\\\/infos-pratiques\\\/infos-pratiques-comment-s-inscrire\\\/\",\"url\":\"https:\\\/\\\/www.bafa-bafd.org\\\/bafa-bafd\\\/infos-pratiques\\\/infos-pratiques-comment-s-inscrire\\\/\",\"name\":\"BAFA BAFD: Comment s'inscrire?\",\"isPartOf\":{\"@id\":\"https:\\\/\\\/www.bafa-bafd.org\\\/bafa-bafd\\\/#website\"},\"datePublished\":\"2018-11-17T10:34:15+00:00\",\"dateModified\":\"2026-01-29T17:53:16+00:00\",\"description\":\"Pour s'inscrire aux formations BAFA BAFD L\u00e9o Lagrange, s\u00e9lectionne un stage BAFA BAFD et inscris-toi en ligne! Tu pourras compl\u00e9ter ton dossier d'inscription BAFA BAFD dans ton espace client en payer en ligne de mani\u00e8re s\u00e9curis\u00e9e.\",\"breadcrumb\":{\"@id\":\"https:\\\/\\\/www.bafa-bafd.org\\\/bafa-bafd\\\/infos-pratiques\\\/infos-pratiques-comment-s-inscrire\\\/#breadcrumb\"},\"inLanguage\":\"fr-FR\",\"potentialAction\":[{\"@type\":\"ReadAction\",\"target\":[\"https:\\\/\\\/www.bafa-bafd.org\\\/bafa-bafd\\\/infos-pratiques\\\/infos-pratiques-comment-s-inscrire\\\/\"]}]},{\"@type\":\"BreadcrumbList\",\"@id\":\"https:\\\/\\\/www.bafa-bafd.org\\\/bafa-bafd\\\/infos-pratiques\\\/infos-pratiques-comment-s-inscrire\\\/#breadcrumb\",\"itemListElement\":[{\"@type\":\"ListItem\",\"position\":1,\"name\":\"Accueil\",\"item\":\"\\\/\"},{\"@type\":\"ListItem\",\"position\":2,\"name\":\"INFOS PRATIQUES\",\"item\":\"https:\\\/\\\/www.bafa-bafd.org\\\/bafa-bafd\\\/infos-pratiques\\\/\"},{\"@type\":\"ListItem\",\"position\":3,\"name\":\"Comment s\u2019inscrire ?\"}]},{\"@type\":\"WebSite\",\"@id\":\"https:\\\/\\\/www.bafa-bafd.org\\\/bafa-bafd\\\/#website\",\"url\":\"https:\\\/\\\/www.bafa-bafd.org\\\/bafa-bafd\\\/\",\"name\":\"BAFA BAFD\",\"description\":\"Formations Bafa Bafd Lao Lagrange\",\"publisher\":{\"@id\":\"https:\\\/\\\/www.bafa-bafd.org\\\/bafa-bafd\\\/#organization\"},\"potentialAction\":[{\"@type\":\"SearchAction\",\"target\":{\"@type\":\"EntryPoint\",\"urlTemplate\":\"https:\\\/\\\/www.bafa-bafd.org\\\/bafa-bafd\\\/?s={search_term_string}\"},\"query-input\":{\"@type\":\"PropertyValueSpecification\",\"valueRequired\":true,\"valueName\":\"search_term_string\"}}],\"inLanguage\":\"fr-FR\"},{\"@type\":\"Organization\",\"@id\":\"https:\\\/\\\/www.bafa-bafd.org\\\/bafa-bafd\\\/#organization\",\"name\":\"L\u00e9o Lagrange\",\"url\":\"https:\\\/\\\/www.bafa-bafd.org\\\/bafa-bafd\\\/\",\"logo\":{\"@type\":\"ImageObject\",\"inLanguage\":\"fr-FR\",\"@id\":\"https:\\\/\\\/www.bafa-bafd.org\\\/bafa-bafd\\\/#\\\/schema\\\/logo\\\/image\\\/\",\"url\":\"https:\\\/\\\/www.bafa-bafd.org\\\/bafa-bafd\\\/wp-content\\\/uploads\\\/2023\\\/03\\\/logo-leo-lagrange.png\",\"contentUrl\":\"https:\\\/\\\/www.bafa-bafd.org\\\/bafa-bafd\\\/wp-content\\\/uploads\\\/2023\\\/03\\\/logo-leo-lagrange.png\",\"width\":166,\"height\":133,\"caption\":\"L\u00e9o Lagrange\"},\"image\":{\"@id\":\"https:\\\/\\\/www.bafa-bafd.org\\\/bafa-bafd\\\/#\\\/schema\\\/logo\\\/image\\\/\"},\"sameAs\":[\"https:\\\/\\\/www.facebook.com\\\/leobafanimation\\\/\"]}]}<\/script>\n<!-- \/ Yoast SEO plugin. -->","yoast_head_json":{"title":"BAFA BAFD: Comment s'inscrire?","description":"Pour s'inscrire aux formations BAFA BAFD L\u00e9o Lagrange, s\u00e9lectionne un stage BAFA BAFD et inscris-toi en ligne! Tu pourras compl\u00e9ter ton dossier d'inscription BAFA BAFD dans ton espace client en payer en ligne de mani\u00e8re s\u00e9curis\u00e9e.","robots":{"index":"index","follow":"follow","max-snippet":"max-snippet:-1","max-image-preview":"max-image-preview:large","max-video-preview":"max-video-preview:-1"},"canonical":"https:\/\/www.bafa-bafd.org\/bafa-bafd\/infos-pratiques\/infos-pratiques-comment-s-inscrire\/","og_locale":"fr_FR","og_type":"article","og_title":"BAFA BAFD: Comment s'inscrire?","og_description":"Pour s'inscrire aux formations BAFA BAFD L\u00e9o Lagrange, s\u00e9lectionne un stage BAFA BAFD et inscris-toi en ligne! Tu pourras compl\u00e9ter ton dossier d'inscription BAFA BAFD dans ton espace client en payer en ligne de mani\u00e8re s\u00e9curis\u00e9e.","og_url":"https:\/\/www.bafa-bafd.org\/bafa-bafd\/infos-pratiques\/infos-pratiques-comment-s-inscrire\/","og_site_name":"BAFA BAFD","article_publisher":"https:\/\/www.facebook.com\/leobafanimation\/","article_modified_time":"2026-01-29T17:53:16+00:00","twitter_card":"summary_large_image","twitter_misc":{"Dur\u00e9e de lecture estim\u00e9e":"2 minutes"},"schema":{"@context":"https:\/\/schema.org","@graph":[{"@type":"WebPage","@id":"https:\/\/www.bafa-bafd.org\/bafa-bafd\/infos-pratiques\/infos-pratiques-comment-s-inscrire\/","url":"https:\/\/www.bafa-bafd.org\/bafa-bafd\/infos-pratiques\/infos-pratiques-comment-s-inscrire\/","name":"BAFA BAFD: Comment s'inscrire?","isPartOf":{"@id":"https:\/\/www.bafa-bafd.org\/bafa-bafd\/#website"},"datePublished":"2018-11-17T10:34:15+00:00","dateModified":"2026-01-29T17:53:16+00:00","description":"Pour s'inscrire aux formations BAFA BAFD L\u00e9o Lagrange, s\u00e9lectionne un stage BAFA BAFD et inscris-toi en ligne! Tu pourras compl\u00e9ter ton dossier d'inscription BAFA BAFD dans ton espace client en payer en ligne de mani\u00e8re s\u00e9curis\u00e9e.","breadcrumb":{"@id":"https:\/\/www.bafa-bafd.org\/bafa-bafd\/infos-pratiques\/infos-pratiques-comment-s-inscrire\/#breadcrumb"},"inLanguage":"fr-FR","potentialAction":[{"@type":"ReadAction","target":["https:\/\/www.bafa-bafd.org\/bafa-bafd\/infos-pratiques\/infos-pratiques-comment-s-inscrire\/"]}]},{"@type":"BreadcrumbList","@id":"https:\/\/www.bafa-bafd.org\/bafa-bafd\/infos-pratiques\/infos-pratiques-comment-s-inscrire\/#breadcrumb","itemListElement":[{"@type":"ListItem","position":1,"name":"Accueil","item":"\/"},{"@type":"ListItem","position":2,"name":"INFOS PRATIQUES","item":"https:\/\/www.bafa-bafd.org\/bafa-bafd\/infos-pratiques\/"},{"@type":"ListItem","position":3,"name":"Comment s\u2019inscrire ?"}]},{"@type":"WebSite","@id":"https:\/\/www.bafa-bafd.org\/bafa-bafd\/#website","url":"https:\/\/www.bafa-bafd.org\/bafa-bafd\/","name":"BAFA BAFD","description":"Formations Bafa Bafd Lao Lagrange","publisher":{"@id":"https:\/\/www.bafa-bafd.org\/bafa-bafd\/#organization"},"potentialAction":[{"@type":"SearchAction","target":{"@type":"EntryPoint","urlTemplate":"https:\/\/www.bafa-bafd.org\/bafa-bafd\/?s={search_term_string}"},"query-input":{"@type":"PropertyValueSpecification","valueRequired":true,"valueName":"search_term_string"}}],"inLanguage":"fr-FR"},{"@type":"Organization","@id":"https:\/\/www.bafa-bafd.org\/bafa-bafd\/#organization","name":"L\u00e9o Lagrange","url":"https:\/\/www.bafa-bafd.org\/bafa-bafd\/","logo":{"@type":"ImageObject","inLanguage":"fr-FR","@id":"https:\/\/www.bafa-bafd.org\/bafa-bafd\/#\/schema\/logo\/image\/","url":"https:\/\/www.bafa-bafd.org\/bafa-bafd\/wp-content\/uploads\/2023\/03\/logo-leo-lagrange.png","contentUrl":"https:\/\/www.bafa-bafd.org\/bafa-bafd\/wp-content\/uploads\/2023\/03\/logo-leo-lagrange.png","width":166,"height":133,"caption":"L\u00e9o Lagrange"},"image":{"@id":"https:\/\/www.bafa-bafd.org\/bafa-bafd\/#\/schema\/logo\/image\/"},"sameAs":["https:\/\/www.facebook.com\/leobafanimation\/"]}]}},"_links":{"self":[{"href":"https:\/\/www.bafa-bafd.org\/bafa-bafd\/wp-json\/wp\/v2\/pages\/46","targetHints":{"allow":["GET"]}}],"collection":[{"href":"https:\/\/www.bafa-bafd.org\/bafa-bafd\/wp-json\/wp\/v2\/pages"}],"about":[{"href":"https:\/\/www.bafa-bafd.org\/bafa-bafd\/wp-json\/wp\/v2\/types\/page"}],"author":[{"embeddable":true,"href":"https:\/\/www.bafa-bafd.org\/bafa-bafd\/wp-json\/wp\/v2\/users\/1"}],"replies":[{"embeddable":true,"href":"https:\/\/www.bafa-bafd.org\/bafa-bafd\/wp-json\/wp\/v2\/comments?post=46"}],"version-history":[{"count":11,"href":"https:\/\/www.bafa-bafd.org\/bafa-bafd\/wp-json\/wp\/v2\/pages\/46\/revisions"}],"predecessor-version":[{"id":756,"href":"https:\/\/www.bafa-bafd.org\/bafa-bafd\/wp-json\/wp\/v2\/pages\/46\/revisions\/756"}],"up":[{"embeddable":true,"href":"https:\/\/www.bafa-bafd.org\/bafa-bafd\/wp-json\/wp\/v2\/pages\/382"}],"wp:attachment":[{"href":"https:\/\/www.bafa-bafd.org\/bafa-bafd\/wp-json\/wp\/v2\/media?parent=46"}],"curies":[{"name":"wp","href":"https:\/\/api.w.org\/{rel}","templated":true}]}}