{"id":432,"date":"2019-03-26T12:26:40","date_gmt":"2019-03-26T11:26:40","guid":{"rendered":"https:\/\/www.devz2.com\/bafa-bafd\/?page_id=432"},"modified":"2019-03-27T07:41:47","modified_gmt":"2019-03-27T06:41:47","slug":"leo-lagrange-nord-ile-de-france","status":"publish","type":"page","link":"https:\/\/www.bafa-bafd.org\/bafa-bafd\/contacts\/leo-lagrange-nord-ile-de-france\/","title":{"rendered":"L\u00c9O LAGRANGE NORD-ILE-DE-FRANCE"},"content":{"rendered":"","protected":false},"excerpt":{"rendered":"","protected":false},"author":1,"featured_media":0,"parent":49,"menu_order":0,"comment_status":"closed","ping_status":"closed","template":"gabarit-contact.php","meta":{"footnotes":""},"class_list":["post-432","page","type-page","status-publish","hentry"],"yoast_head":"<!-- This site is optimized with the Yoast SEO plugin v27.4 - https:\/\/yoast.com\/product\/yoast-seo-wordpress\/ -->\n<title>BAFA BAFD Nord Ile de France<\/title>\n<meta name=\"description\" content=\"Contactez L\u00e9o Lagrange BAFA BAFD Nord Ile de France (Ile de France, Hauts-de-France, Normandie, Eure-et-Loir, Champagne-Ardennes) et d\u00e9couvrez les stages BAFA BAFD et les aides financi\u00e8res formation BAFA BAFD de la r\u00e9gion Nord Ile de France\" \/>\n<meta name=\"robots\" content=\"index, follow, max-snippet:-1, max-image-preview:large, max-video-preview:-1\" \/>\n<link rel=\"canonical\" href=\"https:\/\/www.bafa-bafd.org\/bafa-bafd\/contacts\/leo-lagrange-nord-ile-de-france\/\" \/>\n<meta property=\"og:locale\" content=\"fr_FR\" \/>\n<meta property=\"og:type\" content=\"article\" \/>\n<meta property=\"og:title\" content=\"BAFA BAFD Nord Ile de France\" \/>\n<meta property=\"og:description\" content=\"Contactez L\u00e9o Lagrange BAFA BAFD Nord Ile de France (Ile de France, Hauts-de-France, Normandie, Eure-et-Loir, Champagne-Ardennes) et d\u00e9couvrez les stages BAFA BAFD et les aides financi\u00e8res formation BAFA BAFD de la r\u00e9gion Nord Ile de France\" \/>\n<meta property=\"og:url\" content=\"https:\/\/www.bafa-bafd.org\/bafa-bafd\/contacts\/leo-lagrange-nord-ile-de-france\/\" \/>\n<meta property=\"og:site_name\" content=\"BAFA BAFD\" \/>\n<meta property=\"article:publisher\" content=\"https:\/\/www.facebook.com\/leobafanimation\/\" \/>\n<meta property=\"article:modified_time\" content=\"2019-03-27T06:41:47+00:00\" \/>\n<meta name=\"twitter:card\" content=\"summary_large_image\" \/>\n<script type=\"application\/ld+json\" class=\"yoast-schema-graph\">{\"@context\":\"https:\\\/\\\/schema.org\",\"@graph\":[{\"@type\":\"WebPage\",\"@id\":\"https:\\\/\\\/www.bafa-bafd.org\\\/bafa-bafd\\\/contacts\\\/leo-lagrange-nord-ile-de-france\\\/\",\"url\":\"https:\\\/\\\/www.bafa-bafd.org\\\/bafa-bafd\\\/contacts\\\/leo-lagrange-nord-ile-de-france\\\/\",\"name\":\"BAFA BAFD Nord Ile de France\",\"isPartOf\":{\"@id\":\"https:\\\/\\\/www.bafa-bafd.org\\\/bafa-bafd\\\/#website\"},\"datePublished\":\"2019-03-26T11:26:40+00:00\",\"dateModified\":\"2019-03-27T06:41:47+00:00\",\"description\":\"Contactez L\u00e9o Lagrange BAFA BAFD Nord Ile de France (Ile de France, Hauts-de-France, Normandie, Eure-et-Loir, Champagne-Ardennes) et d\u00e9couvrez les stages BAFA BAFD et les aides financi\u00e8res formation BAFA BAFD de la r\u00e9gion Nord Ile de France\",\"breadcrumb\":{\"@id\":\"https:\\\/\\\/www.bafa-bafd.org\\\/bafa-bafd\\\/contacts\\\/leo-lagrange-nord-ile-de-france\\\/#breadcrumb\"},\"inLanguage\":\"fr-FR\",\"potentialAction\":[{\"@type\":\"ReadAction\",\"target\":[\"https:\\\/\\\/www.bafa-bafd.org\\\/bafa-bafd\\\/contacts\\\/leo-lagrange-nord-ile-de-france\\\/\"]}]},{\"@type\":\"BreadcrumbList\",\"@id\":\"https:\\\/\\\/www.bafa-bafd.org\\\/bafa-bafd\\\/contacts\\\/leo-lagrange-nord-ile-de-france\\\/#breadcrumb\",\"itemListElement\":[{\"@type\":\"ListItem\",\"position\":1,\"name\":\"Accueil\",\"item\":\"\\\/\"},{\"@type\":\"ListItem\",\"position\":2,\"name\":\"Contacts\",\"item\":\"https:\\\/\\\/www.bafa-bafd.org\\\/bafa-bafd\\\/contacts\\\/\"},{\"@type\":\"ListItem\",\"position\":3,\"name\":\"L\u00c9O LAGRANGE NORD-ILE-DE-FRANCE\"}]},{\"@type\":\"WebSite\",\"@id\":\"https:\\\/\\\/www.bafa-bafd.org\\\/bafa-bafd\\\/#website\",\"url\":\"https:\\\/\\\/www.bafa-bafd.org\\\/bafa-bafd\\\/\",\"name\":\"BAFA BAFD\",\"description\":\"Formations Bafa Bafd Lao Lagrange\",\"publisher\":{\"@id\":\"https:\\\/\\\/www.bafa-bafd.org\\\/bafa-bafd\\\/#organization\"},\"potentialAction\":[{\"@type\":\"SearchAction\",\"target\":{\"@type\":\"EntryPoint\",\"urlTemplate\":\"https:\\\/\\\/www.bafa-bafd.org\\\/bafa-bafd\\\/?s={search_term_string}\"},\"query-input\":{\"@type\":\"PropertyValueSpecification\",\"valueRequired\":true,\"valueName\":\"search_term_string\"}}],\"inLanguage\":\"fr-FR\"},{\"@type\":\"Organization\",\"@id\":\"https:\\\/\\\/www.bafa-bafd.org\\\/bafa-bafd\\\/#organization\",\"name\":\"L\u00e9o Lagrange\",\"url\":\"https:\\\/\\\/www.bafa-bafd.org\\\/bafa-bafd\\\/\",\"logo\":{\"@type\":\"ImageObject\",\"inLanguage\":\"fr-FR\",\"@id\":\"https:\\\/\\\/www.bafa-bafd.org\\\/bafa-bafd\\\/#\\\/schema\\\/logo\\\/image\\\/\",\"url\":\"https:\\\/\\\/www.bafa-bafd.org\\\/bafa-bafd\\\/wp-content\\\/uploads\\\/2023\\\/03\\\/logo-leo-lagrange.png\",\"contentUrl\":\"https:\\\/\\\/www.bafa-bafd.org\\\/bafa-bafd\\\/wp-content\\\/uploads\\\/2023\\\/03\\\/logo-leo-lagrange.png\",\"width\":166,\"height\":133,\"caption\":\"L\u00e9o Lagrange\"},\"image\":{\"@id\":\"https:\\\/\\\/www.bafa-bafd.org\\\/bafa-bafd\\\/#\\\/schema\\\/logo\\\/image\\\/\"},\"sameAs\":[\"https:\\\/\\\/www.facebook.com\\\/leobafanimation\\\/\"]}]}<\/script>\n<!-- \/ Yoast SEO plugin. -->","yoast_head_json":{"title":"BAFA BAFD Nord Ile de France","description":"Contactez L\u00e9o Lagrange BAFA BAFD Nord Ile de France (Ile de France, Hauts-de-France, Normandie, Eure-et-Loir, Champagne-Ardennes) et d\u00e9couvrez les stages BAFA BAFD et les aides financi\u00e8res formation BAFA BAFD de la r\u00e9gion Nord Ile de France","robots":{"index":"index","follow":"follow","max-snippet":"max-snippet:-1","max-image-preview":"max-image-preview:large","max-video-preview":"max-video-preview:-1"},"canonical":"https:\/\/www.bafa-bafd.org\/bafa-bafd\/contacts\/leo-lagrange-nord-ile-de-france\/","og_locale":"fr_FR","og_type":"article","og_title":"BAFA BAFD Nord Ile de France","og_description":"Contactez L\u00e9o Lagrange BAFA BAFD Nord Ile de France (Ile de France, Hauts-de-France, Normandie, Eure-et-Loir, Champagne-Ardennes) et d\u00e9couvrez les stages BAFA BAFD et les aides financi\u00e8res formation BAFA BAFD de la r\u00e9gion Nord Ile de France","og_url":"https:\/\/www.bafa-bafd.org\/bafa-bafd\/contacts\/leo-lagrange-nord-ile-de-france\/","og_site_name":"BAFA BAFD","article_publisher":"https:\/\/www.facebook.com\/leobafanimation\/","article_modified_time":"2019-03-27T06:41:47+00:00","twitter_card":"summary_large_image","schema":{"@context":"https:\/\/schema.org","@graph":[{"@type":"WebPage","@id":"https:\/\/www.bafa-bafd.org\/bafa-bafd\/contacts\/leo-lagrange-nord-ile-de-france\/","url":"https:\/\/www.bafa-bafd.org\/bafa-bafd\/contacts\/leo-lagrange-nord-ile-de-france\/","name":"BAFA BAFD Nord Ile de France","isPartOf":{"@id":"https:\/\/www.bafa-bafd.org\/bafa-bafd\/#website"},"datePublished":"2019-03-26T11:26:40+00:00","dateModified":"2019-03-27T06:41:47+00:00","description":"Contactez L\u00e9o Lagrange BAFA BAFD Nord Ile de France (Ile de France, Hauts-de-France, Normandie, Eure-et-Loir, Champagne-Ardennes) et d\u00e9couvrez les stages BAFA BAFD et les aides financi\u00e8res formation BAFA BAFD de la r\u00e9gion Nord Ile de France","breadcrumb":{"@id":"https:\/\/www.bafa-bafd.org\/bafa-bafd\/contacts\/leo-lagrange-nord-ile-de-france\/#breadcrumb"},"inLanguage":"fr-FR","potentialAction":[{"@type":"ReadAction","target":["https:\/\/www.bafa-bafd.org\/bafa-bafd\/contacts\/leo-lagrange-nord-ile-de-france\/"]}]},{"@type":"BreadcrumbList","@id":"https:\/\/www.bafa-bafd.org\/bafa-bafd\/contacts\/leo-lagrange-nord-ile-de-france\/#breadcrumb","itemListElement":[{"@type":"ListItem","position":1,"name":"Accueil","item":"\/"},{"@type":"ListItem","position":2,"name":"Contacts","item":"https:\/\/www.bafa-bafd.org\/bafa-bafd\/contacts\/"},{"@type":"ListItem","position":3,"name":"L\u00c9O LAGRANGE NORD-ILE-DE-FRANCE"}]},{"@type":"WebSite","@id":"https:\/\/www.bafa-bafd.org\/bafa-bafd\/#website","url":"https:\/\/www.bafa-bafd.org\/bafa-bafd\/","name":"BAFA BAFD","description":"Formations Bafa Bafd Lao Lagrange","publisher":{"@id":"https:\/\/www.bafa-bafd.org\/bafa-bafd\/#organization"},"potentialAction":[{"@type":"SearchAction","target":{"@type":"EntryPoint","urlTemplate":"https:\/\/www.bafa-bafd.org\/bafa-bafd\/?s={search_term_string}"},"query-input":{"@type":"PropertyValueSpecification","valueRequired":true,"valueName":"search_term_string"}}],"inLanguage":"fr-FR"},{"@type":"Organization","@id":"https:\/\/www.bafa-bafd.org\/bafa-bafd\/#organization","name":"L\u00e9o Lagrange","url":"https:\/\/www.bafa-bafd.org\/bafa-bafd\/","logo":{"@type":"ImageObject","inLanguage":"fr-FR","@id":"https:\/\/www.bafa-bafd.org\/bafa-bafd\/#\/schema\/logo\/image\/","url":"https:\/\/www.bafa-bafd.org\/bafa-bafd\/wp-content\/uploads\/2023\/03\/logo-leo-lagrange.png","contentUrl":"https:\/\/www.bafa-bafd.org\/bafa-bafd\/wp-content\/uploads\/2023\/03\/logo-leo-lagrange.png","width":166,"height":133,"caption":"L\u00e9o Lagrange"},"image":{"@id":"https:\/\/www.bafa-bafd.org\/bafa-bafd\/#\/schema\/logo\/image\/"},"sameAs":["https:\/\/www.facebook.com\/leobafanimation\/"]}]}},"_links":{"self":[{"href":"https:\/\/www.bafa-bafd.org\/bafa-bafd\/wp-json\/wp\/v2\/pages\/432","targetHints":{"allow":["GET"]}}],"collection":[{"href":"https:\/\/www.bafa-bafd.org\/bafa-bafd\/wp-json\/wp\/v2\/pages"}],"about":[{"href":"https:\/\/www.bafa-bafd.org\/bafa-bafd\/wp-json\/wp\/v2\/types\/page"}],"author":[{"embeddable":true,"href":"https:\/\/www.bafa-bafd.org\/bafa-bafd\/wp-json\/wp\/v2\/users\/1"}],"replies":[{"embeddable":true,"href":"https:\/\/www.bafa-bafd.org\/bafa-bafd\/wp-json\/wp\/v2\/comments?post=432"}],"version-history":[{"count":1,"href":"https:\/\/www.bafa-bafd.org\/bafa-bafd\/wp-json\/wp\/v2\/pages\/432\/revisions"}],"predecessor-version":[{"id":433,"href":"https:\/\/www.bafa-bafd.org\/bafa-bafd\/wp-json\/wp\/v2\/pages\/432\/revisions\/433"}],"up":[{"embeddable":true,"href":"https:\/\/www.bafa-bafd.org\/bafa-bafd\/wp-json\/wp\/v2\/pages\/49"}],"wp:attachment":[{"href":"https:\/\/www.bafa-bafd.org\/bafa-bafd\/wp-json\/wp\/v2\/media?parent=432"}],"curies":[{"name":"wp","href":"https:\/\/api.w.org\/{rel}","templated":true}]}}