{"id":349,"date":"2019-03-21T09:54:52","date_gmt":"2019-03-21T08:54:52","guid":{"rendered":"https:\/\/www.devz2.com\/bafa-bafd\/?page_id=349"},"modified":"2022-07-07T14:35:59","modified_gmt":"2022-07-07T12:35:59","slug":"mentions-legales","status":"publish","type":"page","link":"https:\/\/www.bafa-bafd.org\/bafa-bafd\/mentions-legales\/","title":{"rendered":"Mentions l\u00e9gales"},"content":{"rendered":"<h2>Coordonn\u00e9es<\/h2>\n<p>L\u00e9o Lagrange BAFA \u2013 BAFD<br \/>\nF\u00e9d\u00e9ration L\u00e9o Lagrange<br \/>\n150 rue des Poissonniers<br \/>\n75018 Paris cedex 18<br \/>\nN\u00b0 Siren : 784 405 870<\/p>\n<h2>H\u00e9bergement<\/h2>\n<p>OVH\u2013 Soci\u00e9t\u00e9 par actions simplifi\u00e9e a associ\u00e9 unique\u2013 2 rue Kellermann &#8211; 59100 Roubaix \u2013 France \u2013 T\u00e9l.: 09 72 10 10 07<\/p>\n<h2>Directeur de la publication<\/h2>\n<p>Vincent S\u00e9gu\u00e9la<\/p>\n<h2>Comit\u00e9 de r\u00e9daction<\/h2>\n<p>Sabri Djellouli, Camille Dombret<\/p>\n<h2>Droits d\u2019auteur<\/h2>\n<p>En application du Code fran\u00e7ais de la propri\u00e9t\u00e9 intellectuelle et plus g\u00e9n\u00e9ralement des trait\u00e9s et accords internationaux comportant des dispositions relatives \u00e0 la protection des droits d\u2019auteurs, il est interdit pour un usage autre que priv\u00e9 de reproduire, vendre, diffuser, modifier, publier int\u00e9gralement ou partiellement, sous quelque forme que ce soit les donn\u00e9es, la pr\u00e9sentation ou l\u2019organisation du site ainsi que les \u0153uvres prot\u00e9g\u00e9es par les droits d\u2019auteur qui y figurent, sans autorisation \u00e9crite particuli\u00e8re et pr\u00e9alable du secr\u00e9tariat g\u00e9n\u00e9ral de la F\u00e9d\u00e9ration L\u00e9o Lagrange.<\/p>\n<p>De fa\u00e7on g\u00e9n\u00e9rale, toute reproduction ou repr\u00e9sentation non autoris\u00e9e de marques, logos, dessins, mod\u00e8les, d\u2019\u0153uvres litt\u00e9raires, musicales, audiovisuelles, photographiques et plus g\u00e9n\u00e9ralement de tout \u00e9l\u00e9ment susceptible d\u2019\u00eatre prot\u00e9g\u00e9 par un droit de propri\u00e9t\u00e9 intellectuelle accessibles sur le site est interdite et constituerait une contrefa\u00e7on au sens des articles L335-2 et suivants du Code de la Propri\u00e9t\u00e9 Intellectuelle, \u00e0 moins que cette reproduction ou repr\u00e9sentation ne soit exclusivement r\u00e9serv\u00e9e \u00e0 un usage strictement personnel et priv\u00e9.<\/p>\n<p>Pour toute utilisation \u00e0 des fins personnelles, seules les actualit\u00e9s peuvent \u00eatre relay\u00e9es, sous r\u00e9serve de mentionner de fa\u00e7on claire et lisible la source et la mention suivante : \u00ab \u00a9 F\u00e9d\u00e9ration L\u00e9o Lagrange \u2013 droits r\u00e9serv\u00e9s \u00bb.<\/p>\n<h2>Cr\u00e9dits photographiques et droits des illustrations<\/h2>\n<p>Les photographies et illustrations visibles sur notre site ne sont pas libres de droit. Pour tout renseignement, veuillez contacter le service communication de la F\u00e9d\u00e9ration L\u00e9o Lagrange.<\/p>\n<h2>Protection des donn\u00e9es personnelles : R\u00e8glement g\u00e9n\u00e9ral sur la protection des donn\u00e9es (RGPD)<\/h2>\n<p><strong>Inscription au BAFA\/BAFD<\/strong><br \/>\nLes informations personnelles recueillies sur le formulaire en ligne sont n\u00e9cessaires pour valider votre inscription \u00e0 la formation au brevet d\u2019aptitude \u00e0 la fonction d\u2019animateur (BAFA) ou au brevet d\u2019aptitude de directeur (BAFD). Ces informations font l\u2019objet d\u2019un traitement informatique destin\u00e9 \u00e0 notre service administratif et comptable. Elles ne sont pas c\u00e9d\u00e9es \u00e0 des tiers ni utilis\u00e9es \u00e0 d\u2019autres fins commerciales.<\/p>\n<p><strong>Dur\u00e9e de conservation<\/strong><br \/>\nLes donn\u00e9es collect\u00e9es dans la partie \u00ab inscription en ligne \u00bb sont strictement recueillies pour votre inscription \u00e0 la formation BAFA ou BAFD. Elles sont confidentielles et conserv\u00e9es pour une dur\u00e9e de 3 ans.<\/p>\n<p><strong>Paiement en ligne <\/strong><br \/>\nLorsque vous payez sur notre site internet, vos paiements sont s\u00e9curis\u00e9s. La F\u00e9d\u00e9ration L\u00e9o Lagrange ne collecte pas vos donn\u00e9es de paiement mais seulement un identifiant de paiement. L&rsquo;int\u00e9gralit\u00e9 de vos coordonn\u00e9es bancaires sont collect\u00e9es uniquement par notre prestataire de services de paiement certifi\u00e9 PCI-DSS qui permet de garantir la s\u00e9curit\u00e9 des paiements.<\/p>\n<h2>Cookie<\/h2>\n<p>Le terme \u00ab cookie \u00bb recouvre les diff\u00e9rents traceurs qui sont d\u00e9pos\u00e9s ou lus sur votre terminal (ordinateur, tablette, smartphone\u2026) lors de votre navigation sur des pages internet. Nous n\u2019avons d\u00e9velopp\u00e9 aucun cookie d\u2019analyse comportementale, mais pour pouvoir faciliter votre navigation le site www.bafa.bafd.org utilise des \u00ab cookies \u00bb.<\/p>\n<p>Ces cookies ne sont d\u00e9pos\u00e9s que si vous donnez votre accord. Vous pouvez vous informer sur la nature des cookies d\u00e9pos\u00e9s, les accepter ou les refuser globalement pour l\u2019ensemble du site et l\u2019ensemble des services, soit service par service<\/p>\n<p>Vous pouvez param\u00e9trer la gestion des cookies par votre navigateur :<br \/>\n<strong>Cookie de session<\/strong><br \/>\nL\u2019affichage d\u2019une page pouvant d\u00e9pendre de votre navigation sur une page pr\u00e9c\u00e9dente, PHPSESSID, notre cookie de session permet de garantir un affichage coh\u00e9rent le temps de votre navigation sur le site.<\/p>\n<p><strong>Cookie de statistique <\/strong><br \/>\nLa F\u00e9d\u00e9ration L\u00e9o Lagrange utilise pvc_visits, un cookie qui nous permet de conna\u00eetre le nombre de visites, et le nombre de pages vues sur le site.<\/p>\n<p><strong>Bandeau d\u2019acceptation des cookies<\/strong><br \/>\nL\u2019applicatif \u00ab tarteaucitron.js \u00bb est utilis\u00e9 pour sauvegarder les choix en mati\u00e8re de consentement des cookies.<\/p>\n<p><strong>Les cookies tiers et interactifs<\/strong><br \/>\nNotre site internet s\u2019appuie sur certains services propos\u00e9s par des sites tiers. Il s\u2019agit notamment :<br \/>\n\u2022 Des boutons de partage sur les r\u00e9seaux sociaux<br \/>\n\u2022 Notre r\u00e9f\u00e9rencement sur Google<br \/>\n\u2022 Des vid\u00e9os (Vimeo)<br \/>\nCes cookies d\u00e9pos\u00e9s par des soci\u00e9t\u00e9s tierces peuvent \u00eatre utilis\u00e9es pour vous adresser des annonces publicitaires cibl\u00e9es lors de votre navigation internet.<\/p>\n<p><strong>D\u00e9sactiver les cookies<\/strong><br \/>\nVous pouvez bloquer certains ou tous les cookies, voire supprimer ceux qui ont d\u00e9j\u00e0 \u00e9t\u00e9 install\u00e9s. En revanche, cela pourra rendre moins agr\u00e9able votre visite sur nos pages. Si vous ne voulez pas recevoir de cookies, vous pouvez r\u00e9gler votre navigateur. Pour savoir comment proc\u00e9der, consultez les sites en lien ci-dessous en fonction de votre type de navigateur : <a href=\"https:\/\/support.mozilla.org\/fr\/kb\/activer-desactiver-cookies\" target=\"_blank\" rel=\"noopener noreferrer\">Firefox<\/a> \u2013 <a href=\"https:\/\/support.google.com\/chrome\/answer\/95647?hl=fr\" target=\"_blank\" rel=\"noopener noreferrer\">Chrome<\/a> \u2013 <a href=\"http:\/\/windows.microsoft.com\/fr-FR\/internet-explorer\/delete-manage-cookies#ie=ie-9\" target=\"_blank\" rel=\"noopener noreferrer\">Explorer<\/a> \u2013 <a href=\"http:\/\/support.apple.com\/kb\/PH17191?viewlocale=fr_FR\" target=\"_blank\" rel=\"noopener noreferrer\">Safari<\/a> \u2013 <a href=\"http:\/\/help.opera.com\/Windows\/10.20\/fr\/cookies.html\" target=\"_blank\" rel=\"noopener noreferrer\">Opera<\/a> \u2013 <a href=\"http:\/\/support.apple.com\/kb\/HT1677?viewlocale=fr_FR\" target=\"_blank\" rel=\"noopener noreferrer\">iOS<\/a> \u2013 <a href=\"http:\/\/www.wikihow.com\/Disable-Cookies#Android_Devices\" target=\"_blank\" rel=\"noopener noreferrer\">Android<\/a> \u2013 <a href=\"http:\/\/docs.blackberry.com\/en\/smartphone_users\/deliverables\/32004\/Turn_off_cookies_in_the_browser_60_1072866_11.jsp\" target=\"_blank\" rel=\"noopener noreferrer\">Blackberry<\/a> \u2013 <a href=\"http:\/\/docs.blackberry.com\/en\/smartphone_users\/deliverables\/32004\/Turn_off_cookies_in_the_browser_60_1072866_11.jsp\" target=\"_blank\" rel=\"noopener noreferrer\">Windows Phone<\/a><\/p>\n<p>Conform\u00e9ment au R\u00e8glement g\u00e9n\u00e9ral sur la protection des donn\u00e9es (RGPD), vous b\u00e9n\u00e9ficiez d\u2019un droit d\u2019acc\u00e8s, de rectification, de portabilit\u00e9, d\u2019effacement de vos donn\u00e9es ou d\u2019une limitation du traitement. Vous pourrez exercer ces droits en vous adressant par \u00e9crit \u00e0 privacy.bafa-bafd@leolagrange.org ou l\u2019adresse postale de la F\u00e9d\u00e9ration L\u00e9o Lagrange, service protection des donn\u00e9es personnelles BAFA, 150 rue des poissonniers 75883 PARIS CEDEX 18.<\/p>\n","protected":false},"excerpt":{"rendered":"<p>Coordonn\u00e9es L\u00e9o Lagrange BAFA \u2013 BAFD F\u00e9d\u00e9ration L\u00e9o Lagrange 150 rue des Poissonniers 75018 Paris cedex 18 N\u00b0 Siren : 784 405 870 H\u00e9bergement OVH\u2013 Soci\u00e9t\u00e9 par actions simplifi\u00e9e a associ\u00e9 unique\u2013 2 rue Kellermann &#8211; 59100 Roubaix \u2013 France \u2013 T\u00e9l.: 09 72 10 10 07 Directeur de la publication Vincent S\u00e9gu\u00e9la Comit\u00e9 de [&hellip;]<\/p>\n","protected":false},"author":1,"featured_media":0,"parent":0,"menu_order":52,"comment_status":"closed","ping_status":"closed","template":"gabarit.php","meta":{"footnotes":""},"class_list":["post-349","page","type-page","status-publish","hentry"],"yoast_head":"<!-- This site is optimized with the Yoast SEO plugin v27.4 - https:\/\/yoast.com\/product\/yoast-seo-wordpress\/ -->\n<title>Mentions l\u00e9gales - BAFA BAFD<\/title>\n<meta name=\"description\" content=\"Mentions L\u00e9gales BAFA BAFD - Organisme de formation BAFA BAFD, la F\u00e9d\u00e9ration L\u00e9o Lagrange est une association d\u2019\u00e9ducation populaire la\u00efque et reconnue d\u2019utilit\u00e9 publique depuis 1950.\" \/>\n<meta name=\"robots\" content=\"index, follow, max-snippet:-1, max-image-preview:large, max-video-preview:-1\" \/>\n<link rel=\"canonical\" href=\"https:\/\/www.bafa-bafd.org\/bafa-bafd\/mentions-legales\/\" \/>\n<meta property=\"og:locale\" content=\"fr_FR\" \/>\n<meta property=\"og:type\" content=\"article\" \/>\n<meta property=\"og:title\" content=\"Mentions l\u00e9gales - BAFA BAFD\" \/>\n<meta property=\"og:description\" content=\"Mentions L\u00e9gales BAFA BAFD - Organisme de formation BAFA BAFD, la F\u00e9d\u00e9ration L\u00e9o Lagrange est une association d\u2019\u00e9ducation populaire la\u00efque et reconnue d\u2019utilit\u00e9 publique depuis 1950.\" \/>\n<meta property=\"og:url\" content=\"https:\/\/www.bafa-bafd.org\/bafa-bafd\/mentions-legales\/\" \/>\n<meta property=\"og:site_name\" content=\"BAFA BAFD\" \/>\n<meta property=\"article:publisher\" content=\"https:\/\/www.facebook.com\/leobafanimation\/\" \/>\n<meta property=\"article:modified_time\" content=\"2022-07-07T12:35:59+00:00\" \/>\n<meta name=\"twitter:card\" content=\"summary_large_image\" \/>\n<meta name=\"twitter:label1\" content=\"Dur\u00e9e de lecture estim\u00e9e\" \/>\n\t<meta name=\"twitter:data1\" content=\"5 minutes\" \/>\n<script type=\"application\/ld+json\" class=\"yoast-schema-graph\">{\"@context\":\"https:\\\/\\\/schema.org\",\"@graph\":[{\"@type\":\"WebPage\",\"@id\":\"https:\\\/\\\/www.bafa-bafd.org\\\/bafa-bafd\\\/mentions-legales\\\/\",\"url\":\"https:\\\/\\\/www.bafa-bafd.org\\\/bafa-bafd\\\/mentions-legales\\\/\",\"name\":\"Mentions l\u00e9gales - BAFA BAFD\",\"isPartOf\":{\"@id\":\"https:\\\/\\\/www.bafa-bafd.org\\\/bafa-bafd\\\/#website\"},\"datePublished\":\"2019-03-21T08:54:52+00:00\",\"dateModified\":\"2022-07-07T12:35:59+00:00\",\"description\":\"Mentions L\u00e9gales BAFA BAFD - Organisme de formation BAFA BAFD, la F\u00e9d\u00e9ration L\u00e9o Lagrange est une association d\u2019\u00e9ducation populaire la\u00efque et reconnue d\u2019utilit\u00e9 publique depuis 1950.\",\"breadcrumb\":{\"@id\":\"https:\\\/\\\/www.bafa-bafd.org\\\/bafa-bafd\\\/mentions-legales\\\/#breadcrumb\"},\"inLanguage\":\"fr-FR\",\"potentialAction\":[{\"@type\":\"ReadAction\",\"target\":[\"https:\\\/\\\/www.bafa-bafd.org\\\/bafa-bafd\\\/mentions-legales\\\/\"]}]},{\"@type\":\"BreadcrumbList\",\"@id\":\"https:\\\/\\\/www.bafa-bafd.org\\\/bafa-bafd\\\/mentions-legales\\\/#breadcrumb\",\"itemListElement\":[{\"@type\":\"ListItem\",\"position\":1,\"name\":\"Accueil\",\"item\":\"\\\/\"},{\"@type\":\"ListItem\",\"position\":2,\"name\":\"Mentions l\u00e9gales\"}]},{\"@type\":\"WebSite\",\"@id\":\"https:\\\/\\\/www.bafa-bafd.org\\\/bafa-bafd\\\/#website\",\"url\":\"https:\\\/\\\/www.bafa-bafd.org\\\/bafa-bafd\\\/\",\"name\":\"BAFA BAFD\",\"description\":\"Formations Bafa Bafd Lao Lagrange\",\"publisher\":{\"@id\":\"https:\\\/\\\/www.bafa-bafd.org\\\/bafa-bafd\\\/#organization\"},\"potentialAction\":[{\"@type\":\"SearchAction\",\"target\":{\"@type\":\"EntryPoint\",\"urlTemplate\":\"https:\\\/\\\/www.bafa-bafd.org\\\/bafa-bafd\\\/?s={search_term_string}\"},\"query-input\":{\"@type\":\"PropertyValueSpecification\",\"valueRequired\":true,\"valueName\":\"search_term_string\"}}],\"inLanguage\":\"fr-FR\"},{\"@type\":\"Organization\",\"@id\":\"https:\\\/\\\/www.bafa-bafd.org\\\/bafa-bafd\\\/#organization\",\"name\":\"L\u00e9o Lagrange\",\"url\":\"https:\\\/\\\/www.bafa-bafd.org\\\/bafa-bafd\\\/\",\"logo\":{\"@type\":\"ImageObject\",\"inLanguage\":\"fr-FR\",\"@id\":\"https:\\\/\\\/www.bafa-bafd.org\\\/bafa-bafd\\\/#\\\/schema\\\/logo\\\/image\\\/\",\"url\":\"https:\\\/\\\/www.bafa-bafd.org\\\/bafa-bafd\\\/wp-content\\\/uploads\\\/2023\\\/03\\\/logo-leo-lagrange.png\",\"contentUrl\":\"https:\\\/\\\/www.bafa-bafd.org\\\/bafa-bafd\\\/wp-content\\\/uploads\\\/2023\\\/03\\\/logo-leo-lagrange.png\",\"width\":166,\"height\":133,\"caption\":\"L\u00e9o Lagrange\"},\"image\":{\"@id\":\"https:\\\/\\\/www.bafa-bafd.org\\\/bafa-bafd\\\/#\\\/schema\\\/logo\\\/image\\\/\"},\"sameAs\":[\"https:\\\/\\\/www.facebook.com\\\/leobafanimation\\\/\"]}]}<\/script>\n<!-- \/ Yoast SEO plugin. -->","yoast_head_json":{"title":"Mentions l\u00e9gales - BAFA BAFD","description":"Mentions L\u00e9gales BAFA BAFD - Organisme de formation BAFA BAFD, la F\u00e9d\u00e9ration L\u00e9o Lagrange est une association d\u2019\u00e9ducation populaire la\u00efque et reconnue d\u2019utilit\u00e9 publique depuis 1950.","robots":{"index":"index","follow":"follow","max-snippet":"max-snippet:-1","max-image-preview":"max-image-preview:large","max-video-preview":"max-video-preview:-1"},"canonical":"https:\/\/www.bafa-bafd.org\/bafa-bafd\/mentions-legales\/","og_locale":"fr_FR","og_type":"article","og_title":"Mentions l\u00e9gales - BAFA BAFD","og_description":"Mentions L\u00e9gales BAFA BAFD - Organisme de formation BAFA BAFD, la F\u00e9d\u00e9ration L\u00e9o Lagrange est une association d\u2019\u00e9ducation populaire la\u00efque et reconnue d\u2019utilit\u00e9 publique depuis 1950.","og_url":"https:\/\/www.bafa-bafd.org\/bafa-bafd\/mentions-legales\/","og_site_name":"BAFA BAFD","article_publisher":"https:\/\/www.facebook.com\/leobafanimation\/","article_modified_time":"2022-07-07T12:35:59+00:00","twitter_card":"summary_large_image","twitter_misc":{"Dur\u00e9e de lecture estim\u00e9e":"5 minutes"},"schema":{"@context":"https:\/\/schema.org","@graph":[{"@type":"WebPage","@id":"https:\/\/www.bafa-bafd.org\/bafa-bafd\/mentions-legales\/","url":"https:\/\/www.bafa-bafd.org\/bafa-bafd\/mentions-legales\/","name":"Mentions l\u00e9gales - BAFA BAFD","isPartOf":{"@id":"https:\/\/www.bafa-bafd.org\/bafa-bafd\/#website"},"datePublished":"2019-03-21T08:54:52+00:00","dateModified":"2022-07-07T12:35:59+00:00","description":"Mentions L\u00e9gales BAFA BAFD - Organisme de formation BAFA BAFD, la F\u00e9d\u00e9ration L\u00e9o Lagrange est une association d\u2019\u00e9ducation populaire la\u00efque et reconnue d\u2019utilit\u00e9 publique depuis 1950.","breadcrumb":{"@id":"https:\/\/www.bafa-bafd.org\/bafa-bafd\/mentions-legales\/#breadcrumb"},"inLanguage":"fr-FR","potentialAction":[{"@type":"ReadAction","target":["https:\/\/www.bafa-bafd.org\/bafa-bafd\/mentions-legales\/"]}]},{"@type":"BreadcrumbList","@id":"https:\/\/www.bafa-bafd.org\/bafa-bafd\/mentions-legales\/#breadcrumb","itemListElement":[{"@type":"ListItem","position":1,"name":"Accueil","item":"\/"},{"@type":"ListItem","position":2,"name":"Mentions l\u00e9gales"}]},{"@type":"WebSite","@id":"https:\/\/www.bafa-bafd.org\/bafa-bafd\/#website","url":"https:\/\/www.bafa-bafd.org\/bafa-bafd\/","name":"BAFA BAFD","description":"Formations Bafa Bafd Lao Lagrange","publisher":{"@id":"https:\/\/www.bafa-bafd.org\/bafa-bafd\/#organization"},"potentialAction":[{"@type":"SearchAction","target":{"@type":"EntryPoint","urlTemplate":"https:\/\/www.bafa-bafd.org\/bafa-bafd\/?s={search_term_string}"},"query-input":{"@type":"PropertyValueSpecification","valueRequired":true,"valueName":"search_term_string"}}],"inLanguage":"fr-FR"},{"@type":"Organization","@id":"https:\/\/www.bafa-bafd.org\/bafa-bafd\/#organization","name":"L\u00e9o Lagrange","url":"https:\/\/www.bafa-bafd.org\/bafa-bafd\/","logo":{"@type":"ImageObject","inLanguage":"fr-FR","@id":"https:\/\/www.bafa-bafd.org\/bafa-bafd\/#\/schema\/logo\/image\/","url":"https:\/\/www.bafa-bafd.org\/bafa-bafd\/wp-content\/uploads\/2023\/03\/logo-leo-lagrange.png","contentUrl":"https:\/\/www.bafa-bafd.org\/bafa-bafd\/wp-content\/uploads\/2023\/03\/logo-leo-lagrange.png","width":166,"height":133,"caption":"L\u00e9o Lagrange"},"image":{"@id":"https:\/\/www.bafa-bafd.org\/bafa-bafd\/#\/schema\/logo\/image\/"},"sameAs":["https:\/\/www.facebook.com\/leobafanimation\/"]}]}},"_links":{"self":[{"href":"https:\/\/www.bafa-bafd.org\/bafa-bafd\/wp-json\/wp\/v2\/pages\/349","targetHints":{"allow":["GET"]}}],"collection":[{"href":"https:\/\/www.bafa-bafd.org\/bafa-bafd\/wp-json\/wp\/v2\/pages"}],"about":[{"href":"https:\/\/www.bafa-bafd.org\/bafa-bafd\/wp-json\/wp\/v2\/types\/page"}],"author":[{"embeddable":true,"href":"https:\/\/www.bafa-bafd.org\/bafa-bafd\/wp-json\/wp\/v2\/users\/1"}],"replies":[{"embeddable":true,"href":"https:\/\/www.bafa-bafd.org\/bafa-bafd\/wp-json\/wp\/v2\/comments?post=349"}],"version-history":[{"count":7,"href":"https:\/\/www.bafa-bafd.org\/bafa-bafd\/wp-json\/wp\/v2\/pages\/349\/revisions"}],"predecessor-version":[{"id":564,"href":"https:\/\/www.bafa-bafd.org\/bafa-bafd\/wp-json\/wp\/v2\/pages\/349\/revisions\/564"}],"wp:attachment":[{"href":"https:\/\/www.bafa-bafd.org\/bafa-bafd\/wp-json\/wp\/v2\/media?parent=349"}],"curies":[{"name":"wp","href":"https:\/\/api.w.org\/{rel}","templated":true}]}}