{"id":160,"date":"2018-12-20T17:50:14","date_gmt":"2018-12-20T16:50:14","guid":{"rendered":"https:\/\/www.devz2.com\/bafa-bafd\/?page_id=160"},"modified":"2019-03-27T08:00:24","modified_gmt":"2019-03-27T07:00:24","slug":"lecriture-du-bilan-bafd","status":"publish","type":"page","link":"https:\/\/www.bafa-bafd.org\/bafa-bafd\/mon-bafd\/lecriture-du-bilan-bafd\/","title":{"rendered":"L\u2019\u00e9criture du bilan BAFD"},"content":{"rendered":"<blockquote><p>Au del\u00e0 des 4 premi\u00e8res \u00e9tapes n\u00e9cessaires pour obtenir ton BAFD, une derni\u00e8re d\u00e9marche, essentielle et obligatoire, vient finaliser ce cursus : <strong>la r\u00e9daction d\u2019un bilan de formation BAFD.<\/strong><\/p><\/blockquote>\n<p>Depuis le 30 juillet 2007, le compte-rendu de stage pratique a \u00e9t\u00e9 supprim\u00e9. Le bilan de formation est d\u00e9sormais l\u2019aboutissement de la d\u00e9marche d\u2019auto-\u00e9valuation.<br \/>\nCet \u00e9crit n\u2019est pas un simple compte-rendu d\u2019activit\u00e9s et doit consister en une analyse synth\u00e9tique, bas\u00e9e sur les \u00e9valuations interm\u00e9diaires, des acquis au cours des diff\u00e9rentes \u00e9tapes, au regard des fonctions et aptitudes de direction.<br \/>\nD\u00e8s la session de formation g\u00e9n\u00e9rale BAFD, les formateurs te parleront de cet exercice et te fourniront des \u00e9l\u00e9ments de m\u00e9thode, des supports d\u2019aide \u00e0 la r\u00e9daction, des conseils pour t\u2019organiser.<\/p>\n<p>Il faut bien <strong>comprendre l\u2019exercice<\/strong> : ton \u00e9crit doit permettre \u00e0 un jury lecteur, d\u2019\u00e9valuer quelles fonctions et aptitudes de direction tu ma\u00eetrises : ta posture \u00e9ducative, formateur, manager, gestionnaire, etc.<br \/>\nEn bref, ton \u00e9crit doit non seulement expliciter quelles fonctions tu as pu exercer durant ton parcours, et en particulier tes deux stages pratiques (mais si tu as cumul\u00e9 d\u2019autres exp\u00e9riences de direction en dehors de tes stages, n\u2019h\u00e9site pas \u00e0 les exploiter !), et \u00e9galement il doit mettre en avant ton <strong>analyse de pratique<\/strong>.<\/p>\n<p>Quels choix as-tu fait ? Quels outils, quelles m\u00e9thodes as-tu utilis\u00e9 et pourquoi ? Comment as-tu solutionn\u00e9 les difficult\u00e9s rencontr\u00e9es ?<br \/>\nQue te manque-t-il encore aujourd\u2019hui ? Quelles sont tes perspectives pour la suite ?<\/p>\n<p>Il ne doit ni \u00eatre un catalogue descriptif, ni un texte th\u00e9orique de ce que devrait \u00eatre une direction. Il doit croiser intelligemment tes exp\u00e9riences et ton auto-\u00e9valuation.<br \/>\nPas si facile !!!<\/p>\n<p>Lorsque ton dossier de bilan BAFD est soumis au jury BAFD organis\u00e9 par la Direction R\u00e9gionale de la Jeunesse, des Sports et de la Coh\u00e9sion Sociale, il se peut que tu sois mobilis\u00e9 pour pr\u00e9senter, compl\u00e9ter, \u00e9tayer ton bilan face \u00e0 une commission.<\/p>\n<div class=\"encadre\">\n<h3 class=\"h3home\">Les journ\u00e9es d\u2019aide \u00e0 l\u2019\u00e9crit du bilan BAFD<\/h3>\n<hr>\n<p>Certains \u00e9tablissements r\u00e9gionaux L\u00e9o Lagrange organisent des journ\u00e9es d\u2019aide \u00e0 l\u2019\u00e9crit.<br \/>\nCette journ\u00e9e, encadr\u00e9e par des formateurs BAFD est l\u2019occasion de b\u00e9n\u00e9ficier d\u2019un <strong>accompagnement individualis\u00e9<\/strong>.<br \/>\nPlan, orthographe, argumentation, formulation, analyse&#8230; Cette journ\u00e9e devra permettre \u00e0 chacun des participants d\u2019avancer sur son \u00e9crit mais aussi de repartir avec des outils concrets et des axes de travail prioritaires (feuille de route).<br \/>\n<strong>N&rsquo;h\u00e9site pas \u00e0 nous contacter pour plus de renseignements !<\/strong><\/p>\n<\/div>\n","protected":false},"excerpt":{"rendered":"<p>Au del\u00e0 des 4 premi\u00e8res \u00e9tapes n\u00e9cessaires pour obtenir ton BAFD, une derni\u00e8re d\u00e9marche, essentielle et obligatoire, vient finaliser ce cursus : la r\u00e9daction d\u2019un bilan de formation BAFD. Depuis le 30 juillet 2007, le compte-rendu de stage pratique a \u00e9t\u00e9 supprim\u00e9. Le bilan de formation est d\u00e9sormais l\u2019aboutissement de la d\u00e9marche d\u2019auto-\u00e9valuation. Cet \u00e9crit [&hellip;]<\/p>\n","protected":false},"author":1,"featured_media":0,"parent":379,"menu_order":34,"comment_status":"closed","ping_status":"closed","template":"gabarit.php","meta":{"footnotes":""},"class_list":["post-160","page","type-page","status-publish","hentry"],"yoast_head":"<!-- This site is optimized with the Yoast SEO plugin v27.3 - https:\/\/yoast.com\/product\/yoast-seo-wordpress\/ -->\n<title>Bilan de la formation BAFD<\/title>\n<meta name=\"description\" content=\"Le bilan formation BAFD finalise le cursus du BAFD, il est soumis au jury BAFD organis\u00e9 par la Direction R\u00e9gionale de la Jeunesse, des Sports et de la Coh\u00e9sion Sociale. Les formateurs L\u00e9o Lagrange sont l\u00e0 pour t&#039;accompagner!\" \/>\n<meta name=\"robots\" content=\"index, follow, max-snippet:-1, max-image-preview:large, max-video-preview:-1\" \/>\n<link rel=\"canonical\" href=\"https:\/\/www.bafa-bafd.org\/bafa-bafd\/mon-bafd\/lecriture-du-bilan-bafd\/\" \/>\n<meta property=\"og:locale\" content=\"fr_FR\" \/>\n<meta property=\"og:type\" content=\"article\" \/>\n<meta property=\"og:title\" content=\"Bilan de la formation BAFD\" \/>\n<meta property=\"og:description\" content=\"Le bilan formation BAFD finalise le cursus du BAFD, il est soumis au jury BAFD organis\u00e9 par la Direction R\u00e9gionale de la Jeunesse, des Sports et de la Coh\u00e9sion Sociale. Les formateurs L\u00e9o Lagrange sont l\u00e0 pour t&#039;accompagner!\" \/>\n<meta property=\"og:url\" content=\"https:\/\/www.bafa-bafd.org\/bafa-bafd\/mon-bafd\/lecriture-du-bilan-bafd\/\" \/>\n<meta property=\"og:site_name\" content=\"BAFA BAFD\" \/>\n<meta property=\"article:publisher\" content=\"https:\/\/www.facebook.com\/leobafanimation\/\" \/>\n<meta property=\"article:modified_time\" content=\"2019-03-27T07:00:24+00:00\" \/>\n<meta name=\"twitter:card\" content=\"summary_large_image\" \/>\n<meta name=\"twitter:label1\" content=\"Dur\u00e9e de lecture estim\u00e9e\" \/>\n\t<meta name=\"twitter:data1\" content=\"2 minutes\" \/>\n<script type=\"application\/ld+json\" class=\"yoast-schema-graph\">{\"@context\":\"https:\\\/\\\/schema.org\",\"@graph\":[{\"@type\":\"WebPage\",\"@id\":\"https:\\\/\\\/www.bafa-bafd.org\\\/bafa-bafd\\\/mon-bafd\\\/lecriture-du-bilan-bafd\\\/\",\"url\":\"https:\\\/\\\/www.bafa-bafd.org\\\/bafa-bafd\\\/mon-bafd\\\/lecriture-du-bilan-bafd\\\/\",\"name\":\"Bilan de la formation BAFD\",\"isPartOf\":{\"@id\":\"https:\\\/\\\/www.bafa-bafd.org\\\/bafa-bafd\\\/#website\"},\"datePublished\":\"2018-12-20T16:50:14+00:00\",\"dateModified\":\"2019-03-27T07:00:24+00:00\",\"description\":\"Le bilan formation BAFD finalise le cursus du BAFD, il est soumis au jury BAFD organis\u00e9 par la Direction R\u00e9gionale de la Jeunesse, des Sports et de la Coh\u00e9sion Sociale. Les formateurs L\u00e9o Lagrange sont l\u00e0 pour t'accompagner!\",\"breadcrumb\":{\"@id\":\"https:\\\/\\\/www.bafa-bafd.org\\\/bafa-bafd\\\/mon-bafd\\\/lecriture-du-bilan-bafd\\\/#breadcrumb\"},\"inLanguage\":\"fr-FR\",\"potentialAction\":[{\"@type\":\"ReadAction\",\"target\":[\"https:\\\/\\\/www.bafa-bafd.org\\\/bafa-bafd\\\/mon-bafd\\\/lecriture-du-bilan-bafd\\\/\"]}]},{\"@type\":\"BreadcrumbList\",\"@id\":\"https:\\\/\\\/www.bafa-bafd.org\\\/bafa-bafd\\\/mon-bafd\\\/lecriture-du-bilan-bafd\\\/#breadcrumb\",\"itemListElement\":[{\"@type\":\"ListItem\",\"position\":1,\"name\":\"Accueil\",\"item\":\"\\\/\"},{\"@type\":\"ListItem\",\"position\":2,\"name\":\"MON BAFD\",\"item\":\"https:\\\/\\\/www.bafa-bafd.org\\\/bafa-bafd\\\/mon-bafd\\\/\"},{\"@type\":\"ListItem\",\"position\":3,\"name\":\"L\u2019\u00e9criture du bilan BAFD\"}]},{\"@type\":\"WebSite\",\"@id\":\"https:\\\/\\\/www.bafa-bafd.org\\\/bafa-bafd\\\/#website\",\"url\":\"https:\\\/\\\/www.bafa-bafd.org\\\/bafa-bafd\\\/\",\"name\":\"BAFA BAFD\",\"description\":\"Formations Bafa Bafd Lao Lagrange\",\"publisher\":{\"@id\":\"https:\\\/\\\/www.bafa-bafd.org\\\/bafa-bafd\\\/#organization\"},\"potentialAction\":[{\"@type\":\"SearchAction\",\"target\":{\"@type\":\"EntryPoint\",\"urlTemplate\":\"https:\\\/\\\/www.bafa-bafd.org\\\/bafa-bafd\\\/?s={search_term_string}\"},\"query-input\":{\"@type\":\"PropertyValueSpecification\",\"valueRequired\":true,\"valueName\":\"search_term_string\"}}],\"inLanguage\":\"fr-FR\"},{\"@type\":\"Organization\",\"@id\":\"https:\\\/\\\/www.bafa-bafd.org\\\/bafa-bafd\\\/#organization\",\"name\":\"L\u00e9o Lagrange\",\"url\":\"https:\\\/\\\/www.bafa-bafd.org\\\/bafa-bafd\\\/\",\"logo\":{\"@type\":\"ImageObject\",\"inLanguage\":\"fr-FR\",\"@id\":\"https:\\\/\\\/www.bafa-bafd.org\\\/bafa-bafd\\\/#\\\/schema\\\/logo\\\/image\\\/\",\"url\":\"https:\\\/\\\/www.bafa-bafd.org\\\/bafa-bafd\\\/wp-content\\\/uploads\\\/2023\\\/03\\\/logo-leo-lagrange.png\",\"contentUrl\":\"https:\\\/\\\/www.bafa-bafd.org\\\/bafa-bafd\\\/wp-content\\\/uploads\\\/2023\\\/03\\\/logo-leo-lagrange.png\",\"width\":166,\"height\":133,\"caption\":\"L\u00e9o Lagrange\"},\"image\":{\"@id\":\"https:\\\/\\\/www.bafa-bafd.org\\\/bafa-bafd\\\/#\\\/schema\\\/logo\\\/image\\\/\"},\"sameAs\":[\"https:\\\/\\\/www.facebook.com\\\/leobafanimation\\\/\"]}]}<\/script>\n<!-- \/ Yoast SEO plugin. -->","yoast_head_json":{"title":"Bilan de la formation BAFD","description":"Le bilan formation BAFD finalise le cursus du BAFD, il est soumis au jury BAFD organis\u00e9 par la Direction R\u00e9gionale de la Jeunesse, des Sports et de la Coh\u00e9sion Sociale. Les formateurs L\u00e9o Lagrange sont l\u00e0 pour t'accompagner!","robots":{"index":"index","follow":"follow","max-snippet":"max-snippet:-1","max-image-preview":"max-image-preview:large","max-video-preview":"max-video-preview:-1"},"canonical":"https:\/\/www.bafa-bafd.org\/bafa-bafd\/mon-bafd\/lecriture-du-bilan-bafd\/","og_locale":"fr_FR","og_type":"article","og_title":"Bilan de la formation BAFD","og_description":"Le bilan formation BAFD finalise le cursus du BAFD, il est soumis au jury BAFD organis\u00e9 par la Direction R\u00e9gionale de la Jeunesse, des Sports et de la Coh\u00e9sion Sociale. Les formateurs L\u00e9o Lagrange sont l\u00e0 pour t'accompagner!","og_url":"https:\/\/www.bafa-bafd.org\/bafa-bafd\/mon-bafd\/lecriture-du-bilan-bafd\/","og_site_name":"BAFA BAFD","article_publisher":"https:\/\/www.facebook.com\/leobafanimation\/","article_modified_time":"2019-03-27T07:00:24+00:00","twitter_card":"summary_large_image","twitter_misc":{"Dur\u00e9e de lecture estim\u00e9e":"2 minutes"},"schema":{"@context":"https:\/\/schema.org","@graph":[{"@type":"WebPage","@id":"https:\/\/www.bafa-bafd.org\/bafa-bafd\/mon-bafd\/lecriture-du-bilan-bafd\/","url":"https:\/\/www.bafa-bafd.org\/bafa-bafd\/mon-bafd\/lecriture-du-bilan-bafd\/","name":"Bilan de la formation BAFD","isPartOf":{"@id":"https:\/\/www.bafa-bafd.org\/bafa-bafd\/#website"},"datePublished":"2018-12-20T16:50:14+00:00","dateModified":"2019-03-27T07:00:24+00:00","description":"Le bilan formation BAFD finalise le cursus du BAFD, il est soumis au jury BAFD organis\u00e9 par la Direction R\u00e9gionale de la Jeunesse, des Sports et de la Coh\u00e9sion Sociale. Les formateurs L\u00e9o Lagrange sont l\u00e0 pour t'accompagner!","breadcrumb":{"@id":"https:\/\/www.bafa-bafd.org\/bafa-bafd\/mon-bafd\/lecriture-du-bilan-bafd\/#breadcrumb"},"inLanguage":"fr-FR","potentialAction":[{"@type":"ReadAction","target":["https:\/\/www.bafa-bafd.org\/bafa-bafd\/mon-bafd\/lecriture-du-bilan-bafd\/"]}]},{"@type":"BreadcrumbList","@id":"https:\/\/www.bafa-bafd.org\/bafa-bafd\/mon-bafd\/lecriture-du-bilan-bafd\/#breadcrumb","itemListElement":[{"@type":"ListItem","position":1,"name":"Accueil","item":"\/"},{"@type":"ListItem","position":2,"name":"MON BAFD","item":"https:\/\/www.bafa-bafd.org\/bafa-bafd\/mon-bafd\/"},{"@type":"ListItem","position":3,"name":"L\u2019\u00e9criture du bilan BAFD"}]},{"@type":"WebSite","@id":"https:\/\/www.bafa-bafd.org\/bafa-bafd\/#website","url":"https:\/\/www.bafa-bafd.org\/bafa-bafd\/","name":"BAFA BAFD","description":"Formations Bafa Bafd Lao Lagrange","publisher":{"@id":"https:\/\/www.bafa-bafd.org\/bafa-bafd\/#organization"},"potentialAction":[{"@type":"SearchAction","target":{"@type":"EntryPoint","urlTemplate":"https:\/\/www.bafa-bafd.org\/bafa-bafd\/?s={search_term_string}"},"query-input":{"@type":"PropertyValueSpecification","valueRequired":true,"valueName":"search_term_string"}}],"inLanguage":"fr-FR"},{"@type":"Organization","@id":"https:\/\/www.bafa-bafd.org\/bafa-bafd\/#organization","name":"L\u00e9o Lagrange","url":"https:\/\/www.bafa-bafd.org\/bafa-bafd\/","logo":{"@type":"ImageObject","inLanguage":"fr-FR","@id":"https:\/\/www.bafa-bafd.org\/bafa-bafd\/#\/schema\/logo\/image\/","url":"https:\/\/www.bafa-bafd.org\/bafa-bafd\/wp-content\/uploads\/2023\/03\/logo-leo-lagrange.png","contentUrl":"https:\/\/www.bafa-bafd.org\/bafa-bafd\/wp-content\/uploads\/2023\/03\/logo-leo-lagrange.png","width":166,"height":133,"caption":"L\u00e9o Lagrange"},"image":{"@id":"https:\/\/www.bafa-bafd.org\/bafa-bafd\/#\/schema\/logo\/image\/"},"sameAs":["https:\/\/www.facebook.com\/leobafanimation\/"]}]}},"_links":{"self":[{"href":"https:\/\/www.bafa-bafd.org\/bafa-bafd\/wp-json\/wp\/v2\/pages\/160","targetHints":{"allow":["GET"]}}],"collection":[{"href":"https:\/\/www.bafa-bafd.org\/bafa-bafd\/wp-json\/wp\/v2\/pages"}],"about":[{"href":"https:\/\/www.bafa-bafd.org\/bafa-bafd\/wp-json\/wp\/v2\/types\/page"}],"author":[{"embeddable":true,"href":"https:\/\/www.bafa-bafd.org\/bafa-bafd\/wp-json\/wp\/v2\/users\/1"}],"replies":[{"embeddable":true,"href":"https:\/\/www.bafa-bafd.org\/bafa-bafd\/wp-json\/wp\/v2\/comments?post=160"}],"version-history":[{"count":10,"href":"https:\/\/www.bafa-bafd.org\/bafa-bafd\/wp-json\/wp\/v2\/pages\/160\/revisions"}],"predecessor-version":[{"id":357,"href":"https:\/\/www.bafa-bafd.org\/bafa-bafd\/wp-json\/wp\/v2\/pages\/160\/revisions\/357"}],"up":[{"embeddable":true,"href":"https:\/\/www.bafa-bafd.org\/bafa-bafd\/wp-json\/wp\/v2\/pages\/379"}],"wp:attachment":[{"href":"https:\/\/www.bafa-bafd.org\/bafa-bafd\/wp-json\/wp\/v2\/media?parent=160"}],"curies":[{"name":"wp","href":"https:\/\/api.w.org\/{rel}","templated":true}]}}