{"id":156,"date":"2018-12-20T17:45:15","date_gmt":"2018-12-20T16:45:15","guid":{"rendered":"https:\/\/www.devz2.com\/bafa-bafd\/?page_id=156"},"modified":"2019-04-30T17:48:18","modified_gmt":"2019-04-30T15:48:18","slug":"le-bafd-a-leo","status":"publish","type":"page","link":"https:\/\/www.bafa-bafd.org\/bafa-bafd\/mon-bafd\/le-bafd-a-leo\/","title":{"rendered":"Le BAFD \u00e0 L\u00e9o"},"content":{"rendered":"<blockquote><p>Diriger un ACM, c\u2019est passer au niveau sup\u00e9rieur! Ton exp\u00e9rience d\u2019animation sera un socle solide pour construire ta posture de directeur, mais pas que&#8230;<br \/>\nLes diff\u00e9rentes \u00e9tapes du BAFD seront essentielles pour te permettre de prendre et exercer les fonctions de direction avec tous les outils, savoirs, et savoir \u00eatre n\u00e9cessaires.<br \/>\nL\u00e9o Lagrange te proposera d\u2019explorer, au travers les \u00e9tapes 1 et 3 du BAFD, de nombreux items, dont ceux-ci :<\/p><\/blockquote>\n<h2><strong>Situer ton engagement dans le contexte social, culturel et \u00e9ducatif : <\/strong><\/h2>\n<ul>\n<li>Clarifier tes valeurs personnelles, en lien avec les fonctions de direction<\/li>\n<li>Identifier tes intentions \u00e9ducatives et clarifier ta d\u00e9marche p\u00e9dagogique<\/li>\n<li>Traduire tes motivations et tes attentes et utiliser ton potentiel, ta r\u00e9flexion, tes acquis pour r\u00e9diger un projet p\u00e9dagogique coh\u00e9rent et r\u00e9aliste<\/li>\n<li>Acqu\u00e9rir les outils n\u00e9cessaires au management d\u2019une \u00e9quipe en ACM<\/li>\n<li>Favoriser le respect des diff\u00e9rences en d\u00e9veloppant le travail d\u2019\u00e9quipe et en organisant la vie collective<\/li>\n<li>Apprendre \u00e0 mettre en place tes propres outils d\u2019accompagnement et d\u2019\u00e9valuation de tes \u00e9quipes d\u2019animateurs<\/li>\n<li>Mesurer l\u2019importance de formaliser, de produire des \u00e9crits dans le cadre de la formation BAFD<\/li>\n<\/ul>\n<hr \/>\n<h2><strong>D\u00e9velopper les partenariats et la communication autour de l\u2019ACM : <\/strong><\/h2>\n<ul>\n<li>Te proposer une r\u00e9flexion sur les enjeux et la d\u00e9marche de partenariat en ACM<\/li>\n<li>Comprendre les m\u00e9canismes de la communication et mettre ainsi en place une communication adapt\u00e9e et efficace \u00e0 destination des familles, des partenaires et des enfants.<\/li>\n<\/ul>\n<hr \/>\n<h2><strong>Pr\u00e9voir les aspects mat\u00e9riels et relationnels li\u00e9s \u00e0 la vie collective et aux diff\u00e9rents types de publics accueillis : <\/strong><\/h2>\n<ul>\n<li>Une meilleure connaissance de la psychologie et plus particuli\u00e8rement des publics ACM en vue d\u2019adapter ta p\u00e9dagogie<\/li>\n<li>Une ma\u00eetrise de l\u2019\u00e9conomat (\u00e9quilibre alimentaire, portions, \u2026) au service de la formation du go\u00fbt, de la sant\u00e9 du public<\/li>\n<li>Une r\u00e9flexion sur l\u2019accueil de publics sp\u00e9cifiques n\u00e9cessitant une organisation particuli\u00e8re (sant\u00e9, handicap, &#8230;)<\/li>\n<\/ul>\n<hr \/>\n<h2><strong>Ma\u00eetriser les outils de la gestion administrative et budg\u00e9taire : <\/strong><\/h2>\n<ul>\n<li>G\u00e9rer l\u2019organisation de ton temps de travail li\u00e9e aux diff\u00e9rentes t\u00e2ches quotidiennes<\/li>\n<li>Conna\u00eetre et utiliser des outils pour g\u00e9rer un budget<\/li>\n<li>Elaborer ton plan administratif pour anticiper et optimiser ton temps<\/li>\n<\/ul>\n<hr \/>\n<h2><strong>Approfondir la notion de responsabilit\u00e9 et les questions de l\u00e9gislation li\u00e9es \u00e0 l\u2019accueil des mineurs : <\/strong><\/h2>\n<ul>\n<li>Une meilleure connaissance de la l\u00e9gislation, de la r\u00e9glementation, des notions de responsabilit\u00e9 et plus particuli\u00e8rement dans le cadre de la protection des mineurs, des droits de l\u2019enfant.<\/li>\n<\/ul>\n<hr \/>\n<h2><strong>Elaborer un projet personnel de formation :<\/strong><\/h2>\n<ul>\n<li>Pratiquer l\u2019auto-\u00e9valuation<\/li>\n<li>Etre capable de rep\u00e9rer tes besoins de formation afin de compl\u00e9ter tes acquis<\/li>\n<li>Prendre en compte les conseils des formateurs pour progresser<\/li>\n<li>Envisager de diriger diff\u00e9rents types d\u2019ACM, afin d\u2019appr\u00e9hender dans leur globalit\u00e9 toutes les fonction de direction<\/li>\n<\/ul>\n","protected":false},"excerpt":{"rendered":"<p>Diriger un ACM, c\u2019est passer au niveau sup\u00e9rieur! Ton exp\u00e9rience d\u2019animation sera un socle solide pour construire ta posture de directeur, mais pas que&#8230; Les diff\u00e9rentes \u00e9tapes du BAFD seront essentielles pour te permettre de prendre et exercer les fonctions de direction avec tous les outils, savoirs, et savoir \u00eatre n\u00e9cessaires. L\u00e9o Lagrange te proposera [&hellip;]<\/p>\n","protected":false},"author":1,"featured_media":0,"parent":379,"menu_order":33,"comment_status":"closed","ping_status":"closed","template":"gabarit.php","meta":{"footnotes":""},"class_list":["post-156","page","type-page","status-publish","hentry"],"yoast_head":"<!-- This site is optimized with the Yoast SEO plugin v27.5 - https:\/\/yoast.com\/product\/yoast-seo-wordpress\/ -->\n<title>Ton BAFD \u00e0 L\u00e9o Lagrange<\/title>\n<meta name=\"description\" content=\"Chaque \u00e9tape de la formation BAFD L\u00e9o Lagrange est essentielle pour prendre et exercer les fonctions de directeur d&#039;accueil de loisirs. Outils, savoirs, savoir-\u00eatre: nos formateurs sont mobilis\u00e9s pour tout te transmettre!\" \/>\n<meta name=\"robots\" content=\"index, follow, max-snippet:-1, max-image-preview:large, max-video-preview:-1\" \/>\n<link rel=\"canonical\" href=\"https:\/\/www.bafa-bafd.org\/bafa-bafd\/mon-bafd\/le-bafd-a-leo\/\" \/>\n<meta property=\"og:locale\" content=\"fr_FR\" \/>\n<meta property=\"og:type\" content=\"article\" \/>\n<meta property=\"og:title\" content=\"Ton BAFD \u00e0 L\u00e9o Lagrange\" \/>\n<meta property=\"og:description\" content=\"Chaque \u00e9tape de la formation BAFD L\u00e9o Lagrange est essentielle pour prendre et exercer les fonctions de directeur d&#039;accueil de loisirs. Outils, savoirs, savoir-\u00eatre: nos formateurs sont mobilis\u00e9s pour tout te transmettre!\" \/>\n<meta property=\"og:url\" content=\"https:\/\/www.bafa-bafd.org\/bafa-bafd\/mon-bafd\/le-bafd-a-leo\/\" \/>\n<meta property=\"og:site_name\" content=\"BAFA BAFD\" \/>\n<meta property=\"article:publisher\" content=\"https:\/\/www.facebook.com\/leobafanimation\/\" \/>\n<meta property=\"article:modified_time\" content=\"2019-04-30T15:48:18+00:00\" \/>\n<meta name=\"twitter:card\" content=\"summary_large_image\" \/>\n<meta name=\"twitter:label1\" content=\"Dur\u00e9e de lecture estim\u00e9e\" \/>\n\t<meta name=\"twitter:data1\" content=\"2 minutes\" \/>\n<script type=\"application\/ld+json\" class=\"yoast-schema-graph\">{\"@context\":\"https:\\\/\\\/schema.org\",\"@graph\":[{\"@type\":\"WebPage\",\"@id\":\"https:\\\/\\\/www.bafa-bafd.org\\\/bafa-bafd\\\/mon-bafd\\\/le-bafd-a-leo\\\/\",\"url\":\"https:\\\/\\\/www.bafa-bafd.org\\\/bafa-bafd\\\/mon-bafd\\\/le-bafd-a-leo\\\/\",\"name\":\"Ton BAFD \u00e0 L\u00e9o Lagrange\",\"isPartOf\":{\"@id\":\"https:\\\/\\\/www.bafa-bafd.org\\\/bafa-bafd\\\/#website\"},\"datePublished\":\"2018-12-20T16:45:15+00:00\",\"dateModified\":\"2019-04-30T15:48:18+00:00\",\"description\":\"Chaque \u00e9tape de la formation BAFD L\u00e9o Lagrange est essentielle pour prendre et exercer les fonctions de directeur d'accueil de loisirs. Outils, savoirs, savoir-\u00eatre: nos formateurs sont mobilis\u00e9s pour tout te transmettre!\",\"breadcrumb\":{\"@id\":\"https:\\\/\\\/www.bafa-bafd.org\\\/bafa-bafd\\\/mon-bafd\\\/le-bafd-a-leo\\\/#breadcrumb\"},\"inLanguage\":\"fr-FR\",\"potentialAction\":[{\"@type\":\"ReadAction\",\"target\":[\"https:\\\/\\\/www.bafa-bafd.org\\\/bafa-bafd\\\/mon-bafd\\\/le-bafd-a-leo\\\/\"]}]},{\"@type\":\"BreadcrumbList\",\"@id\":\"https:\\\/\\\/www.bafa-bafd.org\\\/bafa-bafd\\\/mon-bafd\\\/le-bafd-a-leo\\\/#breadcrumb\",\"itemListElement\":[{\"@type\":\"ListItem\",\"position\":1,\"name\":\"Accueil\",\"item\":\"\\\/\"},{\"@type\":\"ListItem\",\"position\":2,\"name\":\"MON BAFD\",\"item\":\"https:\\\/\\\/www.bafa-bafd.org\\\/bafa-bafd\\\/mon-bafd\\\/\"},{\"@type\":\"ListItem\",\"position\":3,\"name\":\"Le BAFD \u00e0 L\u00e9o\"}]},{\"@type\":\"WebSite\",\"@id\":\"https:\\\/\\\/www.bafa-bafd.org\\\/bafa-bafd\\\/#website\",\"url\":\"https:\\\/\\\/www.bafa-bafd.org\\\/bafa-bafd\\\/\",\"name\":\"BAFA BAFD\",\"description\":\"Formations Bafa Bafd Lao Lagrange\",\"publisher\":{\"@id\":\"https:\\\/\\\/www.bafa-bafd.org\\\/bafa-bafd\\\/#organization\"},\"potentialAction\":[{\"@type\":\"SearchAction\",\"target\":{\"@type\":\"EntryPoint\",\"urlTemplate\":\"https:\\\/\\\/www.bafa-bafd.org\\\/bafa-bafd\\\/?s={search_term_string}\"},\"query-input\":{\"@type\":\"PropertyValueSpecification\",\"valueRequired\":true,\"valueName\":\"search_term_string\"}}],\"inLanguage\":\"fr-FR\"},{\"@type\":\"Organization\",\"@id\":\"https:\\\/\\\/www.bafa-bafd.org\\\/bafa-bafd\\\/#organization\",\"name\":\"L\u00e9o Lagrange\",\"url\":\"https:\\\/\\\/www.bafa-bafd.org\\\/bafa-bafd\\\/\",\"logo\":{\"@type\":\"ImageObject\",\"inLanguage\":\"fr-FR\",\"@id\":\"https:\\\/\\\/www.bafa-bafd.org\\\/bafa-bafd\\\/#\\\/schema\\\/logo\\\/image\\\/\",\"url\":\"https:\\\/\\\/www.bafa-bafd.org\\\/bafa-bafd\\\/wp-content\\\/uploads\\\/2023\\\/03\\\/logo-leo-lagrange.png\",\"contentUrl\":\"https:\\\/\\\/www.bafa-bafd.org\\\/bafa-bafd\\\/wp-content\\\/uploads\\\/2023\\\/03\\\/logo-leo-lagrange.png\",\"width\":166,\"height\":133,\"caption\":\"L\u00e9o Lagrange\"},\"image\":{\"@id\":\"https:\\\/\\\/www.bafa-bafd.org\\\/bafa-bafd\\\/#\\\/schema\\\/logo\\\/image\\\/\"},\"sameAs\":[\"https:\\\/\\\/www.facebook.com\\\/leobafanimation\\\/\"]}]}<\/script>\n<!-- \/ Yoast SEO plugin. -->","yoast_head_json":{"title":"Ton BAFD \u00e0 L\u00e9o Lagrange","description":"Chaque \u00e9tape de la formation BAFD L\u00e9o Lagrange est essentielle pour prendre et exercer les fonctions de directeur d'accueil de loisirs. Outils, savoirs, savoir-\u00eatre: nos formateurs sont mobilis\u00e9s pour tout te transmettre!","robots":{"index":"index","follow":"follow","max-snippet":"max-snippet:-1","max-image-preview":"max-image-preview:large","max-video-preview":"max-video-preview:-1"},"canonical":"https:\/\/www.bafa-bafd.org\/bafa-bafd\/mon-bafd\/le-bafd-a-leo\/","og_locale":"fr_FR","og_type":"article","og_title":"Ton BAFD \u00e0 L\u00e9o Lagrange","og_description":"Chaque \u00e9tape de la formation BAFD L\u00e9o Lagrange est essentielle pour prendre et exercer les fonctions de directeur d'accueil de loisirs. Outils, savoirs, savoir-\u00eatre: nos formateurs sont mobilis\u00e9s pour tout te transmettre!","og_url":"https:\/\/www.bafa-bafd.org\/bafa-bafd\/mon-bafd\/le-bafd-a-leo\/","og_site_name":"BAFA BAFD","article_publisher":"https:\/\/www.facebook.com\/leobafanimation\/","article_modified_time":"2019-04-30T15:48:18+00:00","twitter_card":"summary_large_image","twitter_misc":{"Dur\u00e9e de lecture estim\u00e9e":"2 minutes"},"schema":{"@context":"https:\/\/schema.org","@graph":[{"@type":"WebPage","@id":"https:\/\/www.bafa-bafd.org\/bafa-bafd\/mon-bafd\/le-bafd-a-leo\/","url":"https:\/\/www.bafa-bafd.org\/bafa-bafd\/mon-bafd\/le-bafd-a-leo\/","name":"Ton BAFD \u00e0 L\u00e9o Lagrange","isPartOf":{"@id":"https:\/\/www.bafa-bafd.org\/bafa-bafd\/#website"},"datePublished":"2018-12-20T16:45:15+00:00","dateModified":"2019-04-30T15:48:18+00:00","description":"Chaque \u00e9tape de la formation BAFD L\u00e9o Lagrange est essentielle pour prendre et exercer les fonctions de directeur d'accueil de loisirs. Outils, savoirs, savoir-\u00eatre: nos formateurs sont mobilis\u00e9s pour tout te transmettre!","breadcrumb":{"@id":"https:\/\/www.bafa-bafd.org\/bafa-bafd\/mon-bafd\/le-bafd-a-leo\/#breadcrumb"},"inLanguage":"fr-FR","potentialAction":[{"@type":"ReadAction","target":["https:\/\/www.bafa-bafd.org\/bafa-bafd\/mon-bafd\/le-bafd-a-leo\/"]}]},{"@type":"BreadcrumbList","@id":"https:\/\/www.bafa-bafd.org\/bafa-bafd\/mon-bafd\/le-bafd-a-leo\/#breadcrumb","itemListElement":[{"@type":"ListItem","position":1,"name":"Accueil","item":"\/"},{"@type":"ListItem","position":2,"name":"MON BAFD","item":"https:\/\/www.bafa-bafd.org\/bafa-bafd\/mon-bafd\/"},{"@type":"ListItem","position":3,"name":"Le BAFD \u00e0 L\u00e9o"}]},{"@type":"WebSite","@id":"https:\/\/www.bafa-bafd.org\/bafa-bafd\/#website","url":"https:\/\/www.bafa-bafd.org\/bafa-bafd\/","name":"BAFA BAFD","description":"Formations Bafa Bafd Lao Lagrange","publisher":{"@id":"https:\/\/www.bafa-bafd.org\/bafa-bafd\/#organization"},"potentialAction":[{"@type":"SearchAction","target":{"@type":"EntryPoint","urlTemplate":"https:\/\/www.bafa-bafd.org\/bafa-bafd\/?s={search_term_string}"},"query-input":{"@type":"PropertyValueSpecification","valueRequired":true,"valueName":"search_term_string"}}],"inLanguage":"fr-FR"},{"@type":"Organization","@id":"https:\/\/www.bafa-bafd.org\/bafa-bafd\/#organization","name":"L\u00e9o Lagrange","url":"https:\/\/www.bafa-bafd.org\/bafa-bafd\/","logo":{"@type":"ImageObject","inLanguage":"fr-FR","@id":"https:\/\/www.bafa-bafd.org\/bafa-bafd\/#\/schema\/logo\/image\/","url":"https:\/\/www.bafa-bafd.org\/bafa-bafd\/wp-content\/uploads\/2023\/03\/logo-leo-lagrange.png","contentUrl":"https:\/\/www.bafa-bafd.org\/bafa-bafd\/wp-content\/uploads\/2023\/03\/logo-leo-lagrange.png","width":166,"height":133,"caption":"L\u00e9o Lagrange"},"image":{"@id":"https:\/\/www.bafa-bafd.org\/bafa-bafd\/#\/schema\/logo\/image\/"},"sameAs":["https:\/\/www.facebook.com\/leobafanimation\/"]}]}},"_links":{"self":[{"href":"https:\/\/www.bafa-bafd.org\/bafa-bafd\/wp-json\/wp\/v2\/pages\/156","targetHints":{"allow":["GET"]}}],"collection":[{"href":"https:\/\/www.bafa-bafd.org\/bafa-bafd\/wp-json\/wp\/v2\/pages"}],"about":[{"href":"https:\/\/www.bafa-bafd.org\/bafa-bafd\/wp-json\/wp\/v2\/types\/page"}],"author":[{"embeddable":true,"href":"https:\/\/www.bafa-bafd.org\/bafa-bafd\/wp-json\/wp\/v2\/users\/1"}],"replies":[{"embeddable":true,"href":"https:\/\/www.bafa-bafd.org\/bafa-bafd\/wp-json\/wp\/v2\/comments?post=156"}],"version-history":[{"count":7,"href":"https:\/\/www.bafa-bafd.org\/bafa-bafd\/wp-json\/wp\/v2\/pages\/156\/revisions"}],"predecessor-version":[{"id":501,"href":"https:\/\/www.bafa-bafd.org\/bafa-bafd\/wp-json\/wp\/v2\/pages\/156\/revisions\/501"}],"up":[{"embeddable":true,"href":"https:\/\/www.bafa-bafd.org\/bafa-bafd\/wp-json\/wp\/v2\/pages\/379"}],"wp:attachment":[{"href":"https:\/\/www.bafa-bafd.org\/bafa-bafd\/wp-json\/wp\/v2\/media?parent=156"}],"curies":[{"name":"wp","href":"https:\/\/api.w.org\/{rel}","templated":true}]}}