{"id":150,"date":"2018-12-20T17:34:40","date_gmt":"2018-12-20T16:34:40","guid":{"rendered":"https:\/\/www.devz2.com\/bafa-bafd\/?page_id=150"},"modified":"2021-10-21T12:47:11","modified_gmt":"2021-10-21T10:47:11","slug":"les-etapes-2","status":"publish","type":"page","link":"https:\/\/www.bafa-bafd.org\/bafa-bafd\/mon-bafd\/les-etapes-2\/","title":{"rendered":"Les \u00e9tapes"},"content":{"rendered":"<blockquote><p>Le cursus de formation BAFD se d\u00e9roule en <strong>6 \u00e9tapes<\/strong> qui doivent imp\u00e9rativement se d\u00e9rouler dans le bon ordre et dans un d\u00e9lai de <strong>4 ans<\/strong>. Pour l\u2019entamer, il te faut avoir 18 ans r\u00e9volus au plus tard le premier jour de l\u2019\u00e9tape 1 (aucune d\u00e9rogation possible).<\/p><\/blockquote>\n<p>A noter : <strong>Avant de t\u2019inscrire \u00e0 la premi\u00e8re \u00e9tape du BAFD, il te faut obligatoirement cr\u00e9er sur le site du Minist\u00e8re de tutelle, un livret \u00e9lectronique. <a href=\"http:\/\/www.jeunes.gouv.fr\/ministere\/actions-ministerielles\/formations-et-metiers-de-l\/bafa-bafd\/\" target=\"_blank\" rel=\"noopener noreferrer\">www.jeunes.gouv.fr<\/a> rubrique BAFA\/BAFD<\/strong><\/p>\n<hr \/>\n<p><strong>Etape 1 : Session de formation g\u00e9n\u00e9rale <\/strong><br \/>\nD\u2019une dur\u00e9e de 9 jours (en internat ou en externat), organis\u00e9 par un organisme de formation habilit\u00e9 par le Minist\u00e8re de tutelle (comme L\u00e9o Lagrange), elle permet aux stagiaires de m\u00ealer acquisition th\u00e9oriques (gestion d\u2019\u00e9quipe, hygi\u00e8ne alimentaire, m\u00e9thodologie de projet\u2026), mises en situation pratique (animation de r\u00e9union, jeux de r\u00f4le\u2026) et temps d\u2019\u00e9valuation.<br \/>\nD\u00e8s la session de formation g\u00e9n\u00e9rale valid\u00e9e, tu obtiens le statut de directeur stagiaire.<\/p>\n<hr \/>\n<p><strong>Etape 2 : Stage pratique N\u00b01 <\/strong><br \/>\n(\u00e0 r\u00e9aliser dans les 18 mois depuis le dernier jour de votre formation g\u00e9n\u00e9rale)<br \/>\nD\u2019une dur\u00e9e de 14 jours minimum, il se r\u00e9alise dans un Accueil collectif de mineurs habilit\u00e9 par la Direction d\u00e9partementale de la coh\u00e9sion sociale (r\u00e9alisable en deux fois maximum, dont 6 jours ou 12 demi-journ\u00e9es au sein d\u2019un ACM p\u00e9riscolaire, le restant des 14 jours en ACM extrascolaire). Ce stage te permet de travailler avec un public. Accompagn\u00e9 par l\u2019organisateur de cet accueil, tu participeras \u00e0 la direction et \u00e0 l\u2019organisation g\u00e9n\u00e9rale.<\/p>\n<hr \/>\n<p><strong>Etape 3 : Session de perfectionnement <\/strong><br \/>\nD\u2019une dur\u00e9e de 6 jours (en internat ou en externat) et organis\u00e9e par un organisme de formation habilit\u00e9 par le Minist\u00e8re de tutelle (comme L\u00e9o Lagrange), elle te permet de compl\u00e9ter tes connaissances th\u00e9oriques, de r\u00e9aliser un bilan de ton stage pratique N\u00b01 (cf. \u00e9tape 2), de pr\u00e9parer ton stage pratique N\u00b02 (cf. \u00e9tape 4), et de d\u00e9buter le travail d\u2019\u00e9criture du bilan de formation.<\/p>\n<hr \/>\n<p><strong>Etape 4 : Stage pratique N\u00b02 <\/strong><br \/>\nM\u00eames conditions que le 1er stage pratique (minimum 14 jours, r\u00e9alisable en deux fois maximum, dont 6 jours ou 12 demi-journ\u00e9es au sein d\u2019un ACM p\u00e9riscolaire, le restant des 14 jours en ACM extrascolaire) mais \u00e0 r\u00e9aliser obligatoirement en situation de direction.<\/p>\n<hr \/>\n<p><strong>Etape 5 : R\u00e9alisation du bilan de formation <\/strong><br \/>\nIl est l\u2019aboutissement de la d\u00e9marche d\u2019auto\u00e9valuation de l\u2019ensemble du cursus BAFD. Il n\u2019est pas un simple compte-rendu d\u2019activit\u00e9. Il consiste \u00e0 produire une analyse synth\u00e9tique bas\u00e9e sur les \u00e9valuations interm\u00e9diaires des acquis de la formation au cours des diff\u00e9rentes \u00e9tapes.<\/p>\n<p><em>A noter :<\/em> L\u00e9o Lagrange propose des \u00ab journ\u00e9es d\u2019aide \u00e0 l\u2019\u00e9crit \u00bb permettant de t\u2019accompagner dans cette d\u00e9marche avant de d\u00e9poser ton \u00e9crit au jury r\u00e9gional<br \/>\nEn savoir plus lien vers rubrique \u201cEcriture du bilan BAFD\u201d<\/p>\n<hr \/>\n<p><strong>Etape 6 : Le jury r\u00e9gional de la coh\u00e9sion sociale <\/strong><br \/>\nUne fois les 4 premi\u00e8res \u00e9tapes accomplies, ce jury validera la globalit\u00e9 de ton cursus et t\u2019adressera ton brevet. A r\u00e9ception de celui-ci tu seras titulaire du \u00ab BAFD complet \u00bb.<br \/>\nUn jury se r\u00e9unit de 1 \u00e0 3 fois par an selon les r\u00e9gions : dates disponibles par r\u00e9gion sur le site <a href=\"http:\/\/www.jeunes.gouv.fr\/bafa-bafd\" target=\"_blank\" rel=\"noopener noreferrer\">http:\/\/www.jeunes.gouv.fr\/bafa-bafd<\/a><\/p>\n<hr \/>\n<p><strong>La formule PACK BAFD L\u00e9o Lagrange <\/strong><br \/>\nTu t\u2019es form\u00e9.e au BAFD avec L\u00e9o lagrange pour la formation g\u00e9n\u00e9rale BAFD ? Pour ta session de perfectionnement avec nous, <u>profite d\u2019une r\u00e9duction de 35\u20ac<\/u>.<br \/>\nAu moment de ton inscription en perfectionnement, coche simplement la case \u00ab Pack BAFD \u00bb sur ta fiche d\u2019inscription !<br \/>\nPetit BONUS : tu as pass\u00e9 ton BAFA approfondissement chez nous et tu entames ton BAFD \u00e0 L\u00e9o Lagrange ? &#8211; 35 euros sur le prix de ton BAFD \u00e9tape 1 !<\/p>\n","protected":false},"excerpt":{"rendered":"<p>Le cursus de formation BAFD se d\u00e9roule en 6 \u00e9tapes qui doivent imp\u00e9rativement se d\u00e9rouler dans le bon ordre et dans un d\u00e9lai de 4 ans. Pour l\u2019entamer, il te faut avoir 18 ans r\u00e9volus au plus tard le premier jour de l\u2019\u00e9tape 1 (aucune d\u00e9rogation possible). A noter : Avant de t\u2019inscrire \u00e0 la [&hellip;]<\/p>\n","protected":false},"author":1,"featured_media":0,"parent":379,"menu_order":31,"comment_status":"closed","ping_status":"closed","template":"gabarit.php","meta":{"footnotes":""},"class_list":["post-150","page","type-page","status-publish","hentry"],"yoast_head":"<!-- This site is optimized with the Yoast SEO plugin v27.5 - https:\/\/yoast.com\/product\/yoast-seo-wordpress\/ -->\n<title>Les \u00e9tapes de la formation BAFD<\/title>\n<meta name=\"description\" content=\"Le BAFD se d\u00e9roule en 6 \u00e9tapes qui doivent se d\u00e9rouler dans l&#039;ordre et dans un d\u00e9lai de 4 ans (BAFD formation g\u00e9n\u00e9rale, stages pratiques BAFD, BAFD perfectionnement - BAFD renouvellement). Pour l\u2019entamer, il te faut avoir 21 ans r\u00e9volus\" \/>\n<meta name=\"robots\" content=\"index, follow, max-snippet:-1, max-image-preview:large, max-video-preview:-1\" \/>\n<link rel=\"canonical\" href=\"https:\/\/www.bafa-bafd.org\/bafa-bafd\/mon-bafd\/les-etapes-2\/\" \/>\n<meta property=\"og:locale\" content=\"fr_FR\" \/>\n<meta property=\"og:type\" content=\"article\" \/>\n<meta property=\"og:title\" content=\"Les \u00e9tapes de la formation BAFD\" \/>\n<meta property=\"og:description\" content=\"Le BAFD se d\u00e9roule en 6 \u00e9tapes qui doivent se d\u00e9rouler dans l&#039;ordre et dans un d\u00e9lai de 4 ans (BAFD formation g\u00e9n\u00e9rale, stages pratiques BAFD, BAFD perfectionnement - BAFD renouvellement). Pour l\u2019entamer, il te faut avoir 21 ans r\u00e9volus\" \/>\n<meta property=\"og:url\" content=\"https:\/\/www.bafa-bafd.org\/bafa-bafd\/mon-bafd\/les-etapes-2\/\" \/>\n<meta property=\"og:site_name\" content=\"BAFA BAFD\" \/>\n<meta property=\"article:publisher\" content=\"https:\/\/www.facebook.com\/leobafanimation\/\" \/>\n<meta property=\"article:modified_time\" content=\"2021-10-21T10:47:11+00:00\" \/>\n<meta name=\"twitter:card\" content=\"summary_large_image\" \/>\n<meta name=\"twitter:label1\" content=\"Dur\u00e9e de lecture estim\u00e9e\" \/>\n\t<meta name=\"twitter:data1\" content=\"3 minutes\" \/>\n<script type=\"application\/ld+json\" class=\"yoast-schema-graph\">{\"@context\":\"https:\\\/\\\/schema.org\",\"@graph\":[{\"@type\":\"WebPage\",\"@id\":\"https:\\\/\\\/www.bafa-bafd.org\\\/bafa-bafd\\\/mon-bafd\\\/les-etapes-2\\\/\",\"url\":\"https:\\\/\\\/www.bafa-bafd.org\\\/bafa-bafd\\\/mon-bafd\\\/les-etapes-2\\\/\",\"name\":\"Les \u00e9tapes de la formation BAFD\",\"isPartOf\":{\"@id\":\"https:\\\/\\\/www.bafa-bafd.org\\\/bafa-bafd\\\/#website\"},\"datePublished\":\"2018-12-20T16:34:40+00:00\",\"dateModified\":\"2021-10-21T10:47:11+00:00\",\"description\":\"Le BAFD se d\u00e9roule en 6 \u00e9tapes qui doivent se d\u00e9rouler dans l'ordre et dans un d\u00e9lai de 4 ans (BAFD formation g\u00e9n\u00e9rale, stages pratiques BAFD, BAFD perfectionnement - BAFD renouvellement). Pour l\u2019entamer, il te faut avoir 21 ans r\u00e9volus\",\"breadcrumb\":{\"@id\":\"https:\\\/\\\/www.bafa-bafd.org\\\/bafa-bafd\\\/mon-bafd\\\/les-etapes-2\\\/#breadcrumb\"},\"inLanguage\":\"fr-FR\",\"potentialAction\":[{\"@type\":\"ReadAction\",\"target\":[\"https:\\\/\\\/www.bafa-bafd.org\\\/bafa-bafd\\\/mon-bafd\\\/les-etapes-2\\\/\"]}]},{\"@type\":\"BreadcrumbList\",\"@id\":\"https:\\\/\\\/www.bafa-bafd.org\\\/bafa-bafd\\\/mon-bafd\\\/les-etapes-2\\\/#breadcrumb\",\"itemListElement\":[{\"@type\":\"ListItem\",\"position\":1,\"name\":\"Accueil\",\"item\":\"\\\/\"},{\"@type\":\"ListItem\",\"position\":2,\"name\":\"MON BAFD\",\"item\":\"https:\\\/\\\/www.bafa-bafd.org\\\/bafa-bafd\\\/mon-bafd\\\/\"},{\"@type\":\"ListItem\",\"position\":3,\"name\":\"Les \u00e9tapes\"}]},{\"@type\":\"WebSite\",\"@id\":\"https:\\\/\\\/www.bafa-bafd.org\\\/bafa-bafd\\\/#website\",\"url\":\"https:\\\/\\\/www.bafa-bafd.org\\\/bafa-bafd\\\/\",\"name\":\"BAFA BAFD\",\"description\":\"Formations Bafa Bafd Lao Lagrange\",\"publisher\":{\"@id\":\"https:\\\/\\\/www.bafa-bafd.org\\\/bafa-bafd\\\/#organization\"},\"potentialAction\":[{\"@type\":\"SearchAction\",\"target\":{\"@type\":\"EntryPoint\",\"urlTemplate\":\"https:\\\/\\\/www.bafa-bafd.org\\\/bafa-bafd\\\/?s={search_term_string}\"},\"query-input\":{\"@type\":\"PropertyValueSpecification\",\"valueRequired\":true,\"valueName\":\"search_term_string\"}}],\"inLanguage\":\"fr-FR\"},{\"@type\":\"Organization\",\"@id\":\"https:\\\/\\\/www.bafa-bafd.org\\\/bafa-bafd\\\/#organization\",\"name\":\"L\u00e9o Lagrange\",\"url\":\"https:\\\/\\\/www.bafa-bafd.org\\\/bafa-bafd\\\/\",\"logo\":{\"@type\":\"ImageObject\",\"inLanguage\":\"fr-FR\",\"@id\":\"https:\\\/\\\/www.bafa-bafd.org\\\/bafa-bafd\\\/#\\\/schema\\\/logo\\\/image\\\/\",\"url\":\"https:\\\/\\\/www.bafa-bafd.org\\\/bafa-bafd\\\/wp-content\\\/uploads\\\/2023\\\/03\\\/logo-leo-lagrange.png\",\"contentUrl\":\"https:\\\/\\\/www.bafa-bafd.org\\\/bafa-bafd\\\/wp-content\\\/uploads\\\/2023\\\/03\\\/logo-leo-lagrange.png\",\"width\":166,\"height\":133,\"caption\":\"L\u00e9o Lagrange\"},\"image\":{\"@id\":\"https:\\\/\\\/www.bafa-bafd.org\\\/bafa-bafd\\\/#\\\/schema\\\/logo\\\/image\\\/\"},\"sameAs\":[\"https:\\\/\\\/www.facebook.com\\\/leobafanimation\\\/\"]}]}<\/script>\n<!-- \/ Yoast SEO plugin. -->","yoast_head_json":{"title":"Les \u00e9tapes de la formation BAFD","description":"Le BAFD se d\u00e9roule en 6 \u00e9tapes qui doivent se d\u00e9rouler dans l'ordre et dans un d\u00e9lai de 4 ans (BAFD formation g\u00e9n\u00e9rale, stages pratiques BAFD, BAFD perfectionnement - BAFD renouvellement). Pour l\u2019entamer, il te faut avoir 21 ans r\u00e9volus","robots":{"index":"index","follow":"follow","max-snippet":"max-snippet:-1","max-image-preview":"max-image-preview:large","max-video-preview":"max-video-preview:-1"},"canonical":"https:\/\/www.bafa-bafd.org\/bafa-bafd\/mon-bafd\/les-etapes-2\/","og_locale":"fr_FR","og_type":"article","og_title":"Les \u00e9tapes de la formation BAFD","og_description":"Le BAFD se d\u00e9roule en 6 \u00e9tapes qui doivent se d\u00e9rouler dans l'ordre et dans un d\u00e9lai de 4 ans (BAFD formation g\u00e9n\u00e9rale, stages pratiques BAFD, BAFD perfectionnement - BAFD renouvellement). Pour l\u2019entamer, il te faut avoir 21 ans r\u00e9volus","og_url":"https:\/\/www.bafa-bafd.org\/bafa-bafd\/mon-bafd\/les-etapes-2\/","og_site_name":"BAFA BAFD","article_publisher":"https:\/\/www.facebook.com\/leobafanimation\/","article_modified_time":"2021-10-21T10:47:11+00:00","twitter_card":"summary_large_image","twitter_misc":{"Dur\u00e9e de lecture estim\u00e9e":"3 minutes"},"schema":{"@context":"https:\/\/schema.org","@graph":[{"@type":"WebPage","@id":"https:\/\/www.bafa-bafd.org\/bafa-bafd\/mon-bafd\/les-etapes-2\/","url":"https:\/\/www.bafa-bafd.org\/bafa-bafd\/mon-bafd\/les-etapes-2\/","name":"Les \u00e9tapes de la formation BAFD","isPartOf":{"@id":"https:\/\/www.bafa-bafd.org\/bafa-bafd\/#website"},"datePublished":"2018-12-20T16:34:40+00:00","dateModified":"2021-10-21T10:47:11+00:00","description":"Le BAFD se d\u00e9roule en 6 \u00e9tapes qui doivent se d\u00e9rouler dans l'ordre et dans un d\u00e9lai de 4 ans (BAFD formation g\u00e9n\u00e9rale, stages pratiques BAFD, BAFD perfectionnement - BAFD renouvellement). Pour l\u2019entamer, il te faut avoir 21 ans r\u00e9volus","breadcrumb":{"@id":"https:\/\/www.bafa-bafd.org\/bafa-bafd\/mon-bafd\/les-etapes-2\/#breadcrumb"},"inLanguage":"fr-FR","potentialAction":[{"@type":"ReadAction","target":["https:\/\/www.bafa-bafd.org\/bafa-bafd\/mon-bafd\/les-etapes-2\/"]}]},{"@type":"BreadcrumbList","@id":"https:\/\/www.bafa-bafd.org\/bafa-bafd\/mon-bafd\/les-etapes-2\/#breadcrumb","itemListElement":[{"@type":"ListItem","position":1,"name":"Accueil","item":"\/"},{"@type":"ListItem","position":2,"name":"MON BAFD","item":"https:\/\/www.bafa-bafd.org\/bafa-bafd\/mon-bafd\/"},{"@type":"ListItem","position":3,"name":"Les \u00e9tapes"}]},{"@type":"WebSite","@id":"https:\/\/www.bafa-bafd.org\/bafa-bafd\/#website","url":"https:\/\/www.bafa-bafd.org\/bafa-bafd\/","name":"BAFA BAFD","description":"Formations Bafa Bafd Lao Lagrange","publisher":{"@id":"https:\/\/www.bafa-bafd.org\/bafa-bafd\/#organization"},"potentialAction":[{"@type":"SearchAction","target":{"@type":"EntryPoint","urlTemplate":"https:\/\/www.bafa-bafd.org\/bafa-bafd\/?s={search_term_string}"},"query-input":{"@type":"PropertyValueSpecification","valueRequired":true,"valueName":"search_term_string"}}],"inLanguage":"fr-FR"},{"@type":"Organization","@id":"https:\/\/www.bafa-bafd.org\/bafa-bafd\/#organization","name":"L\u00e9o Lagrange","url":"https:\/\/www.bafa-bafd.org\/bafa-bafd\/","logo":{"@type":"ImageObject","inLanguage":"fr-FR","@id":"https:\/\/www.bafa-bafd.org\/bafa-bafd\/#\/schema\/logo\/image\/","url":"https:\/\/www.bafa-bafd.org\/bafa-bafd\/wp-content\/uploads\/2023\/03\/logo-leo-lagrange.png","contentUrl":"https:\/\/www.bafa-bafd.org\/bafa-bafd\/wp-content\/uploads\/2023\/03\/logo-leo-lagrange.png","width":166,"height":133,"caption":"L\u00e9o Lagrange"},"image":{"@id":"https:\/\/www.bafa-bafd.org\/bafa-bafd\/#\/schema\/logo\/image\/"},"sameAs":["https:\/\/www.facebook.com\/leobafanimation\/"]}]}},"_links":{"self":[{"href":"https:\/\/www.bafa-bafd.org\/bafa-bafd\/wp-json\/wp\/v2\/pages\/150","targetHints":{"allow":["GET"]}}],"collection":[{"href":"https:\/\/www.bafa-bafd.org\/bafa-bafd\/wp-json\/wp\/v2\/pages"}],"about":[{"href":"https:\/\/www.bafa-bafd.org\/bafa-bafd\/wp-json\/wp\/v2\/types\/page"}],"author":[{"embeddable":true,"href":"https:\/\/www.bafa-bafd.org\/bafa-bafd\/wp-json\/wp\/v2\/users\/1"}],"replies":[{"embeddable":true,"href":"https:\/\/www.bafa-bafd.org\/bafa-bafd\/wp-json\/wp\/v2\/comments?post=150"}],"version-history":[{"count":6,"href":"https:\/\/www.bafa-bafd.org\/bafa-bafd\/wp-json\/wp\/v2\/pages\/150\/revisions"}],"predecessor-version":[{"id":522,"href":"https:\/\/www.bafa-bafd.org\/bafa-bafd\/wp-json\/wp\/v2\/pages\/150\/revisions\/522"}],"up":[{"embeddable":true,"href":"https:\/\/www.bafa-bafd.org\/bafa-bafd\/wp-json\/wp\/v2\/pages\/379"}],"wp:attachment":[{"href":"https:\/\/www.bafa-bafd.org\/bafa-bafd\/wp-json\/wp\/v2\/media?parent=150"}],"curies":[{"name":"wp","href":"https:\/\/api.w.org\/{rel}","templated":true}]}}