{"id":145,"date":"2018-12-20T17:24:13","date_gmt":"2018-12-20T16:24:13","guid":{"rendered":"https:\/\/www.devz2.com\/bafa-bafd\/?page_id=145"},"modified":"2021-10-21T12:46:27","modified_gmt":"2021-10-21T10:46:27","slug":"le-bafd-cest-quoi","status":"publish","type":"page","link":"https:\/\/www.bafa-bafd.org\/bafa-bafd\/mon-bafd\/le-bafd-cest-quoi\/","title":{"rendered":"Le BAFD, c&rsquo;est quoi ?"},"content":{"rendered":"<blockquote><p>Tu as ton BAFA depuis quelques temps et tu as d\u00e9sormais pas mal d\u2019exp\u00e9rience : bravo !<br \/>\nTu as attrap\u00e9 le virus de l\u2019animation et tu veux aller plus loin pour gagner en comp\u00e9tences et en responsabilit\u00e9 ? Le BAFD est pour toi ! Et en plus, tu pourras choisir une sp\u00e9cialit\u00e9 gr\u00e2ce au perfectionnement !<\/p><\/blockquote>\n<p>Le Brevet d\u2019aptitude aux fonctions de directeur (BAFD) est un dipl\u00f4me qui permet d\u2019encadrer, \u00e0 titre non professionnel, de fa\u00e7on occasionnelle, des enfants et des adolescents en accueils collectifs de mineurs (ACM). Il t\u00e9moigne d\u2019un engagement \u00e9ducatif et d\u2019un volontariat associatif tout en donnant acc\u00e8s \u00e0 des responsabilit\u00e9s importantes.<\/p>\n<p>La formation BAFD pr\u00e9pare le directeur \u00e0 l\u2019exercice de <strong>5 fonctions<\/strong> :<\/p>\n<ul>\n<li>Elaborer et mettre en \u0153uvre avec son \u00e9quipe d&rsquo;animation, dans le respect du cadre r\u00e9glementaire des accueils collectifs de mineurs, un projet p\u00e9dagogique en coh\u00e9rence avec le projet \u00e9ducatif et prenant notamment en compte l&rsquo;accueil de mineurs atteints de troubles de la sant\u00e9 ou porteurs de handicaps ;<\/li>\n<li>Situer son engagement dans le contexte social, culturel et \u00e9ducatif ;<\/li>\n<li>Coordonner et assurer la formation de l&rsquo;\u00e9quipe d&rsquo;animation ;<\/li>\n<li>Diriger les personnels et assurer la gestion de l&rsquo;accueil ;<\/li>\n<li>D\u00e9velopper les partenariats et la communication.<\/li>\n<\/ul>\n<p>La formation au BAFD doit permettre d&rsquo;accompagner le directeur vers le d\u00e9veloppement d&rsquo;aptitudes lui permettant de transmettre et de faire partager les valeurs de la R\u00e9publique, notamment la la\u00efcit\u00e9.\u201d<br \/>\n<u>Extrait de l&rsquo;arr\u00eat\u00e9 du 15 juillet 2015 relatifs aux BAFA et BAFD en ACM &#8211; L\u00e9gifrance<\/u><\/p>\n<p>L\u2019obtention du BAFD autorise \u00e0 exercer les fonctions de directeur pour une dur\u00e9e de 5 ans. Il peut \u00eatre renouvel\u00e9 sous certaines conditions sur demande aupr\u00e8s de la direction r\u00e9gionale de la jeunesse, des sports et de la vie associative.<\/p>\n<p><strong>Conditions d\u2019inscription<\/strong><\/p>\n<p>Avoir 18 ans r\u00e9volus le 1er jour du stage et \u00eatre titulaire du BAFA ou justifier d\u2019une d\u00e9rogation d\u00e9livr\u00e9e par la Direction r\u00e9gionale de la coh\u00e9sion sociale<\/p>\n","protected":false},"excerpt":{"rendered":"<p>Tu as ton BAFA depuis quelques temps et tu as d\u00e9sormais pas mal d\u2019exp\u00e9rience : bravo ! Tu as attrap\u00e9 le virus de l\u2019animation et tu veux aller plus loin pour gagner en comp\u00e9tences et en responsabilit\u00e9 ? Le BAFD est pour toi ! Et en plus, tu pourras choisir une sp\u00e9cialit\u00e9 gr\u00e2ce au perfectionnement [&hellip;]<\/p>\n","protected":false},"author":1,"featured_media":0,"parent":379,"menu_order":30,"comment_status":"closed","ping_status":"closed","template":"gabarit.php","meta":{"footnotes":""},"class_list":["post-145","page","type-page","status-publish","hentry"],"yoast_head":"<!-- This site is optimized with the Yoast SEO plugin v27.4 - https:\/\/yoast.com\/product\/yoast-seo-wordpress\/ -->\n<title>Qu&#039;est-ce que le BAFD?<\/title>\n<meta name=\"description\" content=\"Le BAFD, brevet d\u2019aptitude aux fonctions de directeur, permet d\u2019encadrer des enfants et ados en accueils collectifs de mineurs (ACM). D\u00e9couvre les formations BAFD L\u00e9o Lagrange partout en France. Inscriptions en ligne avec paiement s\u00e9curis\u00e9.\" \/>\n<meta name=\"robots\" content=\"index, follow, max-snippet:-1, max-image-preview:large, max-video-preview:-1\" \/>\n<link rel=\"canonical\" href=\"https:\/\/www.bafa-bafd.org\/bafa-bafd\/mon-bafd\/le-bafd-cest-quoi\/\" \/>\n<meta property=\"og:locale\" content=\"fr_FR\" \/>\n<meta property=\"og:type\" content=\"article\" \/>\n<meta property=\"og:title\" content=\"Qu&#039;est-ce que le BAFD?\" \/>\n<meta property=\"og:description\" content=\"Le BAFD, brevet d\u2019aptitude aux fonctions de directeur, permet d\u2019encadrer des enfants et ados en accueils collectifs de mineurs (ACM). D\u00e9couvre les formations BAFD L\u00e9o Lagrange partout en France. Inscriptions en ligne avec paiement s\u00e9curis\u00e9.\" \/>\n<meta property=\"og:url\" content=\"https:\/\/www.bafa-bafd.org\/bafa-bafd\/mon-bafd\/le-bafd-cest-quoi\/\" \/>\n<meta property=\"og:site_name\" content=\"BAFA BAFD\" \/>\n<meta property=\"article:publisher\" content=\"https:\/\/www.facebook.com\/leobafanimation\/\" \/>\n<meta property=\"article:modified_time\" content=\"2021-10-21T10:46:27+00:00\" \/>\n<meta name=\"twitter:card\" content=\"summary_large_image\" \/>\n<meta name=\"twitter:label1\" content=\"Dur\u00e9e de lecture estim\u00e9e\" \/>\n\t<meta name=\"twitter:data1\" content=\"2 minutes\" \/>\n<script type=\"application\/ld+json\" class=\"yoast-schema-graph\">{\"@context\":\"https:\\\/\\\/schema.org\",\"@graph\":[{\"@type\":\"WebPage\",\"@id\":\"https:\\\/\\\/www.bafa-bafd.org\\\/bafa-bafd\\\/mon-bafd\\\/le-bafd-cest-quoi\\\/\",\"url\":\"https:\\\/\\\/www.bafa-bafd.org\\\/bafa-bafd\\\/mon-bafd\\\/le-bafd-cest-quoi\\\/\",\"name\":\"Qu'est-ce que le BAFD?\",\"isPartOf\":{\"@id\":\"https:\\\/\\\/www.bafa-bafd.org\\\/bafa-bafd\\\/#website\"},\"datePublished\":\"2018-12-20T16:24:13+00:00\",\"dateModified\":\"2021-10-21T10:46:27+00:00\",\"description\":\"Le BAFD, brevet d\u2019aptitude aux fonctions de directeur, permet d\u2019encadrer des enfants et ados en accueils collectifs de mineurs (ACM). D\u00e9couvre les formations BAFD L\u00e9o Lagrange partout en France. Inscriptions en ligne avec paiement s\u00e9curis\u00e9.\",\"breadcrumb\":{\"@id\":\"https:\\\/\\\/www.bafa-bafd.org\\\/bafa-bafd\\\/mon-bafd\\\/le-bafd-cest-quoi\\\/#breadcrumb\"},\"inLanguage\":\"fr-FR\",\"potentialAction\":[{\"@type\":\"ReadAction\",\"target\":[\"https:\\\/\\\/www.bafa-bafd.org\\\/bafa-bafd\\\/mon-bafd\\\/le-bafd-cest-quoi\\\/\"]}]},{\"@type\":\"BreadcrumbList\",\"@id\":\"https:\\\/\\\/www.bafa-bafd.org\\\/bafa-bafd\\\/mon-bafd\\\/le-bafd-cest-quoi\\\/#breadcrumb\",\"itemListElement\":[{\"@type\":\"ListItem\",\"position\":1,\"name\":\"Accueil\",\"item\":\"\\\/\"},{\"@type\":\"ListItem\",\"position\":2,\"name\":\"MON BAFD\",\"item\":\"https:\\\/\\\/www.bafa-bafd.org\\\/bafa-bafd\\\/mon-bafd\\\/\"},{\"@type\":\"ListItem\",\"position\":3,\"name\":\"Le BAFD, c&rsquo;est quoi ?\"}]},{\"@type\":\"WebSite\",\"@id\":\"https:\\\/\\\/www.bafa-bafd.org\\\/bafa-bafd\\\/#website\",\"url\":\"https:\\\/\\\/www.bafa-bafd.org\\\/bafa-bafd\\\/\",\"name\":\"BAFA BAFD\",\"description\":\"Formations Bafa Bafd Lao Lagrange\",\"publisher\":{\"@id\":\"https:\\\/\\\/www.bafa-bafd.org\\\/bafa-bafd\\\/#organization\"},\"potentialAction\":[{\"@type\":\"SearchAction\",\"target\":{\"@type\":\"EntryPoint\",\"urlTemplate\":\"https:\\\/\\\/www.bafa-bafd.org\\\/bafa-bafd\\\/?s={search_term_string}\"},\"query-input\":{\"@type\":\"PropertyValueSpecification\",\"valueRequired\":true,\"valueName\":\"search_term_string\"}}],\"inLanguage\":\"fr-FR\"},{\"@type\":\"Organization\",\"@id\":\"https:\\\/\\\/www.bafa-bafd.org\\\/bafa-bafd\\\/#organization\",\"name\":\"L\u00e9o Lagrange\",\"url\":\"https:\\\/\\\/www.bafa-bafd.org\\\/bafa-bafd\\\/\",\"logo\":{\"@type\":\"ImageObject\",\"inLanguage\":\"fr-FR\",\"@id\":\"https:\\\/\\\/www.bafa-bafd.org\\\/bafa-bafd\\\/#\\\/schema\\\/logo\\\/image\\\/\",\"url\":\"https:\\\/\\\/www.bafa-bafd.org\\\/bafa-bafd\\\/wp-content\\\/uploads\\\/2023\\\/03\\\/logo-leo-lagrange.png\",\"contentUrl\":\"https:\\\/\\\/www.bafa-bafd.org\\\/bafa-bafd\\\/wp-content\\\/uploads\\\/2023\\\/03\\\/logo-leo-lagrange.png\",\"width\":166,\"height\":133,\"caption\":\"L\u00e9o Lagrange\"},\"image\":{\"@id\":\"https:\\\/\\\/www.bafa-bafd.org\\\/bafa-bafd\\\/#\\\/schema\\\/logo\\\/image\\\/\"},\"sameAs\":[\"https:\\\/\\\/www.facebook.com\\\/leobafanimation\\\/\"]}]}<\/script>\n<!-- \/ Yoast SEO plugin. -->","yoast_head_json":{"title":"Qu'est-ce que le BAFD?","description":"Le BAFD, brevet d\u2019aptitude aux fonctions de directeur, permet d\u2019encadrer des enfants et ados en accueils collectifs de mineurs (ACM). D\u00e9couvre les formations BAFD L\u00e9o Lagrange partout en France. Inscriptions en ligne avec paiement s\u00e9curis\u00e9.","robots":{"index":"index","follow":"follow","max-snippet":"max-snippet:-1","max-image-preview":"max-image-preview:large","max-video-preview":"max-video-preview:-1"},"canonical":"https:\/\/www.bafa-bafd.org\/bafa-bafd\/mon-bafd\/le-bafd-cest-quoi\/","og_locale":"fr_FR","og_type":"article","og_title":"Qu'est-ce que le BAFD?","og_description":"Le BAFD, brevet d\u2019aptitude aux fonctions de directeur, permet d\u2019encadrer des enfants et ados en accueils collectifs de mineurs (ACM). D\u00e9couvre les formations BAFD L\u00e9o Lagrange partout en France. Inscriptions en ligne avec paiement s\u00e9curis\u00e9.","og_url":"https:\/\/www.bafa-bafd.org\/bafa-bafd\/mon-bafd\/le-bafd-cest-quoi\/","og_site_name":"BAFA BAFD","article_publisher":"https:\/\/www.facebook.com\/leobafanimation\/","article_modified_time":"2021-10-21T10:46:27+00:00","twitter_card":"summary_large_image","twitter_misc":{"Dur\u00e9e de lecture estim\u00e9e":"2 minutes"},"schema":{"@context":"https:\/\/schema.org","@graph":[{"@type":"WebPage","@id":"https:\/\/www.bafa-bafd.org\/bafa-bafd\/mon-bafd\/le-bafd-cest-quoi\/","url":"https:\/\/www.bafa-bafd.org\/bafa-bafd\/mon-bafd\/le-bafd-cest-quoi\/","name":"Qu'est-ce que le BAFD?","isPartOf":{"@id":"https:\/\/www.bafa-bafd.org\/bafa-bafd\/#website"},"datePublished":"2018-12-20T16:24:13+00:00","dateModified":"2021-10-21T10:46:27+00:00","description":"Le BAFD, brevet d\u2019aptitude aux fonctions de directeur, permet d\u2019encadrer des enfants et ados en accueils collectifs de mineurs (ACM). D\u00e9couvre les formations BAFD L\u00e9o Lagrange partout en France. Inscriptions en ligne avec paiement s\u00e9curis\u00e9.","breadcrumb":{"@id":"https:\/\/www.bafa-bafd.org\/bafa-bafd\/mon-bafd\/le-bafd-cest-quoi\/#breadcrumb"},"inLanguage":"fr-FR","potentialAction":[{"@type":"ReadAction","target":["https:\/\/www.bafa-bafd.org\/bafa-bafd\/mon-bafd\/le-bafd-cest-quoi\/"]}]},{"@type":"BreadcrumbList","@id":"https:\/\/www.bafa-bafd.org\/bafa-bafd\/mon-bafd\/le-bafd-cest-quoi\/#breadcrumb","itemListElement":[{"@type":"ListItem","position":1,"name":"Accueil","item":"\/"},{"@type":"ListItem","position":2,"name":"MON BAFD","item":"https:\/\/www.bafa-bafd.org\/bafa-bafd\/mon-bafd\/"},{"@type":"ListItem","position":3,"name":"Le BAFD, c&rsquo;est quoi ?"}]},{"@type":"WebSite","@id":"https:\/\/www.bafa-bafd.org\/bafa-bafd\/#website","url":"https:\/\/www.bafa-bafd.org\/bafa-bafd\/","name":"BAFA BAFD","description":"Formations Bafa Bafd Lao Lagrange","publisher":{"@id":"https:\/\/www.bafa-bafd.org\/bafa-bafd\/#organization"},"potentialAction":[{"@type":"SearchAction","target":{"@type":"EntryPoint","urlTemplate":"https:\/\/www.bafa-bafd.org\/bafa-bafd\/?s={search_term_string}"},"query-input":{"@type":"PropertyValueSpecification","valueRequired":true,"valueName":"search_term_string"}}],"inLanguage":"fr-FR"},{"@type":"Organization","@id":"https:\/\/www.bafa-bafd.org\/bafa-bafd\/#organization","name":"L\u00e9o Lagrange","url":"https:\/\/www.bafa-bafd.org\/bafa-bafd\/","logo":{"@type":"ImageObject","inLanguage":"fr-FR","@id":"https:\/\/www.bafa-bafd.org\/bafa-bafd\/#\/schema\/logo\/image\/","url":"https:\/\/www.bafa-bafd.org\/bafa-bafd\/wp-content\/uploads\/2023\/03\/logo-leo-lagrange.png","contentUrl":"https:\/\/www.bafa-bafd.org\/bafa-bafd\/wp-content\/uploads\/2023\/03\/logo-leo-lagrange.png","width":166,"height":133,"caption":"L\u00e9o Lagrange"},"image":{"@id":"https:\/\/www.bafa-bafd.org\/bafa-bafd\/#\/schema\/logo\/image\/"},"sameAs":["https:\/\/www.facebook.com\/leobafanimation\/"]}]}},"_links":{"self":[{"href":"https:\/\/www.bafa-bafd.org\/bafa-bafd\/wp-json\/wp\/v2\/pages\/145","targetHints":{"allow":["GET"]}}],"collection":[{"href":"https:\/\/www.bafa-bafd.org\/bafa-bafd\/wp-json\/wp\/v2\/pages"}],"about":[{"href":"https:\/\/www.bafa-bafd.org\/bafa-bafd\/wp-json\/wp\/v2\/types\/page"}],"author":[{"embeddable":true,"href":"https:\/\/www.bafa-bafd.org\/bafa-bafd\/wp-json\/wp\/v2\/users\/1"}],"replies":[{"embeddable":true,"href":"https:\/\/www.bafa-bafd.org\/bafa-bafd\/wp-json\/wp\/v2\/comments?post=145"}],"version-history":[{"count":3,"href":"https:\/\/www.bafa-bafd.org\/bafa-bafd\/wp-json\/wp\/v2\/pages\/145\/revisions"}],"predecessor-version":[{"id":521,"href":"https:\/\/www.bafa-bafd.org\/bafa-bafd\/wp-json\/wp\/v2\/pages\/145\/revisions\/521"}],"up":[{"embeddable":true,"href":"https:\/\/www.bafa-bafd.org\/bafa-bafd\/wp-json\/wp\/v2\/pages\/379"}],"wp:attachment":[{"href":"https:\/\/www.bafa-bafd.org\/bafa-bafd\/wp-json\/wp\/v2\/media?parent=145"}],"curies":[{"name":"wp","href":"https:\/\/api.w.org\/{rel}","templated":true}]}}