{"id":142,"date":"2018-12-20T17:21:33","date_gmt":"2018-12-20T16:21:33","guid":{"rendered":"https:\/\/www.devz2.com\/bafa-bafd\/?page_id=142"},"modified":"2021-10-21T12:52:37","modified_gmt":"2021-10-21T10:52:37","slug":"apres-le-bafa","status":"publish","type":"page","link":"https:\/\/www.bafa-bafd.org\/bafa-bafd\/mon-bafa\/apres-le-bafa\/","title":{"rendered":"Apr\u00e8s le BAFA"},"content":{"rendered":"<h2>Animer en ACM<\/h2>\n<p>Gr\u00e2ce au BAFA, tu peux t\u2019engager dans une \u00e9quipe d\u2019encadrement durant les p\u00e9riodes de vacances scolaires et \/ ou les mercredis sur une fonction d\u2019animateur en accueil de loisirs pour mineurs habilit\u00e9. Ton statut est celui d\u2019un animateur vacataire. Tu contribues pleinement au sein d\u2019une \u00e9quipe \u00e0 la mise en \u0153uvre du projet p\u00e9dagogique de l\u2019accueil en r\u00e9f\u00e9rence au projet \u00e9ducatif.<br \/>\nLa F\u00e9d\u00e9ration L\u00e9o Lagrange forme au BAFA et au BAFD mais c\u2019est aussi et surtout une grande association d\u2019\u00e9ducation populaire reconnue d\u2019utilit\u00e9 publique dont le m\u00e9tier est l\u2019animation, avec 300 sites d\u2019activit\u00e9s dans toute la France, 40 000 enfants accueillis quotidiennement et pr\u00e8s de 7000 salari\u00e9.e.s<br \/>\nConsultez le site : <a href=\"http:\/\/leolagrange-recrutement.org\" target=\"_blank\" rel=\"noopener noreferrer\">leolagrange-recrutement.org<\/a><\/p>\n<hr \/>\n<h2>Passer le BAFD<\/h2>\n<p>Tu as ton BAFA depuis quelques temps et tu as d\u00e9sormais pas mal d\u2019exp\u00e9rience : bravo !<br \/>\nTu as attrap\u00e9 le virus de l\u2019animation et tu veux aller plus loin pour gagner en comp\u00e9tences et en responsabilit\u00e9 ? Le BAFD est pour toi ! Le brevet d\u2019aptitude aux fonctions de directeur est une \u00e9tape suppl\u00e9mentaire dans le \u00ab cursus \u00bb de l\u2019animation volontaire. Il faut avoir 18 ans r\u00e9volus.<br \/>\n<a href=\"https:\/\/www.devz2.com\/bafa-bafd\/le-bafd-cest-quoi\/\">En savoir plus <\/a><\/p>\n<hr \/>\n<h2>Devenir animateur professionnel<\/h2>\n<p>Associ\u00e9e \u00e0 une exp\u00e9rience significative d\u2019animation, le BAFA fait partie des pr\u00e9-requis pour acc\u00e9der \u00e0 des formations dipl\u00f4mantes pour faire de l\u2019animation son m\u00e9tier et non plus un engagement occasionnel.<br \/>\n<a href=\"https:\/\/www.devz2.com\/bafa-bafd\/devenir-animateur-professionnel\/\" target=\"_blank\" rel=\"noopener noreferrer\">En savoir plus<\/a><\/p>\n<hr \/>\n<h2>Devenir formateur<\/h2>\n<p>Tu as acquis une exp\u00e9rience diversifi\u00e9e et significative dans l\u2019animation et\/ou la direction d\u2019ACM ?<br \/>\nTu as l\u2019envie de partager ton exp\u00e9rience avec les futurs animateurs ? Apr\u00e8s avoir b\u00e9n\u00e9fici\u00e9 de ta formation et l\u2019avoir \u00e9prouv\u00e9e sur le terrain, toi-aussi partage tes comp\u00e9tences et fais d\u00e9couvrir l\u2019animation aux jeunes qui passent leur BAFA ou BAFD!<br \/>\n<a href=\"https:\/\/www.devz2.com\/bafa-bafd\/devenir-formateur-volontaire\/\" target=\"_blank\" rel=\"noopener noreferrer\">En savoir plus<\/a><\/p>\n<hr \/>\n<h2>S\u2019engager<\/h2>\n<p>L\u2019animation volontaire, c\u2019est souvent vivre une premi\u00e8re forme d\u2019engagement citoyen en participant \u00e0 un projet collectif qui a du sens : guider les enfants et les jeunes dans leur d\u00e9couverte du monde. Outre les activit\u00e9s li\u00e9es au BAFA et au BAFD, la F\u00e9d\u00e9ration L\u00e9o Lagrange propose aux jeunes de s\u2019impliquer dans un r\u00e9seau avec de nombreuses id\u00e9es pour agir<br \/>\n<a href=\"https:\/\/www.devz2.com\/bafa-bafd\/tu-as-un-projet\/\">En savoir plus <\/a><\/p>\n","protected":false},"excerpt":{"rendered":"<p>Animer en ACM Gr\u00e2ce au BAFA, tu peux t\u2019engager dans une \u00e9quipe d\u2019encadrement durant les p\u00e9riodes de vacances scolaires et \/ ou les mercredis sur une fonction d\u2019animateur en accueil de loisirs pour mineurs habilit\u00e9. Ton statut est celui d\u2019un animateur vacataire. Tu contribues pleinement au sein d\u2019une \u00e9quipe \u00e0 la mise en \u0153uvre du [&hellip;]<\/p>\n","protected":false},"author":1,"featured_media":0,"parent":376,"menu_order":24,"comment_status":"closed","ping_status":"closed","template":"gabarit.php","meta":{"footnotes":""},"class_list":["post-142","page","type-page","status-publish","hentry"],"yoast_head":"<!-- This site is optimized with the Yoast SEO plugin v27.4 - https:\/\/yoast.com\/product\/yoast-seo-wordpress\/ -->\n<title>Apr\u00e8s le BAFA<\/title>\n<meta name=\"description\" content=\"Apr\u00e8s le BAFA, tu peux \u00eatre animateur vacataire mais tu peux aussi passer ton BAFD, devenir formateur BAFA BAFD ou devenir animateur professionnel en passant un BAPAAT, BPJEPS ou DEJEPS\" \/>\n<meta name=\"robots\" content=\"index, follow, max-snippet:-1, max-image-preview:large, max-video-preview:-1\" \/>\n<link rel=\"canonical\" href=\"https:\/\/www.bafa-bafd.org\/bafa-bafd\/mon-bafa\/apres-le-bafa\/\" \/>\n<meta property=\"og:locale\" content=\"fr_FR\" \/>\n<meta property=\"og:type\" content=\"article\" \/>\n<meta property=\"og:title\" content=\"Apr\u00e8s le BAFA\" \/>\n<meta property=\"og:description\" content=\"Apr\u00e8s le BAFA, tu peux \u00eatre animateur vacataire mais tu peux aussi passer ton BAFD, devenir formateur BAFA BAFD ou devenir animateur professionnel en passant un BAPAAT, BPJEPS ou DEJEPS\" \/>\n<meta property=\"og:url\" content=\"https:\/\/www.bafa-bafd.org\/bafa-bafd\/mon-bafa\/apres-le-bafa\/\" \/>\n<meta property=\"og:site_name\" content=\"BAFA BAFD\" \/>\n<meta property=\"article:publisher\" content=\"https:\/\/www.facebook.com\/leobafanimation\/\" \/>\n<meta property=\"article:modified_time\" content=\"2021-10-21T10:52:37+00:00\" \/>\n<meta name=\"twitter:card\" content=\"summary_large_image\" \/>\n<meta name=\"twitter:label1\" content=\"Dur\u00e9e de lecture estim\u00e9e\" \/>\n\t<meta name=\"twitter:data1\" content=\"2 minutes\" \/>\n<script type=\"application\/ld+json\" class=\"yoast-schema-graph\">{\"@context\":\"https:\\\/\\\/schema.org\",\"@graph\":[{\"@type\":\"WebPage\",\"@id\":\"https:\\\/\\\/www.bafa-bafd.org\\\/bafa-bafd\\\/mon-bafa\\\/apres-le-bafa\\\/\",\"url\":\"https:\\\/\\\/www.bafa-bafd.org\\\/bafa-bafd\\\/mon-bafa\\\/apres-le-bafa\\\/\",\"name\":\"Apr\u00e8s le BAFA\",\"isPartOf\":{\"@id\":\"https:\\\/\\\/www.bafa-bafd.org\\\/bafa-bafd\\\/#website\"},\"datePublished\":\"2018-12-20T16:21:33+00:00\",\"dateModified\":\"2021-10-21T10:52:37+00:00\",\"description\":\"Apr\u00e8s le BAFA, tu peux \u00eatre animateur vacataire mais tu peux aussi passer ton BAFD, devenir formateur BAFA BAFD ou devenir animateur professionnel en passant un BAPAAT, BPJEPS ou DEJEPS\",\"breadcrumb\":{\"@id\":\"https:\\\/\\\/www.bafa-bafd.org\\\/bafa-bafd\\\/mon-bafa\\\/apres-le-bafa\\\/#breadcrumb\"},\"inLanguage\":\"fr-FR\",\"potentialAction\":[{\"@type\":\"ReadAction\",\"target\":[\"https:\\\/\\\/www.bafa-bafd.org\\\/bafa-bafd\\\/mon-bafa\\\/apres-le-bafa\\\/\"]}]},{\"@type\":\"BreadcrumbList\",\"@id\":\"https:\\\/\\\/www.bafa-bafd.org\\\/bafa-bafd\\\/mon-bafa\\\/apres-le-bafa\\\/#breadcrumb\",\"itemListElement\":[{\"@type\":\"ListItem\",\"position\":1,\"name\":\"Accueil\",\"item\":\"\\\/\"},{\"@type\":\"ListItem\",\"position\":2,\"name\":\"MON BAFA\",\"item\":\"https:\\\/\\\/www.bafa-bafd.org\\\/bafa-bafd\\\/mon-bafa\\\/\"},{\"@type\":\"ListItem\",\"position\":3,\"name\":\"Apr\u00e8s le BAFA\"}]},{\"@type\":\"WebSite\",\"@id\":\"https:\\\/\\\/www.bafa-bafd.org\\\/bafa-bafd\\\/#website\",\"url\":\"https:\\\/\\\/www.bafa-bafd.org\\\/bafa-bafd\\\/\",\"name\":\"BAFA BAFD\",\"description\":\"Formations Bafa Bafd Lao Lagrange\",\"publisher\":{\"@id\":\"https:\\\/\\\/www.bafa-bafd.org\\\/bafa-bafd\\\/#organization\"},\"potentialAction\":[{\"@type\":\"SearchAction\",\"target\":{\"@type\":\"EntryPoint\",\"urlTemplate\":\"https:\\\/\\\/www.bafa-bafd.org\\\/bafa-bafd\\\/?s={search_term_string}\"},\"query-input\":{\"@type\":\"PropertyValueSpecification\",\"valueRequired\":true,\"valueName\":\"search_term_string\"}}],\"inLanguage\":\"fr-FR\"},{\"@type\":\"Organization\",\"@id\":\"https:\\\/\\\/www.bafa-bafd.org\\\/bafa-bafd\\\/#organization\",\"name\":\"L\u00e9o Lagrange\",\"url\":\"https:\\\/\\\/www.bafa-bafd.org\\\/bafa-bafd\\\/\",\"logo\":{\"@type\":\"ImageObject\",\"inLanguage\":\"fr-FR\",\"@id\":\"https:\\\/\\\/www.bafa-bafd.org\\\/bafa-bafd\\\/#\\\/schema\\\/logo\\\/image\\\/\",\"url\":\"https:\\\/\\\/www.bafa-bafd.org\\\/bafa-bafd\\\/wp-content\\\/uploads\\\/2023\\\/03\\\/logo-leo-lagrange.png\",\"contentUrl\":\"https:\\\/\\\/www.bafa-bafd.org\\\/bafa-bafd\\\/wp-content\\\/uploads\\\/2023\\\/03\\\/logo-leo-lagrange.png\",\"width\":166,\"height\":133,\"caption\":\"L\u00e9o Lagrange\"},\"image\":{\"@id\":\"https:\\\/\\\/www.bafa-bafd.org\\\/bafa-bafd\\\/#\\\/schema\\\/logo\\\/image\\\/\"},\"sameAs\":[\"https:\\\/\\\/www.facebook.com\\\/leobafanimation\\\/\"]}]}<\/script>\n<!-- \/ Yoast SEO plugin. -->","yoast_head_json":{"title":"Apr\u00e8s le BAFA","description":"Apr\u00e8s le BAFA, tu peux \u00eatre animateur vacataire mais tu peux aussi passer ton BAFD, devenir formateur BAFA BAFD ou devenir animateur professionnel en passant un BAPAAT, BPJEPS ou DEJEPS","robots":{"index":"index","follow":"follow","max-snippet":"max-snippet:-1","max-image-preview":"max-image-preview:large","max-video-preview":"max-video-preview:-1"},"canonical":"https:\/\/www.bafa-bafd.org\/bafa-bafd\/mon-bafa\/apres-le-bafa\/","og_locale":"fr_FR","og_type":"article","og_title":"Apr\u00e8s le BAFA","og_description":"Apr\u00e8s le BAFA, tu peux \u00eatre animateur vacataire mais tu peux aussi passer ton BAFD, devenir formateur BAFA BAFD ou devenir animateur professionnel en passant un BAPAAT, BPJEPS ou DEJEPS","og_url":"https:\/\/www.bafa-bafd.org\/bafa-bafd\/mon-bafa\/apres-le-bafa\/","og_site_name":"BAFA BAFD","article_publisher":"https:\/\/www.facebook.com\/leobafanimation\/","article_modified_time":"2021-10-21T10:52:37+00:00","twitter_card":"summary_large_image","twitter_misc":{"Dur\u00e9e de lecture estim\u00e9e":"2 minutes"},"schema":{"@context":"https:\/\/schema.org","@graph":[{"@type":"WebPage","@id":"https:\/\/www.bafa-bafd.org\/bafa-bafd\/mon-bafa\/apres-le-bafa\/","url":"https:\/\/www.bafa-bafd.org\/bafa-bafd\/mon-bafa\/apres-le-bafa\/","name":"Apr\u00e8s le BAFA","isPartOf":{"@id":"https:\/\/www.bafa-bafd.org\/bafa-bafd\/#website"},"datePublished":"2018-12-20T16:21:33+00:00","dateModified":"2021-10-21T10:52:37+00:00","description":"Apr\u00e8s le BAFA, tu peux \u00eatre animateur vacataire mais tu peux aussi passer ton BAFD, devenir formateur BAFA BAFD ou devenir animateur professionnel en passant un BAPAAT, BPJEPS ou DEJEPS","breadcrumb":{"@id":"https:\/\/www.bafa-bafd.org\/bafa-bafd\/mon-bafa\/apres-le-bafa\/#breadcrumb"},"inLanguage":"fr-FR","potentialAction":[{"@type":"ReadAction","target":["https:\/\/www.bafa-bafd.org\/bafa-bafd\/mon-bafa\/apres-le-bafa\/"]}]},{"@type":"BreadcrumbList","@id":"https:\/\/www.bafa-bafd.org\/bafa-bafd\/mon-bafa\/apres-le-bafa\/#breadcrumb","itemListElement":[{"@type":"ListItem","position":1,"name":"Accueil","item":"\/"},{"@type":"ListItem","position":2,"name":"MON BAFA","item":"https:\/\/www.bafa-bafd.org\/bafa-bafd\/mon-bafa\/"},{"@type":"ListItem","position":3,"name":"Apr\u00e8s le BAFA"}]},{"@type":"WebSite","@id":"https:\/\/www.bafa-bafd.org\/bafa-bafd\/#website","url":"https:\/\/www.bafa-bafd.org\/bafa-bafd\/","name":"BAFA BAFD","description":"Formations Bafa Bafd Lao Lagrange","publisher":{"@id":"https:\/\/www.bafa-bafd.org\/bafa-bafd\/#organization"},"potentialAction":[{"@type":"SearchAction","target":{"@type":"EntryPoint","urlTemplate":"https:\/\/www.bafa-bafd.org\/bafa-bafd\/?s={search_term_string}"},"query-input":{"@type":"PropertyValueSpecification","valueRequired":true,"valueName":"search_term_string"}}],"inLanguage":"fr-FR"},{"@type":"Organization","@id":"https:\/\/www.bafa-bafd.org\/bafa-bafd\/#organization","name":"L\u00e9o Lagrange","url":"https:\/\/www.bafa-bafd.org\/bafa-bafd\/","logo":{"@type":"ImageObject","inLanguage":"fr-FR","@id":"https:\/\/www.bafa-bafd.org\/bafa-bafd\/#\/schema\/logo\/image\/","url":"https:\/\/www.bafa-bafd.org\/bafa-bafd\/wp-content\/uploads\/2023\/03\/logo-leo-lagrange.png","contentUrl":"https:\/\/www.bafa-bafd.org\/bafa-bafd\/wp-content\/uploads\/2023\/03\/logo-leo-lagrange.png","width":166,"height":133,"caption":"L\u00e9o Lagrange"},"image":{"@id":"https:\/\/www.bafa-bafd.org\/bafa-bafd\/#\/schema\/logo\/image\/"},"sameAs":["https:\/\/www.facebook.com\/leobafanimation\/"]}]}},"_links":{"self":[{"href":"https:\/\/www.bafa-bafd.org\/bafa-bafd\/wp-json\/wp\/v2\/pages\/142","targetHints":{"allow":["GET"]}}],"collection":[{"href":"https:\/\/www.bafa-bafd.org\/bafa-bafd\/wp-json\/wp\/v2\/pages"}],"about":[{"href":"https:\/\/www.bafa-bafd.org\/bafa-bafd\/wp-json\/wp\/v2\/types\/page"}],"author":[{"embeddable":true,"href":"https:\/\/www.bafa-bafd.org\/bafa-bafd\/wp-json\/wp\/v2\/users\/1"}],"replies":[{"embeddable":true,"href":"https:\/\/www.bafa-bafd.org\/bafa-bafd\/wp-json\/wp\/v2\/comments?post=142"}],"version-history":[{"count":5,"href":"https:\/\/www.bafa-bafd.org\/bafa-bafd\/wp-json\/wp\/v2\/pages\/142\/revisions"}],"predecessor-version":[{"id":523,"href":"https:\/\/www.bafa-bafd.org\/bafa-bafd\/wp-json\/wp\/v2\/pages\/142\/revisions\/523"}],"up":[{"embeddable":true,"href":"https:\/\/www.bafa-bafd.org\/bafa-bafd\/wp-json\/wp\/v2\/pages\/376"}],"wp:attachment":[{"href":"https:\/\/www.bafa-bafd.org\/bafa-bafd\/wp-json\/wp\/v2\/media?parent=142"}],"curies":[{"name":"wp","href":"https:\/\/api.w.org\/{rel}","templated":true}]}}