{"id":139,"date":"2018-12-20T17:18:13","date_gmt":"2018-12-20T16:18:13","guid":{"rendered":"https:\/\/www.devz2.com\/bafa-bafd\/?page_id=139"},"modified":"2019-03-27T07:53:52","modified_gmt":"2019-03-27T06:53:52","slug":"le-bafa-a-leo","status":"publish","type":"page","link":"https:\/\/www.bafa-bafd.org\/bafa-bafd\/mon-bafa\/le-bafa-a-leo\/","title":{"rendered":"Le BAFA \u00e0 L\u00e9o"},"content":{"rendered":"\n<p>Afin de te former au mieux, nos objectifs sp\u00e9cifiques \u00e0 L\u00e9o Lagrange sont :<\/p>\n<ul>\n<li>Te permettre de clarifier et traduire tes motivations et tes attentes,<\/li>\n<li>T\u2019encourager \u00e0 utiliser ton potentiel, ta r\u00e9flexion, tes acquis pour construire un projet coh\u00e9rent, r\u00e9aliste et l\u2019\u00e9valuer,<\/li>\n<li>T\u2019apprendre \u00e0 favoriser le respect des diff\u00e9rences en travaillant en \u00e9quipe et en participant activement \u00e0 l\u2019organisation de la vie en groupe,<\/li>\n<li>T\u2019accompagner \u00e0 prendre conscience de ta responsabilit\u00e9, de ton r\u00f4le et de ta fonction au sein d\u2019une \u00e9quipe, aupr\u00e8s des enfants et des jeunes,<\/li>\n<li>T\u2019offrir l\u2019opportunit\u00e9 de d\u00e9couvrir l\u2019\u00e9ducation populaire dans le cadre d\u2019une exp\u00e9rience de formation.<\/li>\n<\/ul>\n<hr>\n<p><strong>T\u2019apporter des connaissances :<\/strong><\/p>\n<ul>\n<li>Sur les caract\u00e9ristiques et besoins des diff\u00e9rents publics accueillis dans le cadre des accueils de loisirs et s\u00e9jours d\u2019enfants et de jeunes,<\/li>\n<li>Sur la l\u00e9gislation, la r\u00e9glementation et les notions de responsabilit\u00e9 dans le cadre de la protection des mineurs et les droits de l\u2019enfant,<\/li>\n<li>Sur les diff\u00e9rentes structures accueillant un public enfants \/ jeunes, diversit\u00e9 et fonctionnement,<\/li>\n<li>Sur les diff\u00e9rentes techniques d\u2019animation et leur mise en pratique,<\/li>\n<li>Sur les r\u00e8gles d\u2019hygi\u00e8ne alimentaire, corporelle et vestimentaire,<\/li>\n<li>Sur les rythmes de vie de l\u2019enfant et du jeune,<\/li>\n<li>Sur les notions de projet et leur mise en \u0153uvre,<\/li>\n<li>Sur les diff\u00e9rentes fonctions et les statuts des personnels des accueils de loisirs et s\u00e9jours d\u2019enfants et de jeunes, en r\u00e9f\u00e9rence \u00e0 la Convention collective nationale de l&rsquo;animation (CCNA),<\/li>\n<li>Sur les diff\u00e9rentes formations \u00e0 l\u2019animation et les diff\u00e9rentes qualifications compl\u00e9mentaires.<\/li>\n<\/ul>\n<hr>\n<p><strong>Les plus L\u00e9o<\/strong><\/p>\n<ul>\n<li>L\u2019animation, c\u2019est notre passion et nous esp\u00e9rons tr\u00e8s vite te la faire partager !<\/li>\n<li>L\u2019animation, c\u2019est notre m\u00e9tier depuis 1950 !<\/li>\n<li>Le bien-\u00eatre et le d\u00e9veloppement des enfants sont au c\u0153ur de nos formations<\/li>\n<li>Nous garantissons des effectifs limit\u00e9s pour une meilleure qualit\u00e9 p\u00e9dagogique, l\u2019ambiance et la richesse de la vie en groupe<\/li>\n<li>Dans nos formations, le rythme de chacun.e est respect\u00e9<\/li>\n<li>Un r\u00e9seau de formateur.rice.s motiv\u00e9 et engag\u00e9<\/li>\n<li>Nous t\u2019accompagnons pour trouver un stage pratique<\/li>\n<li>Nous sommes engag\u00e9s dans la lutte contre toute forme de discrimination<\/li>\n<\/ul>\n","protected":false},"excerpt":{"rendered":"<p>Afin de te former au mieux, nos objectifs sp\u00e9cifiques \u00e0 L\u00e9o Lagrange sont : Te permettre de clarifier et traduire tes motivations et tes attentes, T\u2019encourager \u00e0 utiliser ton potentiel, ta r\u00e9flexion, tes acquis pour construire un projet coh\u00e9rent, r\u00e9aliste et l\u2019\u00e9valuer, T\u2019apprendre \u00e0 favoriser le respect des diff\u00e9rences en travaillant en \u00e9quipe et en [&hellip;]<\/p>\n","protected":false},"author":1,"featured_media":0,"parent":376,"menu_order":23,"comment_status":"closed","ping_status":"closed","template":"gabarit.php","meta":{"footnotes":""},"class_list":["post-139","page","type-page","status-publish","hentry"],"yoast_head":"<!-- This site is optimized with the Yoast SEO plugin v27.4 - https:\/\/yoast.com\/product\/yoast-seo-wordpress\/ -->\n<title>Ton BAFA \u00e0 L\u00e9o Lagrange<\/title>\n<meta name=\"description\" content=\"Chaque \u00e9tape de la formation BAFA L\u00e9o Lagrange est essentielle pour prendre et exercer les fonctions d&#039;animateur. Outils, savoirs, savoir-\u00eatre: nos formateurs sont mobilis\u00e9s pour tout te transmettre!\" \/>\n<meta name=\"robots\" content=\"index, follow, max-snippet:-1, max-image-preview:large, max-video-preview:-1\" \/>\n<link rel=\"canonical\" href=\"https:\/\/www.bafa-bafd.org\/bafa-bafd\/mon-bafa\/le-bafa-a-leo\/\" \/>\n<meta property=\"og:locale\" content=\"fr_FR\" \/>\n<meta property=\"og:type\" content=\"article\" \/>\n<meta property=\"og:title\" content=\"Ton BAFA \u00e0 L\u00e9o Lagrange\" \/>\n<meta property=\"og:description\" content=\"Chaque \u00e9tape de la formation BAFA L\u00e9o Lagrange est essentielle pour prendre et exercer les fonctions d&#039;animateur. Outils, savoirs, savoir-\u00eatre: nos formateurs sont mobilis\u00e9s pour tout te transmettre!\" \/>\n<meta property=\"og:url\" content=\"https:\/\/www.bafa-bafd.org\/bafa-bafd\/mon-bafa\/le-bafa-a-leo\/\" \/>\n<meta property=\"og:site_name\" content=\"BAFA BAFD\" \/>\n<meta property=\"article:publisher\" content=\"https:\/\/www.facebook.com\/leobafanimation\/\" \/>\n<meta property=\"article:modified_time\" content=\"2019-03-27T06:53:52+00:00\" \/>\n<meta name=\"twitter:card\" content=\"summary_large_image\" \/>\n<meta name=\"twitter:label1\" content=\"Dur\u00e9e de lecture estim\u00e9e\" \/>\n\t<meta name=\"twitter:data1\" content=\"2 minutes\" \/>\n<script type=\"application\/ld+json\" class=\"yoast-schema-graph\">{\"@context\":\"https:\\\/\\\/schema.org\",\"@graph\":[{\"@type\":\"WebPage\",\"@id\":\"https:\\\/\\\/www.bafa-bafd.org\\\/bafa-bafd\\\/mon-bafa\\\/le-bafa-a-leo\\\/\",\"url\":\"https:\\\/\\\/www.bafa-bafd.org\\\/bafa-bafd\\\/mon-bafa\\\/le-bafa-a-leo\\\/\",\"name\":\"Ton BAFA \u00e0 L\u00e9o Lagrange\",\"isPartOf\":{\"@id\":\"https:\\\/\\\/www.bafa-bafd.org\\\/bafa-bafd\\\/#website\"},\"datePublished\":\"2018-12-20T16:18:13+00:00\",\"dateModified\":\"2019-03-27T06:53:52+00:00\",\"description\":\"Chaque \u00e9tape de la formation BAFA L\u00e9o Lagrange est essentielle pour prendre et exercer les fonctions d'animateur. Outils, savoirs, savoir-\u00eatre: nos formateurs sont mobilis\u00e9s pour tout te transmettre!\",\"breadcrumb\":{\"@id\":\"https:\\\/\\\/www.bafa-bafd.org\\\/bafa-bafd\\\/mon-bafa\\\/le-bafa-a-leo\\\/#breadcrumb\"},\"inLanguage\":\"fr-FR\",\"potentialAction\":[{\"@type\":\"ReadAction\",\"target\":[\"https:\\\/\\\/www.bafa-bafd.org\\\/bafa-bafd\\\/mon-bafa\\\/le-bafa-a-leo\\\/\"]}]},{\"@type\":\"BreadcrumbList\",\"@id\":\"https:\\\/\\\/www.bafa-bafd.org\\\/bafa-bafd\\\/mon-bafa\\\/le-bafa-a-leo\\\/#breadcrumb\",\"itemListElement\":[{\"@type\":\"ListItem\",\"position\":1,\"name\":\"Accueil\",\"item\":\"\\\/\"},{\"@type\":\"ListItem\",\"position\":2,\"name\":\"MON BAFA\",\"item\":\"https:\\\/\\\/www.bafa-bafd.org\\\/bafa-bafd\\\/mon-bafa\\\/\"},{\"@type\":\"ListItem\",\"position\":3,\"name\":\"Le BAFA \u00e0 L\u00e9o\"}]},{\"@type\":\"WebSite\",\"@id\":\"https:\\\/\\\/www.bafa-bafd.org\\\/bafa-bafd\\\/#website\",\"url\":\"https:\\\/\\\/www.bafa-bafd.org\\\/bafa-bafd\\\/\",\"name\":\"BAFA BAFD\",\"description\":\"Formations Bafa Bafd Lao Lagrange\",\"publisher\":{\"@id\":\"https:\\\/\\\/www.bafa-bafd.org\\\/bafa-bafd\\\/#organization\"},\"potentialAction\":[{\"@type\":\"SearchAction\",\"target\":{\"@type\":\"EntryPoint\",\"urlTemplate\":\"https:\\\/\\\/www.bafa-bafd.org\\\/bafa-bafd\\\/?s={search_term_string}\"},\"query-input\":{\"@type\":\"PropertyValueSpecification\",\"valueRequired\":true,\"valueName\":\"search_term_string\"}}],\"inLanguage\":\"fr-FR\"},{\"@type\":\"Organization\",\"@id\":\"https:\\\/\\\/www.bafa-bafd.org\\\/bafa-bafd\\\/#organization\",\"name\":\"L\u00e9o Lagrange\",\"url\":\"https:\\\/\\\/www.bafa-bafd.org\\\/bafa-bafd\\\/\",\"logo\":{\"@type\":\"ImageObject\",\"inLanguage\":\"fr-FR\",\"@id\":\"https:\\\/\\\/www.bafa-bafd.org\\\/bafa-bafd\\\/#\\\/schema\\\/logo\\\/image\\\/\",\"url\":\"https:\\\/\\\/www.bafa-bafd.org\\\/bafa-bafd\\\/wp-content\\\/uploads\\\/2023\\\/03\\\/logo-leo-lagrange.png\",\"contentUrl\":\"https:\\\/\\\/www.bafa-bafd.org\\\/bafa-bafd\\\/wp-content\\\/uploads\\\/2023\\\/03\\\/logo-leo-lagrange.png\",\"width\":166,\"height\":133,\"caption\":\"L\u00e9o Lagrange\"},\"image\":{\"@id\":\"https:\\\/\\\/www.bafa-bafd.org\\\/bafa-bafd\\\/#\\\/schema\\\/logo\\\/image\\\/\"},\"sameAs\":[\"https:\\\/\\\/www.facebook.com\\\/leobafanimation\\\/\"]}]}<\/script>\n<!-- \/ Yoast SEO plugin. -->","yoast_head_json":{"title":"Ton BAFA \u00e0 L\u00e9o Lagrange","description":"Chaque \u00e9tape de la formation BAFA L\u00e9o Lagrange est essentielle pour prendre et exercer les fonctions d'animateur. Outils, savoirs, savoir-\u00eatre: nos formateurs sont mobilis\u00e9s pour tout te transmettre!","robots":{"index":"index","follow":"follow","max-snippet":"max-snippet:-1","max-image-preview":"max-image-preview:large","max-video-preview":"max-video-preview:-1"},"canonical":"https:\/\/www.bafa-bafd.org\/bafa-bafd\/mon-bafa\/le-bafa-a-leo\/","og_locale":"fr_FR","og_type":"article","og_title":"Ton BAFA \u00e0 L\u00e9o Lagrange","og_description":"Chaque \u00e9tape de la formation BAFA L\u00e9o Lagrange est essentielle pour prendre et exercer les fonctions d'animateur. Outils, savoirs, savoir-\u00eatre: nos formateurs sont mobilis\u00e9s pour tout te transmettre!","og_url":"https:\/\/www.bafa-bafd.org\/bafa-bafd\/mon-bafa\/le-bafa-a-leo\/","og_site_name":"BAFA BAFD","article_publisher":"https:\/\/www.facebook.com\/leobafanimation\/","article_modified_time":"2019-03-27T06:53:52+00:00","twitter_card":"summary_large_image","twitter_misc":{"Dur\u00e9e de lecture estim\u00e9e":"2 minutes"},"schema":{"@context":"https:\/\/schema.org","@graph":[{"@type":"WebPage","@id":"https:\/\/www.bafa-bafd.org\/bafa-bafd\/mon-bafa\/le-bafa-a-leo\/","url":"https:\/\/www.bafa-bafd.org\/bafa-bafd\/mon-bafa\/le-bafa-a-leo\/","name":"Ton BAFA \u00e0 L\u00e9o Lagrange","isPartOf":{"@id":"https:\/\/www.bafa-bafd.org\/bafa-bafd\/#website"},"datePublished":"2018-12-20T16:18:13+00:00","dateModified":"2019-03-27T06:53:52+00:00","description":"Chaque \u00e9tape de la formation BAFA L\u00e9o Lagrange est essentielle pour prendre et exercer les fonctions d'animateur. Outils, savoirs, savoir-\u00eatre: nos formateurs sont mobilis\u00e9s pour tout te transmettre!","breadcrumb":{"@id":"https:\/\/www.bafa-bafd.org\/bafa-bafd\/mon-bafa\/le-bafa-a-leo\/#breadcrumb"},"inLanguage":"fr-FR","potentialAction":[{"@type":"ReadAction","target":["https:\/\/www.bafa-bafd.org\/bafa-bafd\/mon-bafa\/le-bafa-a-leo\/"]}]},{"@type":"BreadcrumbList","@id":"https:\/\/www.bafa-bafd.org\/bafa-bafd\/mon-bafa\/le-bafa-a-leo\/#breadcrumb","itemListElement":[{"@type":"ListItem","position":1,"name":"Accueil","item":"\/"},{"@type":"ListItem","position":2,"name":"MON BAFA","item":"https:\/\/www.bafa-bafd.org\/bafa-bafd\/mon-bafa\/"},{"@type":"ListItem","position":3,"name":"Le BAFA \u00e0 L\u00e9o"}]},{"@type":"WebSite","@id":"https:\/\/www.bafa-bafd.org\/bafa-bafd\/#website","url":"https:\/\/www.bafa-bafd.org\/bafa-bafd\/","name":"BAFA BAFD","description":"Formations Bafa Bafd Lao Lagrange","publisher":{"@id":"https:\/\/www.bafa-bafd.org\/bafa-bafd\/#organization"},"potentialAction":[{"@type":"SearchAction","target":{"@type":"EntryPoint","urlTemplate":"https:\/\/www.bafa-bafd.org\/bafa-bafd\/?s={search_term_string}"},"query-input":{"@type":"PropertyValueSpecification","valueRequired":true,"valueName":"search_term_string"}}],"inLanguage":"fr-FR"},{"@type":"Organization","@id":"https:\/\/www.bafa-bafd.org\/bafa-bafd\/#organization","name":"L\u00e9o Lagrange","url":"https:\/\/www.bafa-bafd.org\/bafa-bafd\/","logo":{"@type":"ImageObject","inLanguage":"fr-FR","@id":"https:\/\/www.bafa-bafd.org\/bafa-bafd\/#\/schema\/logo\/image\/","url":"https:\/\/www.bafa-bafd.org\/bafa-bafd\/wp-content\/uploads\/2023\/03\/logo-leo-lagrange.png","contentUrl":"https:\/\/www.bafa-bafd.org\/bafa-bafd\/wp-content\/uploads\/2023\/03\/logo-leo-lagrange.png","width":166,"height":133,"caption":"L\u00e9o Lagrange"},"image":{"@id":"https:\/\/www.bafa-bafd.org\/bafa-bafd\/#\/schema\/logo\/image\/"},"sameAs":["https:\/\/www.facebook.com\/leobafanimation\/"]}]}},"_links":{"self":[{"href":"https:\/\/www.bafa-bafd.org\/bafa-bafd\/wp-json\/wp\/v2\/pages\/139","targetHints":{"allow":["GET"]}}],"collection":[{"href":"https:\/\/www.bafa-bafd.org\/bafa-bafd\/wp-json\/wp\/v2\/pages"}],"about":[{"href":"https:\/\/www.bafa-bafd.org\/bafa-bafd\/wp-json\/wp\/v2\/types\/page"}],"author":[{"embeddable":true,"href":"https:\/\/www.bafa-bafd.org\/bafa-bafd\/wp-json\/wp\/v2\/users\/1"}],"replies":[{"embeddable":true,"href":"https:\/\/www.bafa-bafd.org\/bafa-bafd\/wp-json\/wp\/v2\/comments?post=139"}],"version-history":[{"count":6,"href":"https:\/\/www.bafa-bafd.org\/bafa-bafd\/wp-json\/wp\/v2\/pages\/139\/revisions"}],"predecessor-version":[{"id":262,"href":"https:\/\/www.bafa-bafd.org\/bafa-bafd\/wp-json\/wp\/v2\/pages\/139\/revisions\/262"}],"up":[{"embeddable":true,"href":"https:\/\/www.bafa-bafd.org\/bafa-bafd\/wp-json\/wp\/v2\/pages\/376"}],"wp:attachment":[{"href":"https:\/\/www.bafa-bafd.org\/bafa-bafd\/wp-json\/wp\/v2\/media?parent=139"}],"curies":[{"name":"wp","href":"https:\/\/api.w.org\/{rel}","templated":true}]}}