{"id":134,"date":"2018-12-20T16:38:51","date_gmt":"2018-12-20T15:38:51","guid":{"rendered":"https:\/\/www.devz2.com\/bafa-bafd\/?page_id=134"},"modified":"2019-04-30T17:36:03","modified_gmt":"2019-04-30T15:36:03","slug":"conditions-dobtention-bafa","status":"publish","type":"page","link":"https:\/\/www.bafa-bafd.org\/bafa-bafd\/mon-bafa\/conditions-dobtention-bafa\/","title":{"rendered":"Conditions d\u2019obtention BAFA"},"content":{"rendered":"<h2>Le BAFA, c\u2019est donc 3 \u00e9tapes \u00e0 valider !<\/h2>\n<p>Comme chaque \u00e9tape te permet de ma\u00eetriser des savoirs, des techniques et des savoir-faire, nous devons nous assurer que tu es pr\u00eat.e \u00e0 partir \u00e0 l\u2019aventure !<\/p>\n<p>Chaque \u00e9tape fait l\u2019objet d\u2019un suivi et d\u2019une <strong>\u00e9valuation<\/strong>, qui donne lieu \u00e0 la <strong>validation<\/strong> ou non de cette phase et permet de passer \u00e0 la suivante.<\/p>\n<p>Ce sont nos formateurs qui, sur la base d\u2019objectifs clairs et de crit\u00e8res objectifs, vont t\u2019accompagner et \u00e9valuer tes acquis. Ces objectifs d\u00e9coulent directement des fonctions et aptitudes de l\u2019animateur. Elles sont r\u00e9glement\u00e9es et pr\u00e9cises.<\/p>\n<hr \/>\n<h2>Le Jury BAFA<\/h2>\n<p>Ensuite, \u00e0 l\u2019issue de l\u2019approfondissement, les 3 \u00e9tapes valid\u00e9es, ton livret \u00e9lectronique bien mis \u00e0 jour, ce sont les services des Directions d\u00e9partementales de la coh\u00e9sion sociale (DDCS) qui r\u00e9unissent un <strong>jury BAFA<\/strong> (environ 3 \u00e0 6 fois par an selon les d\u00e9partements) pour valider le brevet.<\/p>\n<ol>\n<li>Si toutes les \u00e9tapes de ta formation sont valid\u00e9es favorablement, ton dossier est transmis automatiquement au jury.<\/li>\n<li>Si une \u00e9tape n\u2019est pas \u00ab favorable \u00bb, tu peux la refaire. \u00c0 l\u2019issue de celle-ci tu dois obligatoirement demander la pr\u00e9sentation en jury de ton dossier en cliquant sur \u00abDemander le passage en jury\u00bb dans la partie \u00ab cursus \u00bb de ton espace personnel internet du site du minist\u00e8re.<\/li>\n<li>Si une ou plusieurs des \u00e9tapes n\u2019est pas \u00ab favorable \u00bb et que tu ne souhaites pas la ou les refaire, pour demander la pr\u00e9sentation en jury de ton dossier, clique sur \u00ab Demander le passage en jury \u00bb dans la partie \u00ab cursus \u00bb de ton espace personnel internet.<\/li>\n<\/ol>\n<p>Au vu de la proposition du jury, le directeur d\u00e9partemental peut te d\u00e9clarer <strong>re\u00e7u(e), ajourn\u00e9(e) ou refus\u00e9(e)<\/strong>.<\/p>\n<ul>\n<li>Si tu es d\u00e9clar\u00e9(e) re\u00e7u(e), le directeur d\u00e9partemental te d\u00e9livrera le BAFA.<\/li>\n<li>En cas d\u2019ajournement, tu disposes d\u2019un d\u00e9lai de douze mois pour recommencer les sessions de formation ou le stage pratique jug\u00e9s insuffisants.<\/li>\n<li>En cas de refus, tu perds le b\u00e9n\u00e9fice de l\u2019ensemble de ta formation.<\/li>\n<\/ul>\n<p><strong>Pour savoir si le BAFA t\u2019a bien \u00e9t\u00e9 attribu\u00e9<\/strong>, tu peux observer ton livret \u00e9lectronique BAFA, dans l\u2019onglet \u201cAccueil\u201d. A l\u2019issue de la date du jury, le num\u00e9ro de brevet et la date du jury auquel est pass\u00e9 ton livret y sera indiqu\u00e9 tout en haut de la page.<\/p>\n<p>Tu peux trouver les <strong>dates des jurys BAFA<\/strong> de ton d\u00e9partement sur le site de la DRJSCS de ta r\u00e9gion.<br \/>\nEt surtout, <strong>pour r\u00e9cup\u00e9rer ton BAFA, format papier<\/strong>, contacte ta DDCS : certaines envoient le BAFA \u00e0 domicile, d\u2019autres te demanderont de venir le chercher !<br \/>\n<strong>Rassure-toi ! Si tu n\u2019as pas l\u2019impression de tout comprendre, la formation est l\u00e0 pour \u00e7a ! <\/strong><\/p>\n<hr \/>\n<h2>Le livret \u00e9lectronique<\/h2>\n<p><strong>Avant de t\u2019inscrire \u00e0 la premi\u00e8re \u00e9tape du BAFA ou du BAFD, il te faut obligatoirement cr\u00e9er sur le site du Minist\u00e8re de tutelle, un livret \u00e9lectronique.<\/strong><\/p>\n<p><a href=\"http:\/\/www.jeunes.gouv.fr\/ministere\/actions-ministerielles\/formations-et-metiers-de-l\/bafa-bafd\/\" target=\"_blank\" rel=\"noopener noreferrer\">www.jeunes.gouv.fr rubrique BAFA\/BAFD<\/a><\/p>\n<p>V\u00e9ritable interface entre le Minist\u00e8re, les organismes de formation et toi, ce <strong>compte personnel<\/strong> est g\u00e9r\u00e9 directement par tes soins.<br \/>\nEn t\u2019inscrivant \u00e0 l\u2019un de nos stages, tu nous indiqueras le <strong>num\u00e9ro d\u2019identifiant jeunesse et sports<\/strong> qui t\u2019est attribu\u00e9, ce qui nous permettra de transmettre les \u00e9l\u00e9ments n\u00e9cessaires \u00e0 leur validation par le Minist\u00e8re.<\/p>\n<p>Pour le <strong>stage pratique<\/strong>, c\u2019est l&rsquo;organisateur de l\u2019accueil collectif de mineurs (via le directeur) qui t\u2019a accueilli en stage, qui doit d\u00e9clarer, sur son interface (SIAM), ton statut de stagiaire et y reporter la validation et l\u2019appr\u00e9ciation.<\/p>\n<p>Si la d\u00e9marche est bien r\u00e9alis\u00e9e, ton stage pratique appara\u00eetra ainsi dans ton livret. Il est essentiel que ton livret soit \u00e0 jour pour pouvoir entamer l\u2019approfondissement BAFA.<\/p>\n<p>Dans le cas o\u00f9 cette \u00e9tape s\u2019av\u00e8re compliqu\u00e9e, il est toujours possible que tu saisisses toi-m\u00eame, sur ton livret \u00e9lectronique, directement dans l\u2019onglet cursus, ton stage pratique.<\/p>\n<p>Attention, toutes les informations doivent \u00eatre conformes au certificat de stage pratique rempli, sign\u00e9 et tamponn\u00e9 par l\u2019organisateur (ici, L\u00e9o Lagrange).<\/p>\n<p>Afin de permettre la validation par les services de la Jeunesse et Sports, il te faut <strong>envoyer l\u2019original du certificat \u00e0 la Direction D\u00e9partementale de la Coh\u00e9sion Sociale dont d\u00e9pend ton lieu de stage<\/strong>, sans quoi ton stage ne pourra \u00eatre valid\u00e9.<\/p>\n<p>La <strong>mise \u00e0 jour correcte de ton livret <\/strong>de formation t\u2019assure en fin de cursus un passage automatique de ton parcours en jury BAFA.<\/p>\n<p><strong>Si cette d\u00e9marche n\u2019est pas effectu\u00e9e, le BAFA ne peut \u00eatre obtenu.<\/strong><\/p>\n","protected":false},"excerpt":{"rendered":"<p>Le BAFA, c\u2019est donc 3 \u00e9tapes \u00e0 valider ! Comme chaque \u00e9tape te permet de ma\u00eetriser des savoirs, des techniques et des savoir-faire, nous devons nous assurer que tu es pr\u00eat.e \u00e0 partir \u00e0 l\u2019aventure ! Chaque \u00e9tape fait l\u2019objet d\u2019un suivi et d\u2019une \u00e9valuation, qui donne lieu \u00e0 la validation ou non de cette [&hellip;]<\/p>\n","protected":false},"author":1,"featured_media":0,"parent":376,"menu_order":22,"comment_status":"closed","ping_status":"closed","template":"gabarit.php","meta":{"footnotes":""},"class_list":["post-134","page","type-page","status-publish","hentry"],"yoast_head":"<!-- This site is optimized with the Yoast SEO plugin v27.4 - https:\/\/yoast.com\/product\/yoast-seo-wordpress\/ -->\n<title>Conditions d&#039;obtention du BAFA<\/title>\n<meta name=\"description\" content=\"Les formateurs BAFA L\u00e9o Lagrange t\u2019accompagnent dans l&#039;acquisition des fonctions et aptitudes de l\u2019animateur. Chaque \u00e9tape \u00e0 valider te permet de ma\u00eetriser des savoirs, des techniques et des savoir-faire pr\u00e9cis et r\u00e9glement\u00e9s.\" \/>\n<meta name=\"robots\" content=\"index, follow, max-snippet:-1, max-image-preview:large, max-video-preview:-1\" \/>\n<link rel=\"canonical\" href=\"https:\/\/www.bafa-bafd.org\/bafa-bafd\/mon-bafa\/conditions-dobtention-bafa\/\" \/>\n<meta property=\"og:locale\" content=\"fr_FR\" \/>\n<meta property=\"og:type\" content=\"article\" \/>\n<meta property=\"og:title\" content=\"Conditions d&#039;obtention du BAFA\" \/>\n<meta property=\"og:description\" content=\"Les formateurs BAFA L\u00e9o Lagrange t\u2019accompagnent dans l&#039;acquisition des fonctions et aptitudes de l\u2019animateur. Chaque \u00e9tape \u00e0 valider te permet de ma\u00eetriser des savoirs, des techniques et des savoir-faire pr\u00e9cis et r\u00e9glement\u00e9s.\" \/>\n<meta property=\"og:url\" content=\"https:\/\/www.bafa-bafd.org\/bafa-bafd\/mon-bafa\/conditions-dobtention-bafa\/\" \/>\n<meta property=\"og:site_name\" content=\"BAFA BAFD\" \/>\n<meta property=\"article:publisher\" content=\"https:\/\/www.facebook.com\/leobafanimation\/\" \/>\n<meta property=\"article:modified_time\" content=\"2019-04-30T15:36:03+00:00\" \/>\n<meta name=\"twitter:card\" content=\"summary_large_image\" \/>\n<meta name=\"twitter:label1\" content=\"Dur\u00e9e de lecture estim\u00e9e\" \/>\n\t<meta name=\"twitter:data1\" content=\"4 minutes\" \/>\n<script type=\"application\/ld+json\" class=\"yoast-schema-graph\">{\"@context\":\"https:\\\/\\\/schema.org\",\"@graph\":[{\"@type\":\"WebPage\",\"@id\":\"https:\\\/\\\/www.bafa-bafd.org\\\/bafa-bafd\\\/mon-bafa\\\/conditions-dobtention-bafa\\\/\",\"url\":\"https:\\\/\\\/www.bafa-bafd.org\\\/bafa-bafd\\\/mon-bafa\\\/conditions-dobtention-bafa\\\/\",\"name\":\"Conditions d'obtention du BAFA\",\"isPartOf\":{\"@id\":\"https:\\\/\\\/www.bafa-bafd.org\\\/bafa-bafd\\\/#website\"},\"datePublished\":\"2018-12-20T15:38:51+00:00\",\"dateModified\":\"2019-04-30T15:36:03+00:00\",\"description\":\"Les formateurs BAFA L\u00e9o Lagrange t\u2019accompagnent dans l'acquisition des fonctions et aptitudes de l\u2019animateur. Chaque \u00e9tape \u00e0 valider te permet de ma\u00eetriser des savoirs, des techniques et des savoir-faire pr\u00e9cis et r\u00e9glement\u00e9s.\",\"breadcrumb\":{\"@id\":\"https:\\\/\\\/www.bafa-bafd.org\\\/bafa-bafd\\\/mon-bafa\\\/conditions-dobtention-bafa\\\/#breadcrumb\"},\"inLanguage\":\"fr-FR\",\"potentialAction\":[{\"@type\":\"ReadAction\",\"target\":[\"https:\\\/\\\/www.bafa-bafd.org\\\/bafa-bafd\\\/mon-bafa\\\/conditions-dobtention-bafa\\\/\"]}]},{\"@type\":\"BreadcrumbList\",\"@id\":\"https:\\\/\\\/www.bafa-bafd.org\\\/bafa-bafd\\\/mon-bafa\\\/conditions-dobtention-bafa\\\/#breadcrumb\",\"itemListElement\":[{\"@type\":\"ListItem\",\"position\":1,\"name\":\"Accueil\",\"item\":\"\\\/\"},{\"@type\":\"ListItem\",\"position\":2,\"name\":\"MON BAFA\",\"item\":\"https:\\\/\\\/www.bafa-bafd.org\\\/bafa-bafd\\\/mon-bafa\\\/\"},{\"@type\":\"ListItem\",\"position\":3,\"name\":\"Conditions d\u2019obtention BAFA\"}]},{\"@type\":\"WebSite\",\"@id\":\"https:\\\/\\\/www.bafa-bafd.org\\\/bafa-bafd\\\/#website\",\"url\":\"https:\\\/\\\/www.bafa-bafd.org\\\/bafa-bafd\\\/\",\"name\":\"BAFA BAFD\",\"description\":\"Formations Bafa Bafd Lao Lagrange\",\"publisher\":{\"@id\":\"https:\\\/\\\/www.bafa-bafd.org\\\/bafa-bafd\\\/#organization\"},\"potentialAction\":[{\"@type\":\"SearchAction\",\"target\":{\"@type\":\"EntryPoint\",\"urlTemplate\":\"https:\\\/\\\/www.bafa-bafd.org\\\/bafa-bafd\\\/?s={search_term_string}\"},\"query-input\":{\"@type\":\"PropertyValueSpecification\",\"valueRequired\":true,\"valueName\":\"search_term_string\"}}],\"inLanguage\":\"fr-FR\"},{\"@type\":\"Organization\",\"@id\":\"https:\\\/\\\/www.bafa-bafd.org\\\/bafa-bafd\\\/#organization\",\"name\":\"L\u00e9o Lagrange\",\"url\":\"https:\\\/\\\/www.bafa-bafd.org\\\/bafa-bafd\\\/\",\"logo\":{\"@type\":\"ImageObject\",\"inLanguage\":\"fr-FR\",\"@id\":\"https:\\\/\\\/www.bafa-bafd.org\\\/bafa-bafd\\\/#\\\/schema\\\/logo\\\/image\\\/\",\"url\":\"https:\\\/\\\/www.bafa-bafd.org\\\/bafa-bafd\\\/wp-content\\\/uploads\\\/2023\\\/03\\\/logo-leo-lagrange.png\",\"contentUrl\":\"https:\\\/\\\/www.bafa-bafd.org\\\/bafa-bafd\\\/wp-content\\\/uploads\\\/2023\\\/03\\\/logo-leo-lagrange.png\",\"width\":166,\"height\":133,\"caption\":\"L\u00e9o Lagrange\"},\"image\":{\"@id\":\"https:\\\/\\\/www.bafa-bafd.org\\\/bafa-bafd\\\/#\\\/schema\\\/logo\\\/image\\\/\"},\"sameAs\":[\"https:\\\/\\\/www.facebook.com\\\/leobafanimation\\\/\"]}]}<\/script>\n<!-- \/ Yoast SEO plugin. -->","yoast_head_json":{"title":"Conditions d'obtention du BAFA","description":"Les formateurs BAFA L\u00e9o Lagrange t\u2019accompagnent dans l'acquisition des fonctions et aptitudes de l\u2019animateur. Chaque \u00e9tape \u00e0 valider te permet de ma\u00eetriser des savoirs, des techniques et des savoir-faire pr\u00e9cis et r\u00e9glement\u00e9s.","robots":{"index":"index","follow":"follow","max-snippet":"max-snippet:-1","max-image-preview":"max-image-preview:large","max-video-preview":"max-video-preview:-1"},"canonical":"https:\/\/www.bafa-bafd.org\/bafa-bafd\/mon-bafa\/conditions-dobtention-bafa\/","og_locale":"fr_FR","og_type":"article","og_title":"Conditions d'obtention du BAFA","og_description":"Les formateurs BAFA L\u00e9o Lagrange t\u2019accompagnent dans l'acquisition des fonctions et aptitudes de l\u2019animateur. Chaque \u00e9tape \u00e0 valider te permet de ma\u00eetriser des savoirs, des techniques et des savoir-faire pr\u00e9cis et r\u00e9glement\u00e9s.","og_url":"https:\/\/www.bafa-bafd.org\/bafa-bafd\/mon-bafa\/conditions-dobtention-bafa\/","og_site_name":"BAFA BAFD","article_publisher":"https:\/\/www.facebook.com\/leobafanimation\/","article_modified_time":"2019-04-30T15:36:03+00:00","twitter_card":"summary_large_image","twitter_misc":{"Dur\u00e9e de lecture estim\u00e9e":"4 minutes"},"schema":{"@context":"https:\/\/schema.org","@graph":[{"@type":"WebPage","@id":"https:\/\/www.bafa-bafd.org\/bafa-bafd\/mon-bafa\/conditions-dobtention-bafa\/","url":"https:\/\/www.bafa-bafd.org\/bafa-bafd\/mon-bafa\/conditions-dobtention-bafa\/","name":"Conditions d'obtention du BAFA","isPartOf":{"@id":"https:\/\/www.bafa-bafd.org\/bafa-bafd\/#website"},"datePublished":"2018-12-20T15:38:51+00:00","dateModified":"2019-04-30T15:36:03+00:00","description":"Les formateurs BAFA L\u00e9o Lagrange t\u2019accompagnent dans l'acquisition des fonctions et aptitudes de l\u2019animateur. Chaque \u00e9tape \u00e0 valider te permet de ma\u00eetriser des savoirs, des techniques et des savoir-faire pr\u00e9cis et r\u00e9glement\u00e9s.","breadcrumb":{"@id":"https:\/\/www.bafa-bafd.org\/bafa-bafd\/mon-bafa\/conditions-dobtention-bafa\/#breadcrumb"},"inLanguage":"fr-FR","potentialAction":[{"@type":"ReadAction","target":["https:\/\/www.bafa-bafd.org\/bafa-bafd\/mon-bafa\/conditions-dobtention-bafa\/"]}]},{"@type":"BreadcrumbList","@id":"https:\/\/www.bafa-bafd.org\/bafa-bafd\/mon-bafa\/conditions-dobtention-bafa\/#breadcrumb","itemListElement":[{"@type":"ListItem","position":1,"name":"Accueil","item":"\/"},{"@type":"ListItem","position":2,"name":"MON BAFA","item":"https:\/\/www.bafa-bafd.org\/bafa-bafd\/mon-bafa\/"},{"@type":"ListItem","position":3,"name":"Conditions d\u2019obtention BAFA"}]},{"@type":"WebSite","@id":"https:\/\/www.bafa-bafd.org\/bafa-bafd\/#website","url":"https:\/\/www.bafa-bafd.org\/bafa-bafd\/","name":"BAFA BAFD","description":"Formations Bafa Bafd Lao Lagrange","publisher":{"@id":"https:\/\/www.bafa-bafd.org\/bafa-bafd\/#organization"},"potentialAction":[{"@type":"SearchAction","target":{"@type":"EntryPoint","urlTemplate":"https:\/\/www.bafa-bafd.org\/bafa-bafd\/?s={search_term_string}"},"query-input":{"@type":"PropertyValueSpecification","valueRequired":true,"valueName":"search_term_string"}}],"inLanguage":"fr-FR"},{"@type":"Organization","@id":"https:\/\/www.bafa-bafd.org\/bafa-bafd\/#organization","name":"L\u00e9o Lagrange","url":"https:\/\/www.bafa-bafd.org\/bafa-bafd\/","logo":{"@type":"ImageObject","inLanguage":"fr-FR","@id":"https:\/\/www.bafa-bafd.org\/bafa-bafd\/#\/schema\/logo\/image\/","url":"https:\/\/www.bafa-bafd.org\/bafa-bafd\/wp-content\/uploads\/2023\/03\/logo-leo-lagrange.png","contentUrl":"https:\/\/www.bafa-bafd.org\/bafa-bafd\/wp-content\/uploads\/2023\/03\/logo-leo-lagrange.png","width":166,"height":133,"caption":"L\u00e9o Lagrange"},"image":{"@id":"https:\/\/www.bafa-bafd.org\/bafa-bafd\/#\/schema\/logo\/image\/"},"sameAs":["https:\/\/www.facebook.com\/leobafanimation\/"]}]}},"_links":{"self":[{"href":"https:\/\/www.bafa-bafd.org\/bafa-bafd\/wp-json\/wp\/v2\/pages\/134","targetHints":{"allow":["GET"]}}],"collection":[{"href":"https:\/\/www.bafa-bafd.org\/bafa-bafd\/wp-json\/wp\/v2\/pages"}],"about":[{"href":"https:\/\/www.bafa-bafd.org\/bafa-bafd\/wp-json\/wp\/v2\/types\/page"}],"author":[{"embeddable":true,"href":"https:\/\/www.bafa-bafd.org\/bafa-bafd\/wp-json\/wp\/v2\/users\/1"}],"replies":[{"embeddable":true,"href":"https:\/\/www.bafa-bafd.org\/bafa-bafd\/wp-json\/wp\/v2\/comments?post=134"}],"version-history":[{"count":12,"href":"https:\/\/www.bafa-bafd.org\/bafa-bafd\/wp-json\/wp\/v2\/pages\/134\/revisions"}],"predecessor-version":[{"id":499,"href":"https:\/\/www.bafa-bafd.org\/bafa-bafd\/wp-json\/wp\/v2\/pages\/134\/revisions\/499"}],"up":[{"embeddable":true,"href":"https:\/\/www.bafa-bafd.org\/bafa-bafd\/wp-json\/wp\/v2\/pages\/376"}],"wp:attachment":[{"href":"https:\/\/www.bafa-bafd.org\/bafa-bafd\/wp-json\/wp\/v2\/media?parent=134"}],"curies":[{"name":"wp","href":"https:\/\/api.w.org\/{rel}","templated":true}]}}