{"id":130,"date":"2018-12-20T16:28:26","date_gmt":"2018-12-20T15:28:26","guid":{"rendered":"https:\/\/www.devz2.com\/bafa-bafd\/?page_id=130"},"modified":"2022-10-17T09:33:38","modified_gmt":"2022-10-17T07:33:38","slug":"les-etapes","status":"publish","type":"page","link":"https:\/\/www.bafa-bafd.org\/bafa-bafd\/mon-bafa\/les-etapes\/","title":{"rendered":"Les \u00e9tapes"},"content":{"rendered":"<blockquote><p>Le cursus de formation BAFA se d\u00e9roule en <strong>3 \u00e9tapes<\/strong> qui doivent imp\u00e9rativement se d\u00e9rouler dans le bon ordre et dans un d\u00e9lai de 30 mois. Pour l\u2019entamer, il te faut avoir <strong>16 ans<\/strong> r\u00e9volus au plus tard le premier jour de l\u2019\u00e9tape 1 (aucune d\u00e9rogation possible).<\/p><\/blockquote>\n<p>A noter: <strong>Avant de t\u2019inscrire \u00e0 la premi\u00e8re \u00e9tape du BAFA ou du BAFD, il te faut obligatoirement cr\u00e9er sur le site du Minist\u00e8re de tutelle, un livret \u00e9lectronique: <a href=\"http:\/\/www.jeunes.gouv.fr\" target=\"_blank\" rel=\"noopener noreferrer\">www.jeunes.gouv.fr<\/a> rubrique BAFA\/BAFD<\/strong><\/p>\n<hr \/>\n<h2>Etape 1 : la session de formation g\u00e9n\u00e9rale<\/h2>\n<p>Stage th\u00e9orique de 8 jours minimum, organis\u00e9 par un organisme de formation habilit\u00e9 par le Minist\u00e8re de tutelle (comme L\u00e9o Lagrange).<br \/>\nEn internat ou en externat, il te permet de m\u00ealer acquisitions th\u00e9oriques (connaissance de l\u2019enfant, r\u00e9glementation, notion de projet&#8230;), mises en situation pratique (animation de jeu, projet d\u2019activit\u00e9\u2026) et temps d\u2019\u00e9valuation.<\/p>\n<p>D\u00e8s la session de formation g\u00e9n\u00e9rale valid\u00e9e, tu obtiens le statut d\u2019animateur stagiaire. Tu peux d\u00e9j\u00e0, au del\u00e0 de ton stage pratique, exercer au sein d\u2019une \u00e9quipe, en ACM.<\/p>\n<hr \/>\n<h3>Etape 2 : le stage pratique<\/h3>\n<p>De minimum 14 jours , r\u00e9alisable en deux fois maximum (par exemple 6 jours ou 12 demi-journ\u00e9es au sein d\u2019un ACM p\u00e9riscolaire, le restant des 14 jours en ACM extrascolaire) dans un Accueil collectif de mineurs habilit\u00e9 par la Direction d\u00e9partementale de la coh\u00e9sion sociale (DDCS). Le stage te permet de travailler avec un public mineur. Accompagn\u00e9 par l\u2019\u00e9quipe de cet accueil, tu participeras \u00e0 l\u2019animation, la gestion de la vie quotidienne et mettras en pratique les enseignements de la session de formation g\u00e9n\u00e9rale\u2026<\/p>\n<hr \/>\n<h2>Etape 3 : la session d\u2019approfondissement ou de qualification<\/h2>\n<p>De minimum 6 ou 8 jours, elle est organis\u00e9e par un organisme de formation habilit\u00e9 par le Minist\u00e8re de tutelle, en internat ou en externat (comme L\u00e9o Lagrange).<br \/>\nElle te permet de compl\u00e9ter tes connaissances th\u00e9oriques, de r\u00e9aliser un bilan de ton stage pratique (\u00e9tape 2) et de compl\u00e9ter ta formation avec le choix d\u2019une th\u00e9matique (petite enfance, jeux sportifs, activit\u00e9s nature\u2026). La qualification dure 8 jours et permet (ce qui n\u2019est pas le cas sur les approfondissements) de valider une comp\u00e9tence sp\u00e9cifique (surveillance de baignade par exemple). Elle donne une pr\u00e9rogative sp\u00e9cifique d\u2019encadrement.<\/p>\n<div class=\"encadre\">\n<h3 class=\"h3home\">La formule PACK BAFA L\u00e9o Lagrange<\/h3>\n<hr \/>\n<p>Tu as pass\u00e9 ta formation BAFA \u00e9tape 1 avec nous ?<br \/>\nSi tu choisis de terminer ton cursus au sein de notre organisme, alors, b\u00e9n\u00e9ficie <u>d\u2019une r\u00e9duction de 35\u20ac sur ton approfondissement<\/u>. Au moment de ton inscription en approfondissement, coche simplement la case \u00ab Pack BAFA \u00bb sur ta fiche d\u2019inscription !<\/p>\n<\/div>\n","protected":false},"excerpt":{"rendered":"<p>Le cursus de formation BAFA se d\u00e9roule en 3 \u00e9tapes qui doivent imp\u00e9rativement se d\u00e9rouler dans le bon ordre et dans un d\u00e9lai de 30 mois. Pour l\u2019entamer, il te faut avoir 16 ans r\u00e9volus au plus tard le premier jour de l\u2019\u00e9tape 1 (aucune d\u00e9rogation possible). A noter: Avant de t\u2019inscrire \u00e0 la premi\u00e8re [&hellip;]<\/p>\n","protected":false},"author":1,"featured_media":0,"parent":376,"menu_order":21,"comment_status":"closed","ping_status":"closed","template":"gabarit.php","meta":{"footnotes":""},"class_list":["post-130","page","type-page","status-publish","hentry"],"yoast_head":"<!-- This site is optimized with the Yoast SEO plugin v27.5 - https:\/\/yoast.com\/product\/yoast-seo-wordpress\/ -->\n<title>Les \u00e9tapes de la formation BAFA<\/title>\n<meta name=\"description\" content=\"La formation BAFA se d\u00e9roule en 3 \u00e9tapes : BAFA formation g\u00e9n\u00e9rale, stage pratique BAFA, BAFA approfondissement - BAFA qualification\" \/>\n<meta name=\"robots\" content=\"index, follow, max-snippet:-1, max-image-preview:large, max-video-preview:-1\" \/>\n<link rel=\"canonical\" href=\"https:\/\/www.bafa-bafd.org\/bafa-bafd\/mon-bafa\/les-etapes\/\" \/>\n<meta property=\"og:locale\" content=\"fr_FR\" \/>\n<meta property=\"og:type\" content=\"article\" \/>\n<meta property=\"og:title\" content=\"Les \u00e9tapes de la formation BAFA\" \/>\n<meta property=\"og:description\" content=\"La formation BAFA se d\u00e9roule en 3 \u00e9tapes : BAFA formation g\u00e9n\u00e9rale, stage pratique BAFA, BAFA approfondissement - BAFA qualification\" \/>\n<meta property=\"og:url\" content=\"https:\/\/www.bafa-bafd.org\/bafa-bafd\/mon-bafa\/les-etapes\/\" \/>\n<meta property=\"og:site_name\" content=\"BAFA BAFD\" \/>\n<meta property=\"article:publisher\" content=\"https:\/\/www.facebook.com\/leobafanimation\/\" \/>\n<meta property=\"article:modified_time\" content=\"2022-10-17T07:33:38+00:00\" \/>\n<meta name=\"twitter:card\" content=\"summary_large_image\" \/>\n<meta name=\"twitter:label1\" content=\"Dur\u00e9e de lecture estim\u00e9e\" \/>\n\t<meta name=\"twitter:data1\" content=\"3 minutes\" \/>\n<script type=\"application\/ld+json\" class=\"yoast-schema-graph\">{\"@context\":\"https:\\\/\\\/schema.org\",\"@graph\":[{\"@type\":\"WebPage\",\"@id\":\"https:\\\/\\\/www.bafa-bafd.org\\\/bafa-bafd\\\/mon-bafa\\\/les-etapes\\\/\",\"url\":\"https:\\\/\\\/www.bafa-bafd.org\\\/bafa-bafd\\\/mon-bafa\\\/les-etapes\\\/\",\"name\":\"Les \u00e9tapes de la formation BAFA\",\"isPartOf\":{\"@id\":\"https:\\\/\\\/www.bafa-bafd.org\\\/bafa-bafd\\\/#website\"},\"datePublished\":\"2018-12-20T15:28:26+00:00\",\"dateModified\":\"2022-10-17T07:33:38+00:00\",\"description\":\"La formation BAFA se d\u00e9roule en 3 \u00e9tapes : BAFA formation g\u00e9n\u00e9rale, stage pratique BAFA, BAFA approfondissement - BAFA qualification\",\"breadcrumb\":{\"@id\":\"https:\\\/\\\/www.bafa-bafd.org\\\/bafa-bafd\\\/mon-bafa\\\/les-etapes\\\/#breadcrumb\"},\"inLanguage\":\"fr-FR\",\"potentialAction\":[{\"@type\":\"ReadAction\",\"target\":[\"https:\\\/\\\/www.bafa-bafd.org\\\/bafa-bafd\\\/mon-bafa\\\/les-etapes\\\/\"]}]},{\"@type\":\"BreadcrumbList\",\"@id\":\"https:\\\/\\\/www.bafa-bafd.org\\\/bafa-bafd\\\/mon-bafa\\\/les-etapes\\\/#breadcrumb\",\"itemListElement\":[{\"@type\":\"ListItem\",\"position\":1,\"name\":\"Accueil\",\"item\":\"\\\/\"},{\"@type\":\"ListItem\",\"position\":2,\"name\":\"MON BAFA\",\"item\":\"https:\\\/\\\/www.bafa-bafd.org\\\/bafa-bafd\\\/mon-bafa\\\/\"},{\"@type\":\"ListItem\",\"position\":3,\"name\":\"Les \u00e9tapes\"}]},{\"@type\":\"WebSite\",\"@id\":\"https:\\\/\\\/www.bafa-bafd.org\\\/bafa-bafd\\\/#website\",\"url\":\"https:\\\/\\\/www.bafa-bafd.org\\\/bafa-bafd\\\/\",\"name\":\"BAFA BAFD\",\"description\":\"Formations Bafa Bafd Lao Lagrange\",\"publisher\":{\"@id\":\"https:\\\/\\\/www.bafa-bafd.org\\\/bafa-bafd\\\/#organization\"},\"potentialAction\":[{\"@type\":\"SearchAction\",\"target\":{\"@type\":\"EntryPoint\",\"urlTemplate\":\"https:\\\/\\\/www.bafa-bafd.org\\\/bafa-bafd\\\/?s={search_term_string}\"},\"query-input\":{\"@type\":\"PropertyValueSpecification\",\"valueRequired\":true,\"valueName\":\"search_term_string\"}}],\"inLanguage\":\"fr-FR\"},{\"@type\":\"Organization\",\"@id\":\"https:\\\/\\\/www.bafa-bafd.org\\\/bafa-bafd\\\/#organization\",\"name\":\"L\u00e9o Lagrange\",\"url\":\"https:\\\/\\\/www.bafa-bafd.org\\\/bafa-bafd\\\/\",\"logo\":{\"@type\":\"ImageObject\",\"inLanguage\":\"fr-FR\",\"@id\":\"https:\\\/\\\/www.bafa-bafd.org\\\/bafa-bafd\\\/#\\\/schema\\\/logo\\\/image\\\/\",\"url\":\"https:\\\/\\\/www.bafa-bafd.org\\\/bafa-bafd\\\/wp-content\\\/uploads\\\/2023\\\/03\\\/logo-leo-lagrange.png\",\"contentUrl\":\"https:\\\/\\\/www.bafa-bafd.org\\\/bafa-bafd\\\/wp-content\\\/uploads\\\/2023\\\/03\\\/logo-leo-lagrange.png\",\"width\":166,\"height\":133,\"caption\":\"L\u00e9o Lagrange\"},\"image\":{\"@id\":\"https:\\\/\\\/www.bafa-bafd.org\\\/bafa-bafd\\\/#\\\/schema\\\/logo\\\/image\\\/\"},\"sameAs\":[\"https:\\\/\\\/www.facebook.com\\\/leobafanimation\\\/\"]}]}<\/script>\n<!-- \/ Yoast SEO plugin. -->","yoast_head_json":{"title":"Les \u00e9tapes de la formation BAFA","description":"La formation BAFA se d\u00e9roule en 3 \u00e9tapes : BAFA formation g\u00e9n\u00e9rale, stage pratique BAFA, BAFA approfondissement - BAFA qualification","robots":{"index":"index","follow":"follow","max-snippet":"max-snippet:-1","max-image-preview":"max-image-preview:large","max-video-preview":"max-video-preview:-1"},"canonical":"https:\/\/www.bafa-bafd.org\/bafa-bafd\/mon-bafa\/les-etapes\/","og_locale":"fr_FR","og_type":"article","og_title":"Les \u00e9tapes de la formation BAFA","og_description":"La formation BAFA se d\u00e9roule en 3 \u00e9tapes : BAFA formation g\u00e9n\u00e9rale, stage pratique BAFA, BAFA approfondissement - BAFA qualification","og_url":"https:\/\/www.bafa-bafd.org\/bafa-bafd\/mon-bafa\/les-etapes\/","og_site_name":"BAFA BAFD","article_publisher":"https:\/\/www.facebook.com\/leobafanimation\/","article_modified_time":"2022-10-17T07:33:38+00:00","twitter_card":"summary_large_image","twitter_misc":{"Dur\u00e9e de lecture estim\u00e9e":"3 minutes"},"schema":{"@context":"https:\/\/schema.org","@graph":[{"@type":"WebPage","@id":"https:\/\/www.bafa-bafd.org\/bafa-bafd\/mon-bafa\/les-etapes\/","url":"https:\/\/www.bafa-bafd.org\/bafa-bafd\/mon-bafa\/les-etapes\/","name":"Les \u00e9tapes de la formation BAFA","isPartOf":{"@id":"https:\/\/www.bafa-bafd.org\/bafa-bafd\/#website"},"datePublished":"2018-12-20T15:28:26+00:00","dateModified":"2022-10-17T07:33:38+00:00","description":"La formation BAFA se d\u00e9roule en 3 \u00e9tapes : BAFA formation g\u00e9n\u00e9rale, stage pratique BAFA, BAFA approfondissement - BAFA qualification","breadcrumb":{"@id":"https:\/\/www.bafa-bafd.org\/bafa-bafd\/mon-bafa\/les-etapes\/#breadcrumb"},"inLanguage":"fr-FR","potentialAction":[{"@type":"ReadAction","target":["https:\/\/www.bafa-bafd.org\/bafa-bafd\/mon-bafa\/les-etapes\/"]}]},{"@type":"BreadcrumbList","@id":"https:\/\/www.bafa-bafd.org\/bafa-bafd\/mon-bafa\/les-etapes\/#breadcrumb","itemListElement":[{"@type":"ListItem","position":1,"name":"Accueil","item":"\/"},{"@type":"ListItem","position":2,"name":"MON BAFA","item":"https:\/\/www.bafa-bafd.org\/bafa-bafd\/mon-bafa\/"},{"@type":"ListItem","position":3,"name":"Les \u00e9tapes"}]},{"@type":"WebSite","@id":"https:\/\/www.bafa-bafd.org\/bafa-bafd\/#website","url":"https:\/\/www.bafa-bafd.org\/bafa-bafd\/","name":"BAFA BAFD","description":"Formations Bafa Bafd Lao Lagrange","publisher":{"@id":"https:\/\/www.bafa-bafd.org\/bafa-bafd\/#organization"},"potentialAction":[{"@type":"SearchAction","target":{"@type":"EntryPoint","urlTemplate":"https:\/\/www.bafa-bafd.org\/bafa-bafd\/?s={search_term_string}"},"query-input":{"@type":"PropertyValueSpecification","valueRequired":true,"valueName":"search_term_string"}}],"inLanguage":"fr-FR"},{"@type":"Organization","@id":"https:\/\/www.bafa-bafd.org\/bafa-bafd\/#organization","name":"L\u00e9o Lagrange","url":"https:\/\/www.bafa-bafd.org\/bafa-bafd\/","logo":{"@type":"ImageObject","inLanguage":"fr-FR","@id":"https:\/\/www.bafa-bafd.org\/bafa-bafd\/#\/schema\/logo\/image\/","url":"https:\/\/www.bafa-bafd.org\/bafa-bafd\/wp-content\/uploads\/2023\/03\/logo-leo-lagrange.png","contentUrl":"https:\/\/www.bafa-bafd.org\/bafa-bafd\/wp-content\/uploads\/2023\/03\/logo-leo-lagrange.png","width":166,"height":133,"caption":"L\u00e9o Lagrange"},"image":{"@id":"https:\/\/www.bafa-bafd.org\/bafa-bafd\/#\/schema\/logo\/image\/"},"sameAs":["https:\/\/www.facebook.com\/leobafanimation\/"]}]}},"_links":{"self":[{"href":"https:\/\/www.bafa-bafd.org\/bafa-bafd\/wp-json\/wp\/v2\/pages\/130","targetHints":{"allow":["GET"]}}],"collection":[{"href":"https:\/\/www.bafa-bafd.org\/bafa-bafd\/wp-json\/wp\/v2\/pages"}],"about":[{"href":"https:\/\/www.bafa-bafd.org\/bafa-bafd\/wp-json\/wp\/v2\/types\/page"}],"author":[{"embeddable":true,"href":"https:\/\/www.bafa-bafd.org\/bafa-bafd\/wp-json\/wp\/v2\/users\/1"}],"replies":[{"embeddable":true,"href":"https:\/\/www.bafa-bafd.org\/bafa-bafd\/wp-json\/wp\/v2\/comments?post=130"}],"version-history":[{"count":7,"href":"https:\/\/www.bafa-bafd.org\/bafa-bafd\/wp-json\/wp\/v2\/pages\/130\/revisions"}],"predecessor-version":[{"id":568,"href":"https:\/\/www.bafa-bafd.org\/bafa-bafd\/wp-json\/wp\/v2\/pages\/130\/revisions\/568"}],"up":[{"embeddable":true,"href":"https:\/\/www.bafa-bafd.org\/bafa-bafd\/wp-json\/wp\/v2\/pages\/376"}],"wp:attachment":[{"href":"https:\/\/www.bafa-bafd.org\/bafa-bafd\/wp-json\/wp\/v2\/media?parent=130"}],"curies":[{"name":"wp","href":"https:\/\/api.w.org\/{rel}","templated":true}]}}