{"id":120,"date":"2018-12-20T16:16:46","date_gmt":"2018-12-20T15:16:46","guid":{"rendered":"https:\/\/www.devz2.com\/bafa-bafd\/?page_id=120"},"modified":"2020-11-26T14:16:36","modified_gmt":"2020-11-26T13:16:36","slug":"tu-as-un-projet","status":"publish","type":"page","link":"https:\/\/www.bafa-bafd.org\/bafa-bafd\/qui-sommes-nous-2\/tu-as-un-projet\/","title":{"rendered":"Tu as un projet ?"},"content":{"rendered":"<blockquote><p>Les structures du r\u00e9seau L\u00e9o Lagrange qui re\u00e7oivent des jeunes accompagnent leurs initiatives et projets.<\/p><\/blockquote>\n<p><strong>Qu\u2019il s\u2019agisse d\u2019un projet culturel, sportif, civique&#8230;<\/strong> Les jeunes peuvent solliciter le conseil et un coup de pouce des accompagnateurs L\u00e9o Lagrange. Si besoin, ces derniers les orientent et les aident \u00e0 formuler une demande de subvention dans le cadre de dispositifs sp\u00e9cifiques tels que \u00abEnvie d\u2019agir\u00bb ou autres. Les projets de volontariat europ\u00e9en ou de chantiers internationaux sont accompagn\u00e9s au sein du r\u00e9seau L\u00e9o Lagrange ou relay\u00e9s vers des partenaires locaux.<\/p>\n<p>Pour les jeunes \u00e2g\u00e9s de 16 \u00e0 25 ans, les projets accompagn\u00e9s peuvent concerner un <strong>d\u00e9part en vacances<\/strong> gr\u00e2ce au dispositif jeunesse ANCV\/SOLEO r\u00e9alis\u00e9 dans le cadre du partenariat entre l\u2019ANCV et la F\u00e9d\u00e9ration L\u00e9o Lagrange. Ce dispositif, auquel seules les structures d\u2019accueil de jeunes L\u00e9o Lagrange peuvent participer, permet de soutenir les projets de vacances par un accompagnement m\u00e9thodologique et une aide financi\u00e8re (selon cofinancements et conditions de ressources). Chaque ann\u00e9e, plusieurs centaines de jeunes en b\u00e9n\u00e9ficient. Sont \u00e9ligibles au titre du dispositif ANCV\/SOLEO, les projets collectifs qui se d\u00e9roulent en France ou ailleurs en Europe.<\/p>\n<div class=\"encadre\">\n<h3 class=\"h3home\">T\u00e9l\u00e9chargement<\/h3>\n<hr>\n<p><a href=\"https:\/\/www.bafa-bafd.org\/bafa-bafd\/contacts\/\">Contacte le service BAFA-BAFD de ta r\u00e9gion pour savoir si une structure L\u00e9o Lagrange peut t\u2019accompagner!<\/a><\/p>\n<\/div>\n","protected":false},"excerpt":{"rendered":"<p>Les structures du r\u00e9seau L\u00e9o Lagrange qui re\u00e7oivent des jeunes accompagnent leurs initiatives et projets. Qu\u2019il s\u2019agisse d\u2019un projet culturel, sportif, civique&#8230; Les jeunes peuvent solliciter le conseil et un coup de pouce des accompagnateurs L\u00e9o Lagrange. Si besoin, ces derniers les orientent et les aident \u00e0 formuler une demande de subvention dans le cadre [&hellip;]<\/p>\n","protected":false},"author":1,"featured_media":0,"parent":364,"menu_order":18,"comment_status":"closed","ping_status":"closed","template":"gabarit.php","meta":{"footnotes":""},"class_list":["post-120","page","type-page","status-publish","hentry"],"yoast_head":"<!-- This site is optimized with the Yoast SEO plugin v27.5 - https:\/\/yoast.com\/product\/yoast-seo-wordpress\/ -->\n<title>Accompagnement de projets de jeunes<\/title>\n<meta name=\"description\" content=\"Tu as un projet culturel, sportif, civique? L\u00e9o Lagrange accompagne tous les jeunes dans leurs initiatives.\" \/>\n<meta name=\"robots\" content=\"index, follow, max-snippet:-1, max-image-preview:large, max-video-preview:-1\" \/>\n<link rel=\"canonical\" href=\"https:\/\/www.bafa-bafd.org\/bafa-bafd\/qui-sommes-nous-2\/tu-as-un-projet\/\" \/>\n<meta property=\"og:locale\" content=\"fr_FR\" \/>\n<meta property=\"og:type\" content=\"article\" \/>\n<meta property=\"og:title\" content=\"Accompagnement de projets de jeunes\" \/>\n<meta property=\"og:description\" content=\"Tu as un projet culturel, sportif, civique? L\u00e9o Lagrange accompagne tous les jeunes dans leurs initiatives.\" \/>\n<meta property=\"og:url\" content=\"https:\/\/www.bafa-bafd.org\/bafa-bafd\/qui-sommes-nous-2\/tu-as-un-projet\/\" \/>\n<meta property=\"og:site_name\" content=\"BAFA BAFD\" \/>\n<meta property=\"article:publisher\" content=\"https:\/\/www.facebook.com\/leobafanimation\/\" \/>\n<meta property=\"article:modified_time\" content=\"2020-11-26T13:16:36+00:00\" \/>\n<meta name=\"twitter:card\" content=\"summary_large_image\" \/>\n<meta name=\"twitter:label1\" content=\"Dur\u00e9e de lecture estim\u00e9e\" \/>\n\t<meta name=\"twitter:data1\" content=\"1 minute\" \/>\n<script type=\"application\/ld+json\" class=\"yoast-schema-graph\">{\"@context\":\"https:\\\/\\\/schema.org\",\"@graph\":[{\"@type\":\"WebPage\",\"@id\":\"https:\\\/\\\/www.bafa-bafd.org\\\/bafa-bafd\\\/qui-sommes-nous-2\\\/tu-as-un-projet\\\/\",\"url\":\"https:\\\/\\\/www.bafa-bafd.org\\\/bafa-bafd\\\/qui-sommes-nous-2\\\/tu-as-un-projet\\\/\",\"name\":\"Accompagnement de projets de jeunes\",\"isPartOf\":{\"@id\":\"https:\\\/\\\/www.bafa-bafd.org\\\/bafa-bafd\\\/#website\"},\"datePublished\":\"2018-12-20T15:16:46+00:00\",\"dateModified\":\"2020-11-26T13:16:36+00:00\",\"description\":\"Tu as un projet culturel, sportif, civique? L\u00e9o Lagrange accompagne tous les jeunes dans leurs initiatives.\",\"breadcrumb\":{\"@id\":\"https:\\\/\\\/www.bafa-bafd.org\\\/bafa-bafd\\\/qui-sommes-nous-2\\\/tu-as-un-projet\\\/#breadcrumb\"},\"inLanguage\":\"fr-FR\",\"potentialAction\":[{\"@type\":\"ReadAction\",\"target\":[\"https:\\\/\\\/www.bafa-bafd.org\\\/bafa-bafd\\\/qui-sommes-nous-2\\\/tu-as-un-projet\\\/\"]}]},{\"@type\":\"BreadcrumbList\",\"@id\":\"https:\\\/\\\/www.bafa-bafd.org\\\/bafa-bafd\\\/qui-sommes-nous-2\\\/tu-as-un-projet\\\/#breadcrumb\",\"itemListElement\":[{\"@type\":\"ListItem\",\"position\":1,\"name\":\"Accueil\",\"item\":\"\\\/\"},{\"@type\":\"ListItem\",\"position\":2,\"name\":\"QUI SOMMES NOUS ?\",\"item\":\"https:\\\/\\\/www.bafa-bafd.org\\\/bafa-bafd\\\/qui-sommes-nous-2\\\/\"},{\"@type\":\"ListItem\",\"position\":3,\"name\":\"Tu as un projet ?\"}]},{\"@type\":\"WebSite\",\"@id\":\"https:\\\/\\\/www.bafa-bafd.org\\\/bafa-bafd\\\/#website\",\"url\":\"https:\\\/\\\/www.bafa-bafd.org\\\/bafa-bafd\\\/\",\"name\":\"BAFA BAFD\",\"description\":\"Formations Bafa Bafd Lao Lagrange\",\"publisher\":{\"@id\":\"https:\\\/\\\/www.bafa-bafd.org\\\/bafa-bafd\\\/#organization\"},\"potentialAction\":[{\"@type\":\"SearchAction\",\"target\":{\"@type\":\"EntryPoint\",\"urlTemplate\":\"https:\\\/\\\/www.bafa-bafd.org\\\/bafa-bafd\\\/?s={search_term_string}\"},\"query-input\":{\"@type\":\"PropertyValueSpecification\",\"valueRequired\":true,\"valueName\":\"search_term_string\"}}],\"inLanguage\":\"fr-FR\"},{\"@type\":\"Organization\",\"@id\":\"https:\\\/\\\/www.bafa-bafd.org\\\/bafa-bafd\\\/#organization\",\"name\":\"L\u00e9o Lagrange\",\"url\":\"https:\\\/\\\/www.bafa-bafd.org\\\/bafa-bafd\\\/\",\"logo\":{\"@type\":\"ImageObject\",\"inLanguage\":\"fr-FR\",\"@id\":\"https:\\\/\\\/www.bafa-bafd.org\\\/bafa-bafd\\\/#\\\/schema\\\/logo\\\/image\\\/\",\"url\":\"https:\\\/\\\/www.bafa-bafd.org\\\/bafa-bafd\\\/wp-content\\\/uploads\\\/2023\\\/03\\\/logo-leo-lagrange.png\",\"contentUrl\":\"https:\\\/\\\/www.bafa-bafd.org\\\/bafa-bafd\\\/wp-content\\\/uploads\\\/2023\\\/03\\\/logo-leo-lagrange.png\",\"width\":166,\"height\":133,\"caption\":\"L\u00e9o Lagrange\"},\"image\":{\"@id\":\"https:\\\/\\\/www.bafa-bafd.org\\\/bafa-bafd\\\/#\\\/schema\\\/logo\\\/image\\\/\"},\"sameAs\":[\"https:\\\/\\\/www.facebook.com\\\/leobafanimation\\\/\"]}]}<\/script>\n<!-- \/ Yoast SEO plugin. -->","yoast_head_json":{"title":"Accompagnement de projets de jeunes","description":"Tu as un projet culturel, sportif, civique? L\u00e9o Lagrange accompagne tous les jeunes dans leurs initiatives.","robots":{"index":"index","follow":"follow","max-snippet":"max-snippet:-1","max-image-preview":"max-image-preview:large","max-video-preview":"max-video-preview:-1"},"canonical":"https:\/\/www.bafa-bafd.org\/bafa-bafd\/qui-sommes-nous-2\/tu-as-un-projet\/","og_locale":"fr_FR","og_type":"article","og_title":"Accompagnement de projets de jeunes","og_description":"Tu as un projet culturel, sportif, civique? L\u00e9o Lagrange accompagne tous les jeunes dans leurs initiatives.","og_url":"https:\/\/www.bafa-bafd.org\/bafa-bafd\/qui-sommes-nous-2\/tu-as-un-projet\/","og_site_name":"BAFA BAFD","article_publisher":"https:\/\/www.facebook.com\/leobafanimation\/","article_modified_time":"2020-11-26T13:16:36+00:00","twitter_card":"summary_large_image","twitter_misc":{"Dur\u00e9e de lecture estim\u00e9e":"1 minute"},"schema":{"@context":"https:\/\/schema.org","@graph":[{"@type":"WebPage","@id":"https:\/\/www.bafa-bafd.org\/bafa-bafd\/qui-sommes-nous-2\/tu-as-un-projet\/","url":"https:\/\/www.bafa-bafd.org\/bafa-bafd\/qui-sommes-nous-2\/tu-as-un-projet\/","name":"Accompagnement de projets de jeunes","isPartOf":{"@id":"https:\/\/www.bafa-bafd.org\/bafa-bafd\/#website"},"datePublished":"2018-12-20T15:16:46+00:00","dateModified":"2020-11-26T13:16:36+00:00","description":"Tu as un projet culturel, sportif, civique? L\u00e9o Lagrange accompagne tous les jeunes dans leurs initiatives.","breadcrumb":{"@id":"https:\/\/www.bafa-bafd.org\/bafa-bafd\/qui-sommes-nous-2\/tu-as-un-projet\/#breadcrumb"},"inLanguage":"fr-FR","potentialAction":[{"@type":"ReadAction","target":["https:\/\/www.bafa-bafd.org\/bafa-bafd\/qui-sommes-nous-2\/tu-as-un-projet\/"]}]},{"@type":"BreadcrumbList","@id":"https:\/\/www.bafa-bafd.org\/bafa-bafd\/qui-sommes-nous-2\/tu-as-un-projet\/#breadcrumb","itemListElement":[{"@type":"ListItem","position":1,"name":"Accueil","item":"\/"},{"@type":"ListItem","position":2,"name":"QUI SOMMES NOUS ?","item":"https:\/\/www.bafa-bafd.org\/bafa-bafd\/qui-sommes-nous-2\/"},{"@type":"ListItem","position":3,"name":"Tu as un projet ?"}]},{"@type":"WebSite","@id":"https:\/\/www.bafa-bafd.org\/bafa-bafd\/#website","url":"https:\/\/www.bafa-bafd.org\/bafa-bafd\/","name":"BAFA BAFD","description":"Formations Bafa Bafd Lao Lagrange","publisher":{"@id":"https:\/\/www.bafa-bafd.org\/bafa-bafd\/#organization"},"potentialAction":[{"@type":"SearchAction","target":{"@type":"EntryPoint","urlTemplate":"https:\/\/www.bafa-bafd.org\/bafa-bafd\/?s={search_term_string}"},"query-input":{"@type":"PropertyValueSpecification","valueRequired":true,"valueName":"search_term_string"}}],"inLanguage":"fr-FR"},{"@type":"Organization","@id":"https:\/\/www.bafa-bafd.org\/bafa-bafd\/#organization","name":"L\u00e9o Lagrange","url":"https:\/\/www.bafa-bafd.org\/bafa-bafd\/","logo":{"@type":"ImageObject","inLanguage":"fr-FR","@id":"https:\/\/www.bafa-bafd.org\/bafa-bafd\/#\/schema\/logo\/image\/","url":"https:\/\/www.bafa-bafd.org\/bafa-bafd\/wp-content\/uploads\/2023\/03\/logo-leo-lagrange.png","contentUrl":"https:\/\/www.bafa-bafd.org\/bafa-bafd\/wp-content\/uploads\/2023\/03\/logo-leo-lagrange.png","width":166,"height":133,"caption":"L\u00e9o Lagrange"},"image":{"@id":"https:\/\/www.bafa-bafd.org\/bafa-bafd\/#\/schema\/logo\/image\/"},"sameAs":["https:\/\/www.facebook.com\/leobafanimation\/"]}]}},"_links":{"self":[{"href":"https:\/\/www.bafa-bafd.org\/bafa-bafd\/wp-json\/wp\/v2\/pages\/120","targetHints":{"allow":["GET"]}}],"collection":[{"href":"https:\/\/www.bafa-bafd.org\/bafa-bafd\/wp-json\/wp\/v2\/pages"}],"about":[{"href":"https:\/\/www.bafa-bafd.org\/bafa-bafd\/wp-json\/wp\/v2\/types\/page"}],"author":[{"embeddable":true,"href":"https:\/\/www.bafa-bafd.org\/bafa-bafd\/wp-json\/wp\/v2\/users\/1"}],"replies":[{"embeddable":true,"href":"https:\/\/www.bafa-bafd.org\/bafa-bafd\/wp-json\/wp\/v2\/comments?post=120"}],"version-history":[{"count":4,"href":"https:\/\/www.bafa-bafd.org\/bafa-bafd\/wp-json\/wp\/v2\/pages\/120\/revisions"}],"predecessor-version":[{"id":519,"href":"https:\/\/www.bafa-bafd.org\/bafa-bafd\/wp-json\/wp\/v2\/pages\/120\/revisions\/519"}],"up":[{"embeddable":true,"href":"https:\/\/www.bafa-bafd.org\/bafa-bafd\/wp-json\/wp\/v2\/pages\/364"}],"wp:attachment":[{"href":"https:\/\/www.bafa-bafd.org\/bafa-bafd\/wp-json\/wp\/v2\/media?parent=120"}],"curies":[{"name":"wp","href":"https:\/\/api.w.org\/{rel}","templated":true}]}}