{"id":117,"date":"2018-12-20T16:15:00","date_gmt":"2018-12-20T15:15:00","guid":{"rendered":"https:\/\/www.devz2.com\/bafa-bafd\/?page_id=117"},"modified":"2019-03-27T08:06:37","modified_gmt":"2019-03-27T07:06:37","slug":"lutter-contre-les-discriminations","status":"publish","type":"page","link":"https:\/\/www.bafa-bafd.org\/bafa-bafd\/qui-sommes-nous-2\/lutter-contre-les-discriminations\/","title":{"rendered":"Lutter contre les discriminations"},"content":{"rendered":"<blockquote><p>La F\u00e9d\u00e9ration L\u00e9o Lagrange porte, depuis sa cr\u00e9ation, un projet de soci\u00e9t\u00e9 fond\u00e9 sur l&rsquo;<strong>\u00e9galit\u00e9<\/strong> et la <strong>justice sociale<\/strong>.<br \/>\nElle est ainsi fortement engag\u00e9e dans la <strong>lutte contre les pr\u00e9jug\u00e9s et les discriminations<\/strong>.<\/p><\/blockquote>\n<p>A travers son programme <a href=\"https:\/\/www.democratie-courage.org\/\" target=\"_new\" rel=\"noopener noreferrer\">\u00ab D\u00e9mocratie &amp; Courage ! \u00bb<\/a>, elle a form\u00e9, depuis 2002, des milliers de jeunes volontaires pour intervenir dans les coll\u00e8ges et lyc\u00e9es sur le th\u00e8me des pr\u00e9jug\u00e9s et st\u00e9r\u00e9otypes v\u00e9hicul\u00e9s dans la soci\u00e9t\u00e9 (racisme, sexisme, violence, m\u00e9dias).<br \/>\nAvec une p\u00e9dagogie participative adapt\u00e9e, cette sensibilisation des jeunes par les jeunes a permis de toucher 180 000 adolescents.<br \/>\nDe nouvelles journ\u00e9es d\u2019interventions th\u00e9matiques voient le jour pour r\u00e9pondre aux probl\u00e9matiques comme : le harc\u00e8lement scolaire, le d\u00e9veloppement des r\u00e9seaux sociaux,&#8230;<br \/>\nDe nombreux outils issus de ce programme sont utilis\u00e9s au sein des formations, en particulier pour aborder les questions des discriminations et de la la\u00efcit\u00e9.<\/p>\n<p><strong>Ce programme est une opportunit\u00e9 pour s\u2019engager et changer le monde \u00e0 son niveau.<\/strong><\/p>\n<p>Envie d\u2019agir concr\u00e8tement pour lutter contre les discriminations et les violences ? Deviens volontaire D\u00e9mocratie &amp; Courage en intervenant dans les coll\u00e8ges et lyc\u00e9es.<\/p>\n<div class=\"encadre\">\n<h3 class=\"h3home\">En savoir plus<\/h3>\n<hr>\n<p>Visite le site <a href=\"https:\/\/www.democratie-courage.org\" target=\"_blank\" rel=\"noopener noreferrer\">https:\/\/www.democratie-courage.org<\/a>\/ et contacte-nous !<\/p>\n<\/div>\n","protected":false},"excerpt":{"rendered":"<p>La F\u00e9d\u00e9ration L\u00e9o Lagrange porte, depuis sa cr\u00e9ation, un projet de soci\u00e9t\u00e9 fond\u00e9 sur l&rsquo;\u00e9galit\u00e9 et la justice sociale. Elle est ainsi fortement engag\u00e9e dans la lutte contre les pr\u00e9jug\u00e9s et les discriminations. A travers son programme \u00ab D\u00e9mocratie &amp; Courage ! \u00bb, elle a form\u00e9, depuis 2002, des milliers de jeunes volontaires pour intervenir [&hellip;]<\/p>\n","protected":false},"author":1,"featured_media":0,"parent":364,"menu_order":17,"comment_status":"closed","ping_status":"closed","template":"gabarit.php","meta":{"footnotes":""},"class_list":["post-117","page","type-page","status-publish","hentry"],"yoast_head":"<!-- This site is optimized with the Yoast SEO plugin v27.5 - https:\/\/yoast.com\/product\/yoast-seo-wordpress\/ -->\n<title>Lutter contre les discriminations D\u00e9mocratie &amp; Courage !<\/title>\n<meta name=\"description\" content=\"Avec \u00ab D\u00e9mocratie &amp; Courage ! \u00bb, L\u00e9o Lagrange forme des milliers de jeunes volontaires pour intervenir dans les coll\u00e8ges et lyc\u00e9es sur le th\u00e8me des pr\u00e9jug\u00e9s et st\u00e9r\u00e9otypes v\u00e9hicul\u00e9s dans la soci\u00e9t\u00e9 (racisme, sexisme, violence, m\u00e9dias). Pourquoi pas toi?\" \/>\n<meta name=\"robots\" content=\"index, follow, max-snippet:-1, max-image-preview:large, max-video-preview:-1\" \/>\n<link rel=\"canonical\" href=\"https:\/\/www.bafa-bafd.org\/bafa-bafd\/qui-sommes-nous-2\/lutter-contre-les-discriminations\/\" \/>\n<meta property=\"og:locale\" content=\"fr_FR\" \/>\n<meta property=\"og:type\" content=\"article\" \/>\n<meta property=\"og:title\" content=\"Lutter contre les discriminations D\u00e9mocratie &amp; Courage !\" \/>\n<meta property=\"og:description\" content=\"Avec \u00ab D\u00e9mocratie &amp; Courage ! \u00bb, L\u00e9o Lagrange forme des milliers de jeunes volontaires pour intervenir dans les coll\u00e8ges et lyc\u00e9es sur le th\u00e8me des pr\u00e9jug\u00e9s et st\u00e9r\u00e9otypes v\u00e9hicul\u00e9s dans la soci\u00e9t\u00e9 (racisme, sexisme, violence, m\u00e9dias). Pourquoi pas toi?\" \/>\n<meta property=\"og:url\" content=\"https:\/\/www.bafa-bafd.org\/bafa-bafd\/qui-sommes-nous-2\/lutter-contre-les-discriminations\/\" \/>\n<meta property=\"og:site_name\" content=\"BAFA BAFD\" \/>\n<meta property=\"article:publisher\" content=\"https:\/\/www.facebook.com\/leobafanimation\/\" \/>\n<meta property=\"article:modified_time\" content=\"2019-03-27T07:06:37+00:00\" \/>\n<meta name=\"twitter:card\" content=\"summary_large_image\" \/>\n<meta name=\"twitter:label1\" content=\"Dur\u00e9e de lecture estim\u00e9e\" \/>\n\t<meta name=\"twitter:data1\" content=\"1 minute\" \/>\n<script type=\"application\/ld+json\" class=\"yoast-schema-graph\">{\"@context\":\"https:\\\/\\\/schema.org\",\"@graph\":[{\"@type\":\"WebPage\",\"@id\":\"https:\\\/\\\/www.bafa-bafd.org\\\/bafa-bafd\\\/qui-sommes-nous-2\\\/lutter-contre-les-discriminations\\\/\",\"url\":\"https:\\\/\\\/www.bafa-bafd.org\\\/bafa-bafd\\\/qui-sommes-nous-2\\\/lutter-contre-les-discriminations\\\/\",\"name\":\"Lutter contre les discriminations D\u00e9mocratie & Courage !\",\"isPartOf\":{\"@id\":\"https:\\\/\\\/www.bafa-bafd.org\\\/bafa-bafd\\\/#website\"},\"datePublished\":\"2018-12-20T15:15:00+00:00\",\"dateModified\":\"2019-03-27T07:06:37+00:00\",\"description\":\"Avec \u00ab D\u00e9mocratie & Courage ! \u00bb, L\u00e9o Lagrange forme des milliers de jeunes volontaires pour intervenir dans les coll\u00e8ges et lyc\u00e9es sur le th\u00e8me des pr\u00e9jug\u00e9s et st\u00e9r\u00e9otypes v\u00e9hicul\u00e9s dans la soci\u00e9t\u00e9 (racisme, sexisme, violence, m\u00e9dias). Pourquoi pas toi?\",\"breadcrumb\":{\"@id\":\"https:\\\/\\\/www.bafa-bafd.org\\\/bafa-bafd\\\/qui-sommes-nous-2\\\/lutter-contre-les-discriminations\\\/#breadcrumb\"},\"inLanguage\":\"fr-FR\",\"potentialAction\":[{\"@type\":\"ReadAction\",\"target\":[\"https:\\\/\\\/www.bafa-bafd.org\\\/bafa-bafd\\\/qui-sommes-nous-2\\\/lutter-contre-les-discriminations\\\/\"]}]},{\"@type\":\"BreadcrumbList\",\"@id\":\"https:\\\/\\\/www.bafa-bafd.org\\\/bafa-bafd\\\/qui-sommes-nous-2\\\/lutter-contre-les-discriminations\\\/#breadcrumb\",\"itemListElement\":[{\"@type\":\"ListItem\",\"position\":1,\"name\":\"Accueil\",\"item\":\"\\\/\"},{\"@type\":\"ListItem\",\"position\":2,\"name\":\"QUI SOMMES NOUS ?\",\"item\":\"https:\\\/\\\/www.bafa-bafd.org\\\/bafa-bafd\\\/qui-sommes-nous-2\\\/\"},{\"@type\":\"ListItem\",\"position\":3,\"name\":\"Lutter contre les discriminations\"}]},{\"@type\":\"WebSite\",\"@id\":\"https:\\\/\\\/www.bafa-bafd.org\\\/bafa-bafd\\\/#website\",\"url\":\"https:\\\/\\\/www.bafa-bafd.org\\\/bafa-bafd\\\/\",\"name\":\"BAFA BAFD\",\"description\":\"Formations Bafa Bafd Lao Lagrange\",\"publisher\":{\"@id\":\"https:\\\/\\\/www.bafa-bafd.org\\\/bafa-bafd\\\/#organization\"},\"potentialAction\":[{\"@type\":\"SearchAction\",\"target\":{\"@type\":\"EntryPoint\",\"urlTemplate\":\"https:\\\/\\\/www.bafa-bafd.org\\\/bafa-bafd\\\/?s={search_term_string}\"},\"query-input\":{\"@type\":\"PropertyValueSpecification\",\"valueRequired\":true,\"valueName\":\"search_term_string\"}}],\"inLanguage\":\"fr-FR\"},{\"@type\":\"Organization\",\"@id\":\"https:\\\/\\\/www.bafa-bafd.org\\\/bafa-bafd\\\/#organization\",\"name\":\"L\u00e9o Lagrange\",\"url\":\"https:\\\/\\\/www.bafa-bafd.org\\\/bafa-bafd\\\/\",\"logo\":{\"@type\":\"ImageObject\",\"inLanguage\":\"fr-FR\",\"@id\":\"https:\\\/\\\/www.bafa-bafd.org\\\/bafa-bafd\\\/#\\\/schema\\\/logo\\\/image\\\/\",\"url\":\"https:\\\/\\\/www.bafa-bafd.org\\\/bafa-bafd\\\/wp-content\\\/uploads\\\/2023\\\/03\\\/logo-leo-lagrange.png\",\"contentUrl\":\"https:\\\/\\\/www.bafa-bafd.org\\\/bafa-bafd\\\/wp-content\\\/uploads\\\/2023\\\/03\\\/logo-leo-lagrange.png\",\"width\":166,\"height\":133,\"caption\":\"L\u00e9o Lagrange\"},\"image\":{\"@id\":\"https:\\\/\\\/www.bafa-bafd.org\\\/bafa-bafd\\\/#\\\/schema\\\/logo\\\/image\\\/\"},\"sameAs\":[\"https:\\\/\\\/www.facebook.com\\\/leobafanimation\\\/\"]}]}<\/script>\n<!-- \/ Yoast SEO plugin. -->","yoast_head_json":{"title":"Lutter contre les discriminations D\u00e9mocratie & Courage !","description":"Avec \u00ab D\u00e9mocratie & Courage ! \u00bb, L\u00e9o Lagrange forme des milliers de jeunes volontaires pour intervenir dans les coll\u00e8ges et lyc\u00e9es sur le th\u00e8me des pr\u00e9jug\u00e9s et st\u00e9r\u00e9otypes v\u00e9hicul\u00e9s dans la soci\u00e9t\u00e9 (racisme, sexisme, violence, m\u00e9dias). Pourquoi pas toi?","robots":{"index":"index","follow":"follow","max-snippet":"max-snippet:-1","max-image-preview":"max-image-preview:large","max-video-preview":"max-video-preview:-1"},"canonical":"https:\/\/www.bafa-bafd.org\/bafa-bafd\/qui-sommes-nous-2\/lutter-contre-les-discriminations\/","og_locale":"fr_FR","og_type":"article","og_title":"Lutter contre les discriminations D\u00e9mocratie & Courage !","og_description":"Avec \u00ab D\u00e9mocratie & Courage ! \u00bb, L\u00e9o Lagrange forme des milliers de jeunes volontaires pour intervenir dans les coll\u00e8ges et lyc\u00e9es sur le th\u00e8me des pr\u00e9jug\u00e9s et st\u00e9r\u00e9otypes v\u00e9hicul\u00e9s dans la soci\u00e9t\u00e9 (racisme, sexisme, violence, m\u00e9dias). Pourquoi pas toi?","og_url":"https:\/\/www.bafa-bafd.org\/bafa-bafd\/qui-sommes-nous-2\/lutter-contre-les-discriminations\/","og_site_name":"BAFA BAFD","article_publisher":"https:\/\/www.facebook.com\/leobafanimation\/","article_modified_time":"2019-03-27T07:06:37+00:00","twitter_card":"summary_large_image","twitter_misc":{"Dur\u00e9e de lecture estim\u00e9e":"1 minute"},"schema":{"@context":"https:\/\/schema.org","@graph":[{"@type":"WebPage","@id":"https:\/\/www.bafa-bafd.org\/bafa-bafd\/qui-sommes-nous-2\/lutter-contre-les-discriminations\/","url":"https:\/\/www.bafa-bafd.org\/bafa-bafd\/qui-sommes-nous-2\/lutter-contre-les-discriminations\/","name":"Lutter contre les discriminations D\u00e9mocratie & Courage !","isPartOf":{"@id":"https:\/\/www.bafa-bafd.org\/bafa-bafd\/#website"},"datePublished":"2018-12-20T15:15:00+00:00","dateModified":"2019-03-27T07:06:37+00:00","description":"Avec \u00ab D\u00e9mocratie & Courage ! \u00bb, L\u00e9o Lagrange forme des milliers de jeunes volontaires pour intervenir dans les coll\u00e8ges et lyc\u00e9es sur le th\u00e8me des pr\u00e9jug\u00e9s et st\u00e9r\u00e9otypes v\u00e9hicul\u00e9s dans la soci\u00e9t\u00e9 (racisme, sexisme, violence, m\u00e9dias). Pourquoi pas toi?","breadcrumb":{"@id":"https:\/\/www.bafa-bafd.org\/bafa-bafd\/qui-sommes-nous-2\/lutter-contre-les-discriminations\/#breadcrumb"},"inLanguage":"fr-FR","potentialAction":[{"@type":"ReadAction","target":["https:\/\/www.bafa-bafd.org\/bafa-bafd\/qui-sommes-nous-2\/lutter-contre-les-discriminations\/"]}]},{"@type":"BreadcrumbList","@id":"https:\/\/www.bafa-bafd.org\/bafa-bafd\/qui-sommes-nous-2\/lutter-contre-les-discriminations\/#breadcrumb","itemListElement":[{"@type":"ListItem","position":1,"name":"Accueil","item":"\/"},{"@type":"ListItem","position":2,"name":"QUI SOMMES NOUS ?","item":"https:\/\/www.bafa-bafd.org\/bafa-bafd\/qui-sommes-nous-2\/"},{"@type":"ListItem","position":3,"name":"Lutter contre les discriminations"}]},{"@type":"WebSite","@id":"https:\/\/www.bafa-bafd.org\/bafa-bafd\/#website","url":"https:\/\/www.bafa-bafd.org\/bafa-bafd\/","name":"BAFA BAFD","description":"Formations Bafa Bafd Lao Lagrange","publisher":{"@id":"https:\/\/www.bafa-bafd.org\/bafa-bafd\/#organization"},"potentialAction":[{"@type":"SearchAction","target":{"@type":"EntryPoint","urlTemplate":"https:\/\/www.bafa-bafd.org\/bafa-bafd\/?s={search_term_string}"},"query-input":{"@type":"PropertyValueSpecification","valueRequired":true,"valueName":"search_term_string"}}],"inLanguage":"fr-FR"},{"@type":"Organization","@id":"https:\/\/www.bafa-bafd.org\/bafa-bafd\/#organization","name":"L\u00e9o Lagrange","url":"https:\/\/www.bafa-bafd.org\/bafa-bafd\/","logo":{"@type":"ImageObject","inLanguage":"fr-FR","@id":"https:\/\/www.bafa-bafd.org\/bafa-bafd\/#\/schema\/logo\/image\/","url":"https:\/\/www.bafa-bafd.org\/bafa-bafd\/wp-content\/uploads\/2023\/03\/logo-leo-lagrange.png","contentUrl":"https:\/\/www.bafa-bafd.org\/bafa-bafd\/wp-content\/uploads\/2023\/03\/logo-leo-lagrange.png","width":166,"height":133,"caption":"L\u00e9o Lagrange"},"image":{"@id":"https:\/\/www.bafa-bafd.org\/bafa-bafd\/#\/schema\/logo\/image\/"},"sameAs":["https:\/\/www.facebook.com\/leobafanimation\/"]}]}},"_links":{"self":[{"href":"https:\/\/www.bafa-bafd.org\/bafa-bafd\/wp-json\/wp\/v2\/pages\/117","targetHints":{"allow":["GET"]}}],"collection":[{"href":"https:\/\/www.bafa-bafd.org\/bafa-bafd\/wp-json\/wp\/v2\/pages"}],"about":[{"href":"https:\/\/www.bafa-bafd.org\/bafa-bafd\/wp-json\/wp\/v2\/types\/page"}],"author":[{"embeddable":true,"href":"https:\/\/www.bafa-bafd.org\/bafa-bafd\/wp-json\/wp\/v2\/users\/1"}],"replies":[{"embeddable":true,"href":"https:\/\/www.bafa-bafd.org\/bafa-bafd\/wp-json\/wp\/v2\/comments?post=117"}],"version-history":[{"count":5,"href":"https:\/\/www.bafa-bafd.org\/bafa-bafd\/wp-json\/wp\/v2\/pages\/117\/revisions"}],"predecessor-version":[{"id":375,"href":"https:\/\/www.bafa-bafd.org\/bafa-bafd\/wp-json\/wp\/v2\/pages\/117\/revisions\/375"}],"up":[{"embeddable":true,"href":"https:\/\/www.bafa-bafd.org\/bafa-bafd\/wp-json\/wp\/v2\/pages\/364"}],"wp:attachment":[{"href":"https:\/\/www.bafa-bafd.org\/bafa-bafd\/wp-json\/wp\/v2\/media?parent=117"}],"curies":[{"name":"wp","href":"https:\/\/api.w.org\/{rel}","templated":true}]}}