{"id":107,"date":"2018-12-20T16:05:22","date_gmt":"2018-12-20T15:05:22","guid":{"rendered":"https:\/\/www.devz2.com\/bafa-bafd\/?page_id=107"},"modified":"2019-03-27T08:05:26","modified_gmt":"2019-03-27T07:05:26","slug":"devenir-formateur-volontaire","status":"publish","type":"page","link":"https:\/\/www.bafa-bafd.org\/bafa-bafd\/qui-sommes-nous-2\/devenir-formateur-volontaire\/","title":{"rendered":"Devenir formateur volontaire"},"content":{"rendered":"<blockquote><p>Tu as acquis une exp\u00e9rience diversifi\u00e9e et significative dans l\u2019animation et\/ou la direction d\u2019ACM ?<br \/>\nTu as l\u2019envie de partager ton exp\u00e9rience avec les futurs animateurs ? Apr\u00e8s avoir b\u00e9n\u00e9fici\u00e9 de ta formation et l\u2019avoir \u00e9prouv\u00e9e sur le terrain, toi-aussi partage tes comp\u00e9tences et fais d\u00e9couvrir l\u2019animation aux jeunes qui passent leur BAFA ou BAFD !<\/p><\/blockquote>\n<h2>DEVIENS FORMATEUR VOLONTAIRE !<\/h2>\n<p><strong>Et rejoins le r\u00e9seau de 500 formateur.trice.s du r\u00e9seau national L\u00e9o Lagrange! <\/strong><\/p>\n<p>Professionnels ou occasionnels de l\u2019animation, travaillant parfois dans les secteurs de l\u2019\u00e9ducatif (\u00e9ducateurs, professeurs\u2026) ou dans un tout autre domaine, ils ont en commun leur engagement et leur volontariat.<\/p>\n<h3>Pour les rejoindre, rien de plus simple :<strong><br \/>\n<\/strong><\/h3>\n<ol>\n<li>Contacte le service BAFA-BAFD L\u00e9o Lagrange de ton territoire =&gt; <a href=\"https:\/\/www.devz2.com\/bafa-bafd\/contacts\/\">Contacts<\/a><\/li>\n<li>Suis la formation initiale de formateur !<\/li>\n<\/ol>\n<p>Les \u00ab nouveaux formateurs \u00bb du r\u00e9seau de la F\u00e9d\u00e9ration sont accueillis au niveau r\u00e9gional et interr\u00e9gional sur la base d\u2019une journ\u00e9e ou d\u2019un week-end durant lesquels ils rencontrent et \u00e9changent avec d\u2019\u00abanciens\u00bb formateurs.<\/p>\n<p>Ce temps privil\u00e9gi\u00e9 aux \u00ab nouveaux formateurs \u00bb, souvent coopt\u00e9s, est indispensable.<\/p>\n<p>Lors de cette formation, le nouveau formateur est invit\u00e9 \u00e0 poser toutes les questions dont les r\u00e9ponses lui permettront d\u2019\u00eatre le plus \u00e0 l\u2019aise possible dans son int\u00e9gration au r\u00e9seau et dans sa fonction de formateur.<\/p>\n<h3>Les objectifs de cette formation sont :<\/h3>\n<ul>\n<li>Ma\u00eetriser le cadre de l\u2019animation volontaire en insistant sur la notion d\u2019engagement et de citoyennet\u00e9,<\/li>\n<li>Acqu\u00e9rir une bonne connaissance de la F\u00e9d\u00e9ration L\u00e9o Lagrange et de son projet \u00e9ducatif<\/li>\n<li>Apporter du sens \u00e0 son acte de formation,<\/li>\n<li>Transmettre les bases de l\u2019animation dans les diff\u00e9rents champs de l\u2019\u00e9ducation populaire.<\/li>\n<\/ul>\n<h3>Les rendez-vous du r\u00e9seau de formateurs BAFA-BAFD L\u00e9o Lagrange<\/h3>\n<p>Associ\u00e9s aux rencontres des nouveaux formateurs, les formateurs et directeurs de session b\u00e9n\u00e9ficient de <strong>journ\u00e9es de formation nationale<\/strong>, d\u2019information et de mobilisation autour des nouveaux outils mis en place par le r\u00e9seau L\u00e9o Lagrange.<\/p>\n<p>La <strong>formation continue<\/strong> des formateurs se tient aussi au niveau r\u00e9gional selon les th\u00e8mes souhait\u00e9s et rep\u00e9r\u00e9s par les \u00e9quipes du territoire : le compte-rendu de stagiaires, les objectifs de la session approfondissement et l\u2019engagement du stagiaire dans son cursus, l\u2019accompagnement des projets des jeunes&#8230;<\/p>\n<p>Dans les r\u00e9gions, la formation continue consiste \u00e9galement en un <strong>bilan collectif des sessions<\/strong> de formation r\u00e9alis\u00e9es durant les p\u00e9riodes de vacances scolaires. Cela permet d\u2019\u00e9changer, de mutualiser et d\u2019harmoniser les interventions sur les stages.<\/p>\n<p>Moments riches en \u00e9changes, les formateurs sont parfois r\u00e9unis avec les autres dynamiques du r\u00e9seau de volontaires comme celui du programme \u00ab D\u00e9mocratie &amp; Courage! \u00bb anim\u00e9 par notre mouvement.<\/p>\n<hr>\n<h2>Comment \u00e7a marche ?<\/h2>\n<p>Les responsables r\u00e9gionaux ont pour mission d\u2019animer et accompagner le r\u00e9seau des formateurs. Ces derniers se rendent r\u00e9guli\u00e8rement au si\u00e8ge r\u00e9gional L\u00e9o dont ils d\u00e9pendent pour \u00e9changer directement avec les services administratifs ou le responsable r\u00e9gional. Le si\u00e8ge r\u00e9gional est un lieu ressource favorisant l\u2019accueil des \u00e9quipes de formation.<\/p>\n<p>A tout moment, les formateurs peuvent interpeller par mail les diff\u00e9rents responsables r\u00e9gionaux du secteur BAFA-BAFD avant, pendant et \u00e0 l\u2019issue d\u2019une session encadr\u00e9e.<\/p>\n<p>Un bilan est r\u00e9alis\u00e9 par les formateur apr\u00e8s chaque session encadr\u00e9e dans lequel il s\u2019exprime sur la dynamique de stage, la p\u00e9dagogie men\u00e9e et les conditions de r\u00e9alisation de la formation.<\/p>\n<p>Le livret d\u2019accueil et d\u2019\u00e9valuation \u00ab Formateur \u00bb est \u00e9galement mis en place, il permet \u00e0 chacun d\u2019\u00e9valuer ses pratiques et ainsi \u00e9voluer au mieux dans son parcours.<\/p>\n<hr>\n<h2>La qualification du r\u00e9seau<\/h2>\n<p>Pour valoriser notre r\u00e9seau, dans les r\u00e9gions, des accompagnements \u00e0 la formation BAFD sont pr\u00e9vus pour que les formateurs BAFA puissent acc\u00e9der, apr\u00e8s concertation avec le responsable r\u00e9gional, \u00e0 la formation BAFD &#8211; prise partiellement en charge par la F\u00e9d\u00e9ration L\u00e9o Lagrange.<\/p>\n","protected":false},"excerpt":{"rendered":"<p>Tu as acquis une exp\u00e9rience diversifi\u00e9e et significative dans l\u2019animation et\/ou la direction d\u2019ACM ? Tu as l\u2019envie de partager ton exp\u00e9rience avec les futurs animateurs ? Apr\u00e8s avoir b\u00e9n\u00e9fici\u00e9 de ta formation et l\u2019avoir \u00e9prouv\u00e9e sur le terrain, toi-aussi partage tes comp\u00e9tences et fais d\u00e9couvrir l\u2019animation aux jeunes qui passent leur BAFA ou BAFD [&hellip;]<\/p>\n","protected":false},"author":1,"featured_media":0,"parent":364,"menu_order":15,"comment_status":"closed","ping_status":"closed","template":"gabarit.php","meta":{"footnotes":""},"class_list":["post-107","page","type-page","status-publish","hentry"],"yoast_head":"<!-- This site is optimized with the Yoast SEO plugin v27.5 - https:\/\/yoast.com\/product\/yoast-seo-wordpress\/ -->\n<title>Devenir formateur volontaire BAFA BAFD<\/title>\n<meta name=\"description\" content=\"Tu es un animateur BAFA BAFD aguerri? Partage tes comp\u00e9tences et fais d\u00e9couvrir l\u2019animation aux jeunes qui passent leur BAFA ou BAFD en devenant formateur!\" \/>\n<meta name=\"robots\" content=\"index, follow, max-snippet:-1, max-image-preview:large, max-video-preview:-1\" \/>\n<link rel=\"canonical\" href=\"https:\/\/www.bafa-bafd.org\/bafa-bafd\/qui-sommes-nous-2\/devenir-formateur-volontaire\/\" \/>\n<meta property=\"og:locale\" content=\"fr_FR\" \/>\n<meta property=\"og:type\" content=\"article\" \/>\n<meta property=\"og:title\" content=\"Devenir formateur volontaire BAFA BAFD\" \/>\n<meta property=\"og:description\" content=\"Tu es un animateur BAFA BAFD aguerri? Partage tes comp\u00e9tences et fais d\u00e9couvrir l\u2019animation aux jeunes qui passent leur BAFA ou BAFD en devenant formateur!\" \/>\n<meta property=\"og:url\" content=\"https:\/\/www.bafa-bafd.org\/bafa-bafd\/qui-sommes-nous-2\/devenir-formateur-volontaire\/\" \/>\n<meta property=\"og:site_name\" content=\"BAFA BAFD\" \/>\n<meta property=\"article:publisher\" content=\"https:\/\/www.facebook.com\/leobafanimation\/\" \/>\n<meta property=\"article:modified_time\" content=\"2019-03-27T07:05:26+00:00\" \/>\n<meta name=\"twitter:card\" content=\"summary_large_image\" \/>\n<meta name=\"twitter:label1\" content=\"Dur\u00e9e de lecture estim\u00e9e\" \/>\n\t<meta name=\"twitter:data1\" content=\"3 minutes\" \/>\n<script type=\"application\/ld+json\" class=\"yoast-schema-graph\">{\"@context\":\"https:\\\/\\\/schema.org\",\"@graph\":[{\"@type\":\"WebPage\",\"@id\":\"https:\\\/\\\/www.bafa-bafd.org\\\/bafa-bafd\\\/qui-sommes-nous-2\\\/devenir-formateur-volontaire\\\/\",\"url\":\"https:\\\/\\\/www.bafa-bafd.org\\\/bafa-bafd\\\/qui-sommes-nous-2\\\/devenir-formateur-volontaire\\\/\",\"name\":\"Devenir formateur volontaire BAFA BAFD\",\"isPartOf\":{\"@id\":\"https:\\\/\\\/www.bafa-bafd.org\\\/bafa-bafd\\\/#website\"},\"datePublished\":\"2018-12-20T15:05:22+00:00\",\"dateModified\":\"2019-03-27T07:05:26+00:00\",\"description\":\"Tu es un animateur BAFA BAFD aguerri? Partage tes comp\u00e9tences et fais d\u00e9couvrir l\u2019animation aux jeunes qui passent leur BAFA ou BAFD en devenant formateur!\",\"breadcrumb\":{\"@id\":\"https:\\\/\\\/www.bafa-bafd.org\\\/bafa-bafd\\\/qui-sommes-nous-2\\\/devenir-formateur-volontaire\\\/#breadcrumb\"},\"inLanguage\":\"fr-FR\",\"potentialAction\":[{\"@type\":\"ReadAction\",\"target\":[\"https:\\\/\\\/www.bafa-bafd.org\\\/bafa-bafd\\\/qui-sommes-nous-2\\\/devenir-formateur-volontaire\\\/\"]}]},{\"@type\":\"BreadcrumbList\",\"@id\":\"https:\\\/\\\/www.bafa-bafd.org\\\/bafa-bafd\\\/qui-sommes-nous-2\\\/devenir-formateur-volontaire\\\/#breadcrumb\",\"itemListElement\":[{\"@type\":\"ListItem\",\"position\":1,\"name\":\"Accueil\",\"item\":\"\\\/\"},{\"@type\":\"ListItem\",\"position\":2,\"name\":\"QUI SOMMES NOUS ?\",\"item\":\"https:\\\/\\\/www.bafa-bafd.org\\\/bafa-bafd\\\/qui-sommes-nous-2\\\/\"},{\"@type\":\"ListItem\",\"position\":3,\"name\":\"Devenir formateur volontaire\"}]},{\"@type\":\"WebSite\",\"@id\":\"https:\\\/\\\/www.bafa-bafd.org\\\/bafa-bafd\\\/#website\",\"url\":\"https:\\\/\\\/www.bafa-bafd.org\\\/bafa-bafd\\\/\",\"name\":\"BAFA BAFD\",\"description\":\"Formations Bafa Bafd Lao Lagrange\",\"publisher\":{\"@id\":\"https:\\\/\\\/www.bafa-bafd.org\\\/bafa-bafd\\\/#organization\"},\"potentialAction\":[{\"@type\":\"SearchAction\",\"target\":{\"@type\":\"EntryPoint\",\"urlTemplate\":\"https:\\\/\\\/www.bafa-bafd.org\\\/bafa-bafd\\\/?s={search_term_string}\"},\"query-input\":{\"@type\":\"PropertyValueSpecification\",\"valueRequired\":true,\"valueName\":\"search_term_string\"}}],\"inLanguage\":\"fr-FR\"},{\"@type\":\"Organization\",\"@id\":\"https:\\\/\\\/www.bafa-bafd.org\\\/bafa-bafd\\\/#organization\",\"name\":\"L\u00e9o Lagrange\",\"url\":\"https:\\\/\\\/www.bafa-bafd.org\\\/bafa-bafd\\\/\",\"logo\":{\"@type\":\"ImageObject\",\"inLanguage\":\"fr-FR\",\"@id\":\"https:\\\/\\\/www.bafa-bafd.org\\\/bafa-bafd\\\/#\\\/schema\\\/logo\\\/image\\\/\",\"url\":\"https:\\\/\\\/www.bafa-bafd.org\\\/bafa-bafd\\\/wp-content\\\/uploads\\\/2023\\\/03\\\/logo-leo-lagrange.png\",\"contentUrl\":\"https:\\\/\\\/www.bafa-bafd.org\\\/bafa-bafd\\\/wp-content\\\/uploads\\\/2023\\\/03\\\/logo-leo-lagrange.png\",\"width\":166,\"height\":133,\"caption\":\"L\u00e9o Lagrange\"},\"image\":{\"@id\":\"https:\\\/\\\/www.bafa-bafd.org\\\/bafa-bafd\\\/#\\\/schema\\\/logo\\\/image\\\/\"},\"sameAs\":[\"https:\\\/\\\/www.facebook.com\\\/leobafanimation\\\/\"]}]}<\/script>\n<!-- \/ Yoast SEO plugin. -->","yoast_head_json":{"title":"Devenir formateur volontaire BAFA BAFD","description":"Tu es un animateur BAFA BAFD aguerri? Partage tes comp\u00e9tences et fais d\u00e9couvrir l\u2019animation aux jeunes qui passent leur BAFA ou BAFD en devenant formateur!","robots":{"index":"index","follow":"follow","max-snippet":"max-snippet:-1","max-image-preview":"max-image-preview:large","max-video-preview":"max-video-preview:-1"},"canonical":"https:\/\/www.bafa-bafd.org\/bafa-bafd\/qui-sommes-nous-2\/devenir-formateur-volontaire\/","og_locale":"fr_FR","og_type":"article","og_title":"Devenir formateur volontaire BAFA BAFD","og_description":"Tu es un animateur BAFA BAFD aguerri? Partage tes comp\u00e9tences et fais d\u00e9couvrir l\u2019animation aux jeunes qui passent leur BAFA ou BAFD en devenant formateur!","og_url":"https:\/\/www.bafa-bafd.org\/bafa-bafd\/qui-sommes-nous-2\/devenir-formateur-volontaire\/","og_site_name":"BAFA BAFD","article_publisher":"https:\/\/www.facebook.com\/leobafanimation\/","article_modified_time":"2019-03-27T07:05:26+00:00","twitter_card":"summary_large_image","twitter_misc":{"Dur\u00e9e de lecture estim\u00e9e":"3 minutes"},"schema":{"@context":"https:\/\/schema.org","@graph":[{"@type":"WebPage","@id":"https:\/\/www.bafa-bafd.org\/bafa-bafd\/qui-sommes-nous-2\/devenir-formateur-volontaire\/","url":"https:\/\/www.bafa-bafd.org\/bafa-bafd\/qui-sommes-nous-2\/devenir-formateur-volontaire\/","name":"Devenir formateur volontaire BAFA BAFD","isPartOf":{"@id":"https:\/\/www.bafa-bafd.org\/bafa-bafd\/#website"},"datePublished":"2018-12-20T15:05:22+00:00","dateModified":"2019-03-27T07:05:26+00:00","description":"Tu es un animateur BAFA BAFD aguerri? Partage tes comp\u00e9tences et fais d\u00e9couvrir l\u2019animation aux jeunes qui passent leur BAFA ou BAFD en devenant formateur!","breadcrumb":{"@id":"https:\/\/www.bafa-bafd.org\/bafa-bafd\/qui-sommes-nous-2\/devenir-formateur-volontaire\/#breadcrumb"},"inLanguage":"fr-FR","potentialAction":[{"@type":"ReadAction","target":["https:\/\/www.bafa-bafd.org\/bafa-bafd\/qui-sommes-nous-2\/devenir-formateur-volontaire\/"]}]},{"@type":"BreadcrumbList","@id":"https:\/\/www.bafa-bafd.org\/bafa-bafd\/qui-sommes-nous-2\/devenir-formateur-volontaire\/#breadcrumb","itemListElement":[{"@type":"ListItem","position":1,"name":"Accueil","item":"\/"},{"@type":"ListItem","position":2,"name":"QUI SOMMES NOUS ?","item":"https:\/\/www.bafa-bafd.org\/bafa-bafd\/qui-sommes-nous-2\/"},{"@type":"ListItem","position":3,"name":"Devenir formateur volontaire"}]},{"@type":"WebSite","@id":"https:\/\/www.bafa-bafd.org\/bafa-bafd\/#website","url":"https:\/\/www.bafa-bafd.org\/bafa-bafd\/","name":"BAFA BAFD","description":"Formations Bafa Bafd Lao Lagrange","publisher":{"@id":"https:\/\/www.bafa-bafd.org\/bafa-bafd\/#organization"},"potentialAction":[{"@type":"SearchAction","target":{"@type":"EntryPoint","urlTemplate":"https:\/\/www.bafa-bafd.org\/bafa-bafd\/?s={search_term_string}"},"query-input":{"@type":"PropertyValueSpecification","valueRequired":true,"valueName":"search_term_string"}}],"inLanguage":"fr-FR"},{"@type":"Organization","@id":"https:\/\/www.bafa-bafd.org\/bafa-bafd\/#organization","name":"L\u00e9o Lagrange","url":"https:\/\/www.bafa-bafd.org\/bafa-bafd\/","logo":{"@type":"ImageObject","inLanguage":"fr-FR","@id":"https:\/\/www.bafa-bafd.org\/bafa-bafd\/#\/schema\/logo\/image\/","url":"https:\/\/www.bafa-bafd.org\/bafa-bafd\/wp-content\/uploads\/2023\/03\/logo-leo-lagrange.png","contentUrl":"https:\/\/www.bafa-bafd.org\/bafa-bafd\/wp-content\/uploads\/2023\/03\/logo-leo-lagrange.png","width":166,"height":133,"caption":"L\u00e9o Lagrange"},"image":{"@id":"https:\/\/www.bafa-bafd.org\/bafa-bafd\/#\/schema\/logo\/image\/"},"sameAs":["https:\/\/www.facebook.com\/leobafanimation\/"]}]}},"_links":{"self":[{"href":"https:\/\/www.bafa-bafd.org\/bafa-bafd\/wp-json\/wp\/v2\/pages\/107","targetHints":{"allow":["GET"]}}],"collection":[{"href":"https:\/\/www.bafa-bafd.org\/bafa-bafd\/wp-json\/wp\/v2\/pages"}],"about":[{"href":"https:\/\/www.bafa-bafd.org\/bafa-bafd\/wp-json\/wp\/v2\/types\/page"}],"author":[{"embeddable":true,"href":"https:\/\/www.bafa-bafd.org\/bafa-bafd\/wp-json\/wp\/v2\/users\/1"}],"replies":[{"embeddable":true,"href":"https:\/\/www.bafa-bafd.org\/bafa-bafd\/wp-json\/wp\/v2\/comments?post=107"}],"version-history":[{"count":9,"href":"https:\/\/www.bafa-bafd.org\/bafa-bafd\/wp-json\/wp\/v2\/pages\/107\/revisions"}],"predecessor-version":[{"id":373,"href":"https:\/\/www.bafa-bafd.org\/bafa-bafd\/wp-json\/wp\/v2\/pages\/107\/revisions\/373"}],"up":[{"embeddable":true,"href":"https:\/\/www.bafa-bafd.org\/bafa-bafd\/wp-json\/wp\/v2\/pages\/364"}],"wp:attachment":[{"href":"https:\/\/www.bafa-bafd.org\/bafa-bafd\/wp-json\/wp\/v2\/media?parent=107"}],"curies":[{"name":"wp","href":"https:\/\/api.w.org\/{rel}","templated":true}]}}